{"id":13400,"date":"2025-07-16T10:34:44","date_gmt":"2025-07-16T08:34:44","guid":{"rendered":"https:\/\/artesi.it\/nachhaltigkeit\/"},"modified":"2025-12-01T10:29:51","modified_gmt":"2025-12-01T09:29:51","slug":"nachhaltigkeit","status":"publish","type":"page","link":"https:\/\/artesi.it\/de\/nachhaltigkeit\/","title":{"rendered":"Nachhaltigkeit"},"content":{"rendered":"\t\t<div data-elementor-type=\"wp-page\" data-elementor-id=\"13400\" class=\"elementor elementor-13400 elementor-10201\" data-elementor-post-type=\"page\">\n\t\t\t\t<div class=\"elementor-element elementor-element-547e082 e-flex e-con-boxed e-con e-parent\" data-id=\"547e082\" data-element_type=\"container\" data-e-type=\"container\">\n\t\t\t\t\t<div class=\"e-con-inner\">\n\t\t<div class=\"elementor-element elementor-element-e1a6560 e-con-full e-flex e-con e-child\" data-id=\"e1a6560\" data-element_type=\"container\" data-e-type=\"container\">\n\t\t\t\t<div class=\"elementor-element elementor-element-be25bbf elementor-widget__width-initial elementor-widget-divider--view-line elementor-widget elementor-widget-divider\" data-id=\"be25bbf\" data-element_type=\"widget\" data-e-type=\"widget\" data-widget_type=\"divider.default\">\n\t\t\t\t\t\t\t<div class=\"elementor-divider\">\n\t\t\t<span class=\"elementor-divider-separator\">\n\t\t\t\t\t\t<\/span>\n\t\t<\/div>\n\t\t\t\t\t\t<\/div>\n\t\t\t\t<div class=\"elementor-element elementor-element-e0b2369 elementor-widget__width-initial elementor-widget elementor-widget-heading\" data-id=\"e0b2369\" data-element_type=\"widget\" data-e-type=\"widget\" data-widget_type=\"heading.default\">\n\t\t\t\t\t<h1 class=\"elementor-heading-title elementor-size-default\">Nachhaltigkeit als Designwert<\/h1>\t\t\t\t<\/div>\n\t\t\t\t<\/div>\n\t\t\t\t\t<\/div>\n\t\t\t\t<\/div>\n\t\t<div class=\"elementor-element elementor-element-c03def8 e-flex e-con-boxed e-con e-parent\" data-id=\"c03def8\" data-element_type=\"container\" data-e-type=\"container\">\n\t\t\t\t\t<div class=\"e-con-inner\">\n\t\t<div class=\"elementor-element elementor-element-5b624a8 e-con-full e-flex e-con e-child\" data-id=\"5b624a8\" data-element_type=\"container\" data-e-type=\"container\">\n\t\t\t\t<div class=\"elementor-element elementor-element-21f5348 elementor-widget__width-initial elementor-widget elementor-widget-text-editor\" data-id=\"21f5348\" data-element_type=\"widget\" data-e-type=\"widget\" data-widget_type=\"text-editor.default\">\n\t\t\t\t\t\t\t\t\t<p>Die Artesi-Gruppe hat sich f\u00fcr eine bewusste Produktion entschieden: 100 % recyceltes Holz, zertifizierte Materialien und optimierte industrielle Prozesse zur Reduzierung der Umweltbelastung.<br \/>Wir investieren in dauerhafte, effiziente und umweltfreundliche L\u00f6sungen, denn Design kann und muss \u2013 wie jede allt\u00e4gliche Handlung \u2013 auch f\u00fcr die Zukunft einen Mehrwert schaffen. Nachhaltigkeit ist f\u00fcr uns kein Trend, sondern ein Grundprinzip, um unseren Planeten zu respektieren.<\/p>\n\t\t\t\t\t\t\t\t<\/div>\n\t\t\t\t<\/div>\n\t\t\t\t\t<\/div>\n\t\t\t\t<\/div>\n\t\t<div class=\"elementor-element elementor-element-c5d36e0 e-flex e-con-boxed e-con e-parent\" data-id=\"c5d36e0\" data-element_type=\"container\" data-e-type=\"container\" data-settings=\"{&quot;background_background&quot;:&quot;slideshow&quot;,&quot;background_slideshow_gallery&quot;:[{&quot;id&quot;:10236,&quot;url&quot;:&quot;https:\\\/\\\/artesi.it\\\/wp-content\\\/uploads\\\/2025\\\/07\\\/patrick-reichboth-mO126TkIGG8-unsplash.jpg&quot;}],&quot;background_slideshow_ken_burns&quot;:&quot;yes&quot;,&quot;background_slideshow_loop&quot;:&quot;yes&quot;,&quot;background_slideshow_slide_duration&quot;:5000,&quot;background_slideshow_slide_transition&quot;:&quot;fade&quot;,&quot;background_slideshow_transition_duration&quot;:500,&quot;background_slideshow_ken_burns_zoom_direction&quot;:&quot;in&quot;}\">\n\t\t\t\t\t<div class=\"e-con-inner\">\n\t\t<div class=\"elementor-element elementor-element-cd4ac4a e-con-full e-flex e-con e-child\" data-id=\"cd4ac4a\" data-element_type=\"container\" data-e-type=\"container\">\n\t\t<div class=\"elementor-element elementor-element-eee5fbc e-con-full e-flex e-con e-child\" data-id=\"eee5fbc\" data-element_type=\"container\" data-e-type=\"container\">\n\t\t\t\t<div class=\"elementor-element elementor-element-8e7a8d5 elementor-widget__width-initial elementor-widget-divider--view-line elementor-widget elementor-widget-divider\" data-id=\"8e7a8d5\" data-element_type=\"widget\" data-e-type=\"widget\" data-widget_type=\"divider.default\">\n\t\t\t\t\t\t\t<div class=\"elementor-divider\">\n\t\t\t<span class=\"elementor-divider-separator\">\n\t\t\t\t\t\t<\/span>\n\t\t<\/div>\n\t\t\t\t\t\t<\/div>\n\t\t\t\t<div class=\"elementor-element elementor-element-c2dadf4 elementor-widget__width-initial elementor-widget elementor-widget-heading\" data-id=\"c2dadf4\" data-element_type=\"widget\" data-e-type=\"widget\" data-widget_type=\"heading.default\">\n\t\t\t\t\t<h2 class=\"elementor-heading-title elementor-size-default\">Installation von Photovoltaikanlagen mit Speichersystem<\/h2>\t\t\t\t<\/div>\n\t\t\t\t<\/div>\n\t\t\t\t<\/div>\n\t\t<div class=\"elementor-element elementor-element-47340a1 e-con-full e-flex e-con e-child\" data-id=\"47340a1\" data-element_type=\"container\" data-e-type=\"container\">\n\t\t\t\t<div class=\"elementor-element elementor-element-b11cdc6 elementor-widget__width-initial elementor-widget elementor-widget-text-editor\" data-id=\"b11cdc6\" data-element_type=\"widget\" data-e-type=\"widget\" data-widget_type=\"text-editor.default\">\n\t\t\t\t\t\t\t\t\t<p>Die Lieferung und die Installation einer fabrikneuen Anlage, einschlie\u00dflich der notwendigen Installations- und Sicherheitsarbeiten sowie der eng verbundenen erg\u00e4nzenden Dienstleistungen zur Umsetzung der Investition in die Erzeugung von Elektrizit\u00e4t f\u00fcr den Eigenverbrauch mit einer Leistung von 416,24 kW.<\/p>\n\t\t\t\t\t\t\t\t<\/div>\n\t\t\t\t<div class=\"elementor-element elementor-element-924512c elementor-tablet-align-left elementor-mobile-align-justify elementor-widget-tablet__width-initial elementor-widget-mobile__width-inherit elementor-align-left elementor-widget elementor-widget-button\" data-id=\"924512c\" data-element_type=\"widget\" data-e-type=\"widget\" data-widget_type=\"button.default\">\n\t\t\t\t\t\t\t\t\t\t<a class=\"elementor-button elementor-button-link elementor-size-lg\" href=\"https:\/\/artesi.it\/installazione-impianto-fotovoltaico-con-sistema-di-accumulo\/\">\n\t\t\t\t\t\t<span class=\"elementor-button-content-wrapper\">\n\t\t\t\t\t\t\t\t\t<span class=\"elementor-button-text\">Erfahren Sie mehr<\/span>\n\t\t\t\t\t<\/span>\n\t\t\t\t\t<\/a>\n\t\t\t\t\t\t\t\t<\/div>\n\t\t\t\t<\/div>\n\t\t\t\t\t<\/div>\n\t\t\t\t<\/div>\n\t\t\t\t<\/div>\n\t\t","protected":false},"excerpt":{"rendered":"<p>Nachhaltigkeit als Designwert Die Artesi-Gruppe hat sich f\u00fcr eine bewusste Produktion entschieden: 100 % recyceltes Holz, zertifizierte Materialien und optimierte industrielle Prozesse zur Reduzierung der Umweltbelastung.Wir investieren in dauerhafte, effiziente und umweltfreundliche L\u00f6sungen, denn Design kann und muss \u2013 wie jede allt\u00e4gliche Handlung \u2013 auch f\u00fcr die Zukunft einen Mehrwert schaffen. Nachhaltigkeit ist f\u00fcr uns [&hellip;]<\/p>\n","protected":false},"author":1,"featured_media":0,"parent":0,"menu_order":0,"comment_status":"closed","ping_status":"closed","template":"elementor_header_footer","meta":{"footnotes":""},"class_list":["post-13400","page","type-page","status-publish","hentry"],"yoast_head":"<!-- This site is optimized with the Yoast SEO plugin v27.5 - https:\/\/yoast.com\/product\/yoast-seo-wordpress\/ -->\n<title>Nachhaltigkeit als Designwert<\/title>\n<meta name=\"description\" content=\"Die Artesi-Gruppe hat sich f\u00fcr eine bewusste Produktion entschieden\" \/>\n<meta name=\"robots\" content=\"index, follow, max-snippet:-1, max-image-preview:large, max-video-preview:-1\" \/>\n<link rel=\"canonical\" href=\"https:\/\/artesi.it\/de\/nachhaltigkeit\/\" \/>\n<meta property=\"og:locale\" content=\"de_DE\" \/>\n<meta property=\"og:type\" content=\"article\" \/>\n<meta property=\"og:title\" content=\"Nachhaltigkeit als Designwert\" \/>\n<meta property=\"og:description\" content=\"Die Artesi-Gruppe hat sich f\u00fcr eine bewusste Produktion entschieden\" \/>\n<meta property=\"og:url\" content=\"https:\/\/artesi.it\/de\/nachhaltigkeit\/\" \/>\n<meta property=\"og:site_name\" content=\"Artesi\" \/>\n<meta property=\"article:modified_time\" content=\"2025-12-01T09:29:51+00:00\" \/>\n<meta name=\"twitter:card\" content=\"summary_large_image\" \/>\n<meta name=\"twitter:label1\" content=\"Gesch\u00e4tzte Lesezeit\" \/>\n\t<meta name=\"twitter:data1\" content=\"1\u00a0Minute\" \/>\n<script type=\"application\/ld+json\" class=\"yoast-schema-graph\">{\"@context\":\"https:\\\/\\\/schema.org\",\"@graph\":[{\"@type\":\"WebPage\",\"@id\":\"https:\\\/\\\/artesi.it\\\/de\\\/nachhaltigkeit\\\/\",\"url\":\"https:\\\/\\\/artesi.it\\\/de\\\/nachhaltigkeit\\\/\",\"name\":\"Nachhaltigkeit als Designwert\",\"isPartOf\":{\"@id\":\"https:\\\/\\\/artesi.it\\\/de\\\/#website\"},\"datePublished\":\"2025-07-16T08:34:44+00:00\",\"dateModified\":\"2025-12-01T09:29:51+00:00\",\"description\":\"Die Artesi-Gruppe hat sich f\u00fcr eine bewusste Produktion entschieden\",\"breadcrumb\":{\"@id\":\"https:\\\/\\\/artesi.it\\\/de\\\/nachhaltigkeit\\\/#breadcrumb\"},\"inLanguage\":\"de\",\"potentialAction\":[{\"@type\":\"ReadAction\",\"target\":[\"https:\\\/\\\/artesi.it\\\/de\\\/nachhaltigkeit\\\/\"]}]},{\"@type\":\"BreadcrumbList\",\"@id\":\"https:\\\/\\\/artesi.it\\\/de\\\/nachhaltigkeit\\\/#breadcrumb\",\"itemListElement\":[{\"@type\":\"ListItem\",\"position\":1,\"name\":\"Home\",\"item\":\"https:\\\/\\\/artesi.it\\\/de\\\/\"},{\"@type\":\"ListItem\",\"position\":2,\"name\":\"Nachhaltigkeit\"}]},{\"@type\":\"WebSite\",\"@id\":\"https:\\\/\\\/artesi.it\\\/de\\\/#website\",\"url\":\"https:\\\/\\\/artesi.it\\\/de\\\/\",\"name\":\"Artesi\",\"description\":\"\",\"publisher\":{\"@id\":\"https:\\\/\\\/artesi.it\\\/de\\\/#organization\"},\"potentialAction\":[{\"@type\":\"SearchAction\",\"target\":{\"@type\":\"EntryPoint\",\"urlTemplate\":\"https:\\\/\\\/artesi.it\\\/de\\\/?s={search_term_string}\"},\"query-input\":{\"@type\":\"PropertyValueSpecification\",\"valueRequired\":true,\"valueName\":\"search_term_string\"}}],\"inLanguage\":\"de\"},{\"@type\":\"Organization\",\"@id\":\"https:\\\/\\\/artesi.it\\\/de\\\/#organization\",\"name\":\"Artesi\",\"url\":\"https:\\\/\\\/artesi.it\\\/de\\\/\",\"logo\":{\"@type\":\"ImageObject\",\"inLanguage\":\"de\",\"@id\":\"https:\\\/\\\/artesi.it\\\/de\\\/#\\\/schema\\\/logo\\\/image\\\/\",\"url\":\"https:\\\/\\\/artesi.it\\\/wp-content\\\/uploads\\\/2025\\\/04\\\/LOGHI_ridimensionati-Artesigroup.png\",\"contentUrl\":\"https:\\\/\\\/artesi.it\\\/wp-content\\\/uploads\\\/2025\\\/04\\\/LOGHI_ridimensionati-Artesigroup.png\",\"width\":1200,\"height\":138,\"caption\":\"Artesi\"},\"image\":{\"@id\":\"https:\\\/\\\/artesi.it\\\/de\\\/#\\\/schema\\\/logo\\\/image\\\/\"}}]}<\/script>\n<!-- \/ Yoast SEO plugin. -->","yoast_head_json":{"title":"Nachhaltigkeit als Designwert","description":"Die Artesi-Gruppe hat sich f\u00fcr eine bewusste Produktion entschieden","robots":{"index":"index","follow":"follow","max-snippet":"max-snippet:-1","max-image-preview":"max-image-preview:large","max-video-preview":"max-video-preview:-1"},"canonical":"https:\/\/artesi.it\/de\/nachhaltigkeit\/","og_locale":"de_DE","og_type":"article","og_title":"Nachhaltigkeit als Designwert","og_description":"Die Artesi-Gruppe hat sich f\u00fcr eine bewusste Produktion entschieden","og_url":"https:\/\/artesi.it\/de\/nachhaltigkeit\/","og_site_name":"Artesi","article_modified_time":"2025-12-01T09:29:51+00:00","twitter_card":"summary_large_image","twitter_misc":{"Gesch\u00e4tzte Lesezeit":"1\u00a0Minute"},"schema":{"@context":"https:\/\/schema.org","@graph":[{"@type":"WebPage","@id":"https:\/\/artesi.it\/de\/nachhaltigkeit\/","url":"https:\/\/artesi.it\/de\/nachhaltigkeit\/","name":"Nachhaltigkeit als Designwert","isPartOf":{"@id":"https:\/\/artesi.it\/de\/#website"},"datePublished":"2025-07-16T08:34:44+00:00","dateModified":"2025-12-01T09:29:51+00:00","description":"Die Artesi-Gruppe hat sich f\u00fcr eine bewusste Produktion entschieden","breadcrumb":{"@id":"https:\/\/artesi.it\/de\/nachhaltigkeit\/#breadcrumb"},"inLanguage":"de","potentialAction":[{"@type":"ReadAction","target":["https:\/\/artesi.it\/de\/nachhaltigkeit\/"]}]},{"@type":"BreadcrumbList","@id":"https:\/\/artesi.it\/de\/nachhaltigkeit\/#breadcrumb","itemListElement":[{"@type":"ListItem","position":1,"name":"Home","item":"https:\/\/artesi.it\/de\/"},{"@type":"ListItem","position":2,"name":"Nachhaltigkeit"}]},{"@type":"WebSite","@id":"https:\/\/artesi.it\/de\/#website","url":"https:\/\/artesi.it\/de\/","name":"Artesi","description":"","publisher":{"@id":"https:\/\/artesi.it\/de\/#organization"},"potentialAction":[{"@type":"SearchAction","target":{"@type":"EntryPoint","urlTemplate":"https:\/\/artesi.it\/de\/?s={search_term_string}"},"query-input":{"@type":"PropertyValueSpecification","valueRequired":true,"valueName":"search_term_string"}}],"inLanguage":"de"},{"@type":"Organization","@id":"https:\/\/artesi.it\/de\/#organization","name":"Artesi","url":"https:\/\/artesi.it\/de\/","logo":{"@type":"ImageObject","inLanguage":"de","@id":"https:\/\/artesi.it\/de\/#\/schema\/logo\/image\/","url":"https:\/\/artesi.it\/wp-content\/uploads\/2025\/04\/LOGHI_ridimensionati-Artesigroup.png","contentUrl":"https:\/\/artesi.it\/wp-content\/uploads\/2025\/04\/LOGHI_ridimensionati-Artesigroup.png","width":1200,"height":138,"caption":"Artesi"},"image":{"@id":"https:\/\/artesi.it\/de\/#\/schema\/logo\/image\/"}}]}},"_links":{"self":[{"href":"https:\/\/artesi.it\/de\/wp-json\/wp\/v2\/pages\/13400","targetHints":{"allow":["GET"]}}],"collection":[{"href":"https:\/\/artesi.it\/de\/wp-json\/wp\/v2\/pages"}],"about":[{"href":"https:\/\/artesi.it\/de\/wp-json\/wp\/v2\/types\/page"}],"author":[{"embeddable":true,"href":"https:\/\/artesi.it\/de\/wp-json\/wp\/v2\/users\/1"}],"replies":[{"embeddable":true,"href":"https:\/\/artesi.it\/de\/wp-json\/wp\/v2\/comments?post=13400"}],"version-history":[{"count":1,"href":"https:\/\/artesi.it\/de\/wp-json\/wp\/v2\/pages\/13400\/revisions"}],"predecessor-version":[{"id":13401,"href":"https:\/\/artesi.it\/de\/wp-json\/wp\/v2\/pages\/13400\/revisions\/13401"}],"wp:attachment":[{"href":"https:\/\/artesi.it\/de\/wp-json\/wp\/v2\/media?parent=13400"}],"curies":[{"name":"wp","href":"https:\/\/api.w.org\/{rel}","templated":true}]}}