{"id":13402,"date":"2025-07-16T11:15:26","date_gmt":"2025-07-16T09:15:26","guid":{"rendered":"https:\/\/artesi.it\/auszeichnungen\/"},"modified":"2026-01-20T10:29:16","modified_gmt":"2026-01-20T09:29:16","slug":"auszeichnungen","status":"publish","type":"page","link":"https:\/\/artesi.it\/de\/auszeichnungen\/","title":{"rendered":"Auszeichnungen"},"content":{"rendered":"\t\t<div data-elementor-type=\"wp-page\" data-elementor-id=\"13402\" class=\"elementor elementor-13402 elementor-10256\" data-elementor-post-type=\"page\">\n\t\t\t\t<div class=\"elementor-element elementor-element-209d697 e-flex e-con-boxed e-con e-parent\" data-id=\"209d697\" data-element_type=\"container\" data-e-type=\"container\">\n\t\t\t\t\t<div class=\"e-con-inner\">\n\t\t<div class=\"elementor-element elementor-element-a6ebe49 e-con-full e-flex e-con e-child\" data-id=\"a6ebe49\" data-element_type=\"container\" data-e-type=\"container\">\n\t\t\t\t<div class=\"elementor-element elementor-element-2e2de55 elementor-widget__width-initial elementor-widget-divider--view-line elementor-widget elementor-widget-divider\" data-id=\"2e2de55\" data-element_type=\"widget\" data-e-type=\"widget\" data-widget_type=\"divider.default\">\n\t\t\t\t\t\t\t<div class=\"elementor-divider\">\n\t\t\t<span class=\"elementor-divider-separator\">\n\t\t\t\t\t\t<\/span>\n\t\t<\/div>\n\t\t\t\t\t\t<\/div>\n\t\t\t\t<div class=\"elementor-element elementor-element-99bb2a2 elementor-widget__width-initial elementor-widget elementor-widget-heading\" data-id=\"99bb2a2\" data-element_type=\"widget\" data-e-type=\"widget\" data-widget_type=\"heading.default\">\n\t\t\t\t\t<h2 class=\"elementor-heading-title elementor-size-default\">Artesi gewinnt den ADI Design Award 2025 mit Enrico Cesanas Loop-Kollektion f\u00fcr Ardeco.<\/h2>\t\t\t\t<\/div>\n\t\t\t\t<\/div>\n\t\t\t\t\t<\/div>\n\t\t\t\t<\/div>\n\t\t<div class=\"elementor-element elementor-element-4cfbd20 e-flex e-con-boxed e-con e-parent\" data-id=\"4cfbd20\" data-element_type=\"container\" data-e-type=\"container\">\n\t\t\t\t\t<div class=\"e-con-inner\">\n\t\t<div class=\"elementor-element elementor-element-26c2ff8 e-con-full e-flex e-con e-child\" data-id=\"26c2ff8\" data-element_type=\"container\" data-e-type=\"container\">\n\t\t\t\t<div class=\"elementor-element elementor-element-169284f elementor-widget__width-initial elementor-widget elementor-widget-text-editor\" data-id=\"169284f\" data-element_type=\"widget\" data-e-type=\"widget\" data-widget_type=\"text-editor.default\">\n\t\t\t\t\t\t\t\t\t<p>Auf der Cersaie 2025 gewann die Artesi Group mit der von Enrico Cesana f\u00fcr Ardeco entworfenen Kollektion Loop den ADI Ceramics &#038; Bathroom Design Award. Das Projekt ist ein Beispiel f\u00fcr zirkul\u00e4res Design, das Nachhaltigkeit und Innovation vereint: Waschbecken und Unterschrank bestehen aus recyceltem Glas ausgedienter Photovoltaikmodule. So werden Abf\u00e4lle in wertvolle Ressourcen verwandelt, ohne Kompromisse bei \u00c4sthetik und Langlebigkeit einzugehen. Loop etabliert sich damit als wegweisendes Produkt im Bereich Badm\u00f6bel, das Funktionalit\u00e4t, Sch\u00f6nheit und Umweltverantwortung vereint.<\/p>\n\t\t\t\t\t\t\t\t<\/div>\n\t\t\t\t<\/div>\n\t\t<div class=\"elementor-element elementor-element-cab7b7f e-con-full e-flex e-con e-child\" data-id=\"cab7b7f\" data-element_type=\"container\" data-e-type=\"container\">\n\t\t\t\t<div class=\"elementor-element elementor-element-c479683 elementor-widget elementor-widget-image\" data-id=\"c479683\" data-element_type=\"widget\" data-e-type=\"widget\" data-widget_type=\"image.default\">\n\t\t\t\t\t\t\t\t\t\t\t\t\t\t\t\t<a href=\"https:\/\/artesi.it\/wp-content\/uploads\/2025\/10\/premio.jpg\" data-elementor-open-lightbox=\"yes\" data-elementor-lightbox-title=\"premio\" data-e-action-hash=\"#elementor-action%3Aaction%3Dlightbox%26settings%3DeyJpZCI6MTI3NDEsInVybCI6Imh0dHBzOlwvXC9hcnRlc2kuaXRcL3dwLWNvbnRlbnRcL3VwbG9hZHNcLzIwMjVcLzEwXC9wcmVtaW8uanBnIn0%3D\">\n\t\t\t\t\t\t\t<img fetchpriority=\"high\" decoding=\"async\" width=\"690\" height=\"1024\" src=\"https:\/\/artesi.it\/wp-content\/uploads\/2025\/10\/premio-690x1024.jpg\" class=\"attachment-large size-large wp-image-12741\" alt=\"\" srcset=\"https:\/\/artesi.it\/wp-content\/uploads\/2025\/10\/premio-690x1024.jpg 690w, https:\/\/artesi.it\/wp-content\/uploads\/2025\/10\/premio-202x300.jpg 202w, https:\/\/artesi.it\/wp-content\/uploads\/2025\/10\/premio-768x1139.jpg 768w, https:\/\/artesi.it\/wp-content\/uploads\/2025\/10\/premio.jpg 1000w\" sizes=\"(max-width: 690px) 100vw, 690px\" \/>\t\t\t\t\t\t\t\t<\/a>\n\t\t\t\t\t\t\t\t\t\t\t\t\t\t\t<\/div>\n\t\t\t\t<\/div>\n\t\t\t\t\t<\/div>\n\t\t\t\t<\/div>\n\t\t<div class=\"elementor-element elementor-element-1e6448e e-flex e-con-boxed e-con e-parent\" data-id=\"1e6448e\" data-element_type=\"container\" data-e-type=\"container\">\n\t\t\t\t\t<div class=\"e-con-inner\">\n\t\t<div class=\"elementor-element elementor-element-5dc239f e-con-full e-flex e-con e-child\" data-id=\"5dc239f\" data-element_type=\"container\" data-e-type=\"container\">\n\t\t\t\t<div class=\"elementor-element elementor-element-8732ab8 elementor-widget__width-initial elementor-widget-divider--view-line elementor-widget elementor-widget-divider\" data-id=\"8732ab8\" data-element_type=\"widget\" data-e-type=\"widget\" data-widget_type=\"divider.default\">\n\t\t\t\t\t\t\t<div class=\"elementor-divider\">\n\t\t\t<span class=\"elementor-divider-separator\">\n\t\t\t\t\t\t<\/span>\n\t\t<\/div>\n\t\t\t\t\t\t<\/div>\n\t\t\t\t<div class=\"elementor-element elementor-element-e54b8c7 elementor-widget__width-initial elementor-widget elementor-widget-heading\" data-id=\"e54b8c7\" data-element_type=\"widget\" data-e-type=\"widget\" data-widget_type=\"heading.default\">\n\t\t\t\t\t<h2 class=\"elementor-heading-title elementor-size-default\">Roller gewinnt den Red Dot 2025: eine neue Ikone f\u00fcr den Duschbereich<\/h2>\t\t\t\t<\/div>\n\t\t\t\t<\/div>\n\t\t\t\t\t<\/div>\n\t\t\t\t<\/div>\n\t\t<div class=\"elementor-element elementor-element-6210b06 e-flex e-con-boxed e-con e-parent\" data-id=\"6210b06\" data-element_type=\"container\" data-e-type=\"container\">\n\t\t\t\t\t<div class=\"e-con-inner\">\n\t\t<div class=\"elementor-element elementor-element-d0c6c23 e-con-full e-flex e-con e-child\" data-id=\"d0c6c23\" data-element_type=\"container\" data-e-type=\"container\">\n\t\t\t\t<div class=\"elementor-element elementor-element-586e566 elementor-widget__width-initial elementor-widget elementor-widget-text-editor\" data-id=\"586e566\" data-element_type=\"widget\" data-e-type=\"widget\" data-widget_type=\"text-editor.default\">\n\t\t\t\t\t\t\t\t\t<p>Mit seinen essentiellen Linien, seiner optischen Leichtigkeit und seinem einrichtungsorientierten Design gewinnt Roller \u2013 das von Enrico Cesana entworfene Duschsystem von Agha \u2013 den Red Dot Design Award 2025 in der Kategorie <br \/>Design Concept. Eine internationale Auszeichnung, die die Innovation und St\u00e4rke eines Projekts w\u00fcrdigt, das die \u00c4sthetik des modernen Badezimmers neu definiert. Ein Detail, das zum Protagonisten wird.<\/p>\n\t\t\t\t\t\t\t\t<\/div>\n\t\t\t\t<\/div>\n\t\t<div class=\"elementor-element elementor-element-270a15d e-con-full e-flex e-con e-child\" data-id=\"270a15d\" data-element_type=\"container\" data-e-type=\"container\">\n\t\t\t\t<div class=\"elementor-element elementor-element-a70dc33 elementor-widget elementor-widget-image\" data-id=\"a70dc33\" data-element_type=\"widget\" data-e-type=\"widget\" data-widget_type=\"image.default\">\n\t\t\t\t\t\t\t\t\t\t\t\t\t\t\t<img decoding=\"async\" width=\"532\" height=\"303\" src=\"https:\/\/artesi.it\/wp-content\/uploads\/2025\/07\/DC2025_Winner-red.png\" class=\"attachment-large size-large wp-image-10108\" alt=\"\" srcset=\"https:\/\/artesi.it\/wp-content\/uploads\/2025\/07\/DC2025_Winner-red.png 532w, https:\/\/artesi.it\/wp-content\/uploads\/2025\/07\/DC2025_Winner-red-300x171.png 300w\" sizes=\"(max-width: 532px) 100vw, 532px\" \/>\t\t\t\t\t\t\t\t\t\t\t\t\t\t\t<\/div>\n\t\t\t\t<\/div>\n\t\t\t\t\t<\/div>\n\t\t\t\t<\/div>\n\t\t<div class=\"elementor-element elementor-element-ee7ac16 e-flex e-con-boxed e-con e-parent\" data-id=\"ee7ac16\" data-element_type=\"container\" data-e-type=\"container\">\n\t\t\t\t\t<div class=\"e-con-inner\">\n\t\t<div class=\"elementor-element elementor-element-83cdd8e e-con-full e-flex e-con e-child\" data-id=\"83cdd8e\" data-element_type=\"container\" data-e-type=\"container\">\n\t\t\t\t<div class=\"elementor-element elementor-element-90895ff elementor-widget__width-initial elementor-widget-divider--view-line elementor-widget elementor-widget-divider\" data-id=\"90895ff\" data-element_type=\"widget\" data-e-type=\"widget\" data-widget_type=\"divider.default\">\n\t\t\t\t\t\t\t<div class=\"elementor-divider\">\n\t\t\t<span class=\"elementor-divider-separator\">\n\t\t\t\t\t\t<\/span>\n\t\t<\/div>\n\t\t\t\t\t\t<\/div>\n\t\t\t\t<div class=\"elementor-element elementor-element-8504532 elementor-widget__width-initial elementor-widget elementor-widget-heading\" data-id=\"8504532\" data-element_type=\"widget\" data-e-type=\"widget\" data-widget_type=\"heading.default\">\n\t\t\t\t\t<h2 class=\"elementor-heading-title elementor-size-default\">Ardeco und Artesi geh\u00f6ren zu den Gewinnern der CASUM Design Awards 2025.<\/h2>\t\t\t\t<\/div>\n\t\t\t\t<\/div>\n\t\t\t\t\t<\/div>\n\t\t\t\t<\/div>\n\t\t<div class=\"elementor-element elementor-element-f50d86c e-flex e-con-boxed e-con e-parent\" data-id=\"f50d86c\" data-element_type=\"container\" data-e-type=\"container\">\n\t\t\t\t\t<div class=\"e-con-inner\">\n\t\t<div class=\"elementor-element elementor-element-0557a91 e-con-full e-flex e-con e-child\" data-id=\"0557a91\" data-element_type=\"container\" data-e-type=\"container\">\n\t\t\t\t<div class=\"elementor-element elementor-element-631e1d2 elementor-widget__width-initial elementor-widget elementor-widget-text-editor\" data-id=\"631e1d2\" data-element_type=\"widget\" data-e-type=\"widget\" data-widget_type=\"text-editor.default\">\n\t\t\t\t\t\t\t\t\t<p>Die Kollektionen Fontanile von Ardeco und Slide von Artesi wurden bei den CASUM Design Awards 2025 ausgezeichnet, einer Auszeichnung f\u00fcr herausragendes Design im Bereich Badezimmerm\u00f6bel.<br \/>Fontanile besticht durch die zeitlose Eleganz des geriffelten Glases, die Ausgewogenheit der Materialien und den raffinierten Aluminiumrahmen, w\u00e4hrend Slide sich durch den schr\u00e4gen Schnitt der T\u00fcr auszeichnet, der zu einem schmalen, eleganten Profil f\u00fchrt. Fontanile besticht durch die zeitlose Eleganz des geriffelten Glases, die Ausgewogenheit der Materialien und den raffinierten Aluminiumrahmen, w\u00e4hrend Slide sich durch den schr\u00e4gen Schnitt der T\u00fcr auszeichnet, der zum Markenzeichen eines essentiellen, eleganten und funktionalen Modulsystems wird. Zwei unterschiedliche Visionen, die ein gemeinsames Ziel verbinden: Innovation durch Design.<\/p>\n\t\t\t\t\t\t\t\t<\/div>\n\t\t\t\t<\/div>\n\t\t<div class=\"elementor-element elementor-element-e529b10 e-con-full e-flex e-con e-child\" data-id=\"e529b10\" data-element_type=\"container\" data-e-type=\"container\">\n\t\t\t\t<div class=\"elementor-element elementor-element-279c654 elementor-widget elementor-widget-image\" data-id=\"279c654\" data-element_type=\"widget\" data-e-type=\"widget\" data-widget_type=\"image.default\">\n\t\t\t\t\t\t\t\t\t\t\t\t\t\t\t<img decoding=\"async\" width=\"800\" height=\"533\" src=\"https:\/\/artesi.it\/wp-content\/uploads\/2025\/07\/ebeebc8a-3b75-e3de-8579-600c98ad0401-1024x682.jpg\" class=\"attachment-large size-large wp-image-12491\" alt=\"\" srcset=\"https:\/\/artesi.it\/wp-content\/uploads\/2025\/07\/ebeebc8a-3b75-e3de-8579-600c98ad0401-1024x682.jpg 1024w, https:\/\/artesi.it\/wp-content\/uploads\/2025\/07\/ebeebc8a-3b75-e3de-8579-600c98ad0401-300x200.jpg 300w, https:\/\/artesi.it\/wp-content\/uploads\/2025\/07\/ebeebc8a-3b75-e3de-8579-600c98ad0401-768x512.jpg 768w, https:\/\/artesi.it\/wp-content\/uploads\/2025\/07\/ebeebc8a-3b75-e3de-8579-600c98ad0401-1536x1024.jpg 1536w, https:\/\/artesi.it\/wp-content\/uploads\/2025\/07\/ebeebc8a-3b75-e3de-8579-600c98ad0401.jpg 2000w\" sizes=\"(max-width: 800px) 100vw, 800px\" \/>\t\t\t\t\t\t\t\t\t\t\t\t\t\t\t<\/div>\n\t\t\t\t<\/div>\n\t\t\t\t\t<\/div>\n\t\t\t\t<\/div>\n\t\t<div class=\"elementor-element elementor-element-3775085 e-flex e-con-boxed e-con e-parent\" data-id=\"3775085\" data-element_type=\"container\" data-e-type=\"container\">\n\t\t\t\t\t<div class=\"e-con-inner\">\n\t\t<div class=\"elementor-element elementor-element-ca6c079 e-con-full e-flex e-con e-child\" data-id=\"ca6c079\" data-element_type=\"container\" data-e-type=\"container\">\n\t\t\t\t<div class=\"elementor-element elementor-element-dfe6604 elementor-widget__width-initial elementor-widget-divider--view-line elementor-widget elementor-widget-divider\" data-id=\"dfe6604\" data-element_type=\"widget\" data-e-type=\"widget\" data-widget_type=\"divider.default\">\n\t\t\t\t\t\t\t<div class=\"elementor-divider\">\n\t\t\t<span class=\"elementor-divider-separator\">\n\t\t\t\t\t\t<\/span>\n\t\t<\/div>\n\t\t\t\t\t\t<\/div>\n\t\t\t\t<div class=\"elementor-element elementor-element-ec5025f elementor-widget__width-initial elementor-widget elementor-widget-heading\" data-id=\"ec5025f\" data-element_type=\"widget\" data-e-type=\"widget\" data-widget_type=\"heading.default\">\n\t\t\t\t\t<h2 class=\"elementor-heading-title elementor-size-default\">Artesi gewinnt  mit Shaker den ADI Ceramics &amp; Bathroom Design Award 2024.<\/h2>\t\t\t\t<\/div>\n\t\t\t\t<\/div>\n\t\t\t\t\t<\/div>\n\t\t\t\t<\/div>\n\t\t<div class=\"elementor-element elementor-element-d4f274b e-flex e-con-boxed e-con e-parent\" data-id=\"d4f274b\" data-element_type=\"container\" data-e-type=\"container\">\n\t\t\t\t\t<div class=\"e-con-inner\">\n\t\t<div class=\"elementor-element elementor-element-ae81a0e e-con-full e-flex e-con e-child\" data-id=\"ae81a0e\" data-element_type=\"container\" data-e-type=\"container\">\n\t\t\t\t<div class=\"elementor-element elementor-element-fb78a90 elementor-widget__width-initial elementor-widget elementor-widget-text-editor\" data-id=\"fb78a90\" data-element_type=\"widget\" data-e-type=\"widget\" data-widget_type=\"text-editor.default\">\n\t\t\t\t\t\t\t\t\t<p>Shaker, entworfen von Odo Fioravanti f\u00fcr Artesi, wurde bei der Ausgabe 2024 des ADI Ceramics &#038; Bathroom Design Award ausgezeichnet, einer Auszeichnung, die herausragendes Design in den Bereichen Keramik und Badezimmerausstattung w\u00fcrdigt.<br \/>Das Projekt interpretiert auf innovative Weise die funktionale Einfachheit, inspiriert von den Shaker-Prinzipien. Durch die Verwendung von zwei gebogenen T-Profilen erm\u00f6glicht die modulare und minimalistische Basis die Wandmontage aller Komponenten. Der schlichte und rationale Ansatz schafft eine vielseitige und zeitgem\u00e4\u00dfe Einrichtungsl\u00f6sung, in der Funktionalit\u00e4t und konstruktive \u00c4sthetik perfekt miteinander verschmelzen.<\/p>\n\t\t\t\t\t\t\t\t<\/div>\n\t\t\t\t<\/div>\n\t\t<div class=\"elementor-element elementor-element-e355b76 e-con-full e-flex e-con e-child\" data-id=\"e355b76\" data-element_type=\"container\" data-e-type=\"container\">\n\t\t\t\t<div class=\"elementor-element elementor-element-6c9aa0e elementor-widget elementor-widget-image\" data-id=\"6c9aa0e\" data-element_type=\"widget\" data-e-type=\"widget\" data-widget_type=\"image.default\">\n\t\t\t\t\t\t\t\t\t\t\t\t\t\t\t<img loading=\"lazy\" decoding=\"async\" width=\"700\" height=\"247\" src=\"https:\/\/artesi.it\/wp-content\/uploads\/2025\/07\/5208.jpg\" class=\"attachment-large size-large wp-image-12484\" alt=\"\" srcset=\"https:\/\/artesi.it\/wp-content\/uploads\/2025\/07\/5208.jpg 700w, https:\/\/artesi.it\/wp-content\/uploads\/2025\/07\/5208-300x106.jpg 300w\" sizes=\"(max-width: 700px) 100vw, 700px\" \/>\t\t\t\t\t\t\t\t\t\t\t\t\t\t\t<\/div>\n\t\t\t\t<\/div>\n\t\t\t\t\t<\/div>\n\t\t\t\t<\/div>\n\t\t\t\t<\/div>\n\t\t","protected":false},"excerpt":{"rendered":"<p>Artesi gewinnt den ADI Design Award 2025 mit Enrico Cesanas Loop-Kollektion f\u00fcr Ardeco. Auf der Cersaie 2025 gewann die Artesi Group mit der von Enrico Cesana f\u00fcr Ardeco entworfenen Kollektion Loop den ADI Ceramics &#038; Bathroom Design Award. Das Projekt ist ein Beispiel f\u00fcr zirkul\u00e4res Design, das Nachhaltigkeit und Innovation vereint: Waschbecken und Unterschrank bestehen [&hellip;]<\/p>\n","protected":false},"author":1,"featured_media":0,"parent":0,"menu_order":0,"comment_status":"closed","ping_status":"closed","template":"elementor_header_footer","meta":{"footnotes":""},"class_list":["post-13402","page","type-page","status-publish","hentry"],"yoast_head":"<!-- This site is optimized with the Yoast SEO plugin v27.5 - https:\/\/yoast.com\/product\/yoast-seo-wordpress\/ -->\n<title>Auszeichnungen &amp; Anerkennungen - Artesi<\/title>\n<meta name=\"description\" content=\"Von Red Dot bis Good Design: Alle internationalen Auszeichnungen, die die Kollektionen von Artesi, Ardeco und Agha gewonnen haben. Erfahren Sie mehr.\" \/>\n<meta name=\"robots\" content=\"index, follow, max-snippet:-1, max-image-preview:large, max-video-preview:-1\" \/>\n<link rel=\"canonical\" href=\"https:\/\/artesi.it\/de\/auszeichnungen\/\" \/>\n<meta property=\"og:locale\" content=\"de_DE\" \/>\n<meta property=\"og:type\" content=\"article\" \/>\n<meta property=\"og:title\" content=\"Auszeichnungen &amp; Anerkennungen - Artesi\" \/>\n<meta property=\"og:description\" content=\"Von Red Dot bis Good Design: Alle internationalen Auszeichnungen, die die Kollektionen von Artesi, Ardeco und Agha gewonnen haben. Erfahren Sie mehr.\" \/>\n<meta property=\"og:url\" content=\"https:\/\/artesi.it\/de\/auszeichnungen\/\" \/>\n<meta property=\"og:site_name\" content=\"Artesi\" \/>\n<meta property=\"article:modified_time\" content=\"2026-01-20T09:29:16+00:00\" \/>\n<meta property=\"og:image\" content=\"https:\/\/artesi.it\/wp-content\/uploads\/2025\/10\/premio.jpg\" \/>\n\t<meta property=\"og:image:width\" content=\"1000\" \/>\n\t<meta property=\"og:image:height\" content=\"1483\" \/>\n\t<meta property=\"og:image:type\" content=\"image\/jpeg\" \/>\n<meta name=\"twitter:card\" content=\"summary_large_image\" \/>\n<meta name=\"twitter:label1\" content=\"Gesch\u00e4tzte Lesezeit\" \/>\n\t<meta name=\"twitter:data1\" content=\"2\u00a0Minuten\" \/>\n<script type=\"application\/ld+json\" class=\"yoast-schema-graph\">{\"@context\":\"https:\\\/\\\/schema.org\",\"@graph\":[{\"@type\":\"WebPage\",\"@id\":\"https:\\\/\\\/artesi.it\\\/de\\\/auszeichnungen\\\/\",\"url\":\"https:\\\/\\\/artesi.it\\\/de\\\/auszeichnungen\\\/\",\"name\":\"Auszeichnungen & Anerkennungen - Artesi\",\"isPartOf\":{\"@id\":\"https:\\\/\\\/artesi.it\\\/de\\\/#website\"},\"primaryImageOfPage\":{\"@id\":\"https:\\\/\\\/artesi.it\\\/de\\\/auszeichnungen\\\/#primaryimage\"},\"image\":{\"@id\":\"https:\\\/\\\/artesi.it\\\/de\\\/auszeichnungen\\\/#primaryimage\"},\"thumbnailUrl\":\"https:\\\/\\\/artesi.it\\\/wp-content\\\/uploads\\\/2025\\\/10\\\/premio-690x1024.jpg\",\"datePublished\":\"2025-07-16T09:15:26+00:00\",\"dateModified\":\"2026-01-20T09:29:16+00:00\",\"description\":\"Von Red Dot bis Good Design: Alle internationalen Auszeichnungen, die die Kollektionen von Artesi, Ardeco und Agha gewonnen haben. Erfahren Sie mehr.\",\"breadcrumb\":{\"@id\":\"https:\\\/\\\/artesi.it\\\/de\\\/auszeichnungen\\\/#breadcrumb\"},\"inLanguage\":\"de\",\"potentialAction\":[{\"@type\":\"ReadAction\",\"target\":[\"https:\\\/\\\/artesi.it\\\/de\\\/auszeichnungen\\\/\"]}]},{\"@type\":\"ImageObject\",\"inLanguage\":\"de\",\"@id\":\"https:\\\/\\\/artesi.it\\\/de\\\/auszeichnungen\\\/#primaryimage\",\"url\":\"https:\\\/\\\/artesi.it\\\/wp-content\\\/uploads\\\/2025\\\/10\\\/premio-690x1024.jpg\",\"contentUrl\":\"https:\\\/\\\/artesi.it\\\/wp-content\\\/uploads\\\/2025\\\/10\\\/premio-690x1024.jpg\"},{\"@type\":\"BreadcrumbList\",\"@id\":\"https:\\\/\\\/artesi.it\\\/de\\\/auszeichnungen\\\/#breadcrumb\",\"itemListElement\":[{\"@type\":\"ListItem\",\"position\":1,\"name\":\"Home\",\"item\":\"https:\\\/\\\/artesi.it\\\/de\\\/\"},{\"@type\":\"ListItem\",\"position\":2,\"name\":\"Auszeichnungen\"}]},{\"@type\":\"WebSite\",\"@id\":\"https:\\\/\\\/artesi.it\\\/de\\\/#website\",\"url\":\"https:\\\/\\\/artesi.it\\\/de\\\/\",\"name\":\"Artesi\",\"description\":\"\",\"publisher\":{\"@id\":\"https:\\\/\\\/artesi.it\\\/de\\\/#organization\"},\"potentialAction\":[{\"@type\":\"SearchAction\",\"target\":{\"@type\":\"EntryPoint\",\"urlTemplate\":\"https:\\\/\\\/artesi.it\\\/de\\\/?s={search_term_string}\"},\"query-input\":{\"@type\":\"PropertyValueSpecification\",\"valueRequired\":true,\"valueName\":\"search_term_string\"}}],\"inLanguage\":\"de\"},{\"@type\":\"Organization\",\"@id\":\"https:\\\/\\\/artesi.it\\\/de\\\/#organization\",\"name\":\"Artesi\",\"url\":\"https:\\\/\\\/artesi.it\\\/de\\\/\",\"logo\":{\"@type\":\"ImageObject\",\"inLanguage\":\"de\",\"@id\":\"https:\\\/\\\/artesi.it\\\/de\\\/#\\\/schema\\\/logo\\\/image\\\/\",\"url\":\"https:\\\/\\\/artesi.it\\\/wp-content\\\/uploads\\\/2025\\\/04\\\/LOGHI_ridimensionati-Artesigroup.png\",\"contentUrl\":\"https:\\\/\\\/artesi.it\\\/wp-content\\\/uploads\\\/2025\\\/04\\\/LOGHI_ridimensionati-Artesigroup.png\",\"width\":1200,\"height\":138,\"caption\":\"Artesi\"},\"image\":{\"@id\":\"https:\\\/\\\/artesi.it\\\/de\\\/#\\\/schema\\\/logo\\\/image\\\/\"}}]}<\/script>\n<!-- \/ Yoast SEO plugin. -->","yoast_head_json":{"title":"Auszeichnungen & Anerkennungen - Artesi","description":"Von Red Dot bis Good Design: Alle internationalen Auszeichnungen, die die Kollektionen von Artesi, Ardeco und Agha gewonnen haben. Erfahren Sie mehr.","robots":{"index":"index","follow":"follow","max-snippet":"max-snippet:-1","max-image-preview":"max-image-preview:large","max-video-preview":"max-video-preview:-1"},"canonical":"https:\/\/artesi.it\/de\/auszeichnungen\/","og_locale":"de_DE","og_type":"article","og_title":"Auszeichnungen & Anerkennungen - Artesi","og_description":"Von Red Dot bis Good Design: Alle internationalen Auszeichnungen, die die Kollektionen von Artesi, Ardeco und Agha gewonnen haben. Erfahren Sie mehr.","og_url":"https:\/\/artesi.it\/de\/auszeichnungen\/","og_site_name":"Artesi","article_modified_time":"2026-01-20T09:29:16+00:00","og_image":[{"width":1000,"height":1483,"url":"https:\/\/artesi.it\/wp-content\/uploads\/2025\/10\/premio.jpg","type":"image\/jpeg"}],"twitter_card":"summary_large_image","twitter_misc":{"Gesch\u00e4tzte Lesezeit":"2\u00a0Minuten"},"schema":{"@context":"https:\/\/schema.org","@graph":[{"@type":"WebPage","@id":"https:\/\/artesi.it\/de\/auszeichnungen\/","url":"https:\/\/artesi.it\/de\/auszeichnungen\/","name":"Auszeichnungen & Anerkennungen - Artesi","isPartOf":{"@id":"https:\/\/artesi.it\/de\/#website"},"primaryImageOfPage":{"@id":"https:\/\/artesi.it\/de\/auszeichnungen\/#primaryimage"},"image":{"@id":"https:\/\/artesi.it\/de\/auszeichnungen\/#primaryimage"},"thumbnailUrl":"https:\/\/artesi.it\/wp-content\/uploads\/2025\/10\/premio-690x1024.jpg","datePublished":"2025-07-16T09:15:26+00:00","dateModified":"2026-01-20T09:29:16+00:00","description":"Von Red Dot bis Good Design: Alle internationalen Auszeichnungen, die die Kollektionen von Artesi, Ardeco und Agha gewonnen haben. Erfahren Sie mehr.","breadcrumb":{"@id":"https:\/\/artesi.it\/de\/auszeichnungen\/#breadcrumb"},"inLanguage":"de","potentialAction":[{"@type":"ReadAction","target":["https:\/\/artesi.it\/de\/auszeichnungen\/"]}]},{"@type":"ImageObject","inLanguage":"de","@id":"https:\/\/artesi.it\/de\/auszeichnungen\/#primaryimage","url":"https:\/\/artesi.it\/wp-content\/uploads\/2025\/10\/premio-690x1024.jpg","contentUrl":"https:\/\/artesi.it\/wp-content\/uploads\/2025\/10\/premio-690x1024.jpg"},{"@type":"BreadcrumbList","@id":"https:\/\/artesi.it\/de\/auszeichnungen\/#breadcrumb","itemListElement":[{"@type":"ListItem","position":1,"name":"Home","item":"https:\/\/artesi.it\/de\/"},{"@type":"ListItem","position":2,"name":"Auszeichnungen"}]},{"@type":"WebSite","@id":"https:\/\/artesi.it\/de\/#website","url":"https:\/\/artesi.it\/de\/","name":"Artesi","description":"","publisher":{"@id":"https:\/\/artesi.it\/de\/#organization"},"potentialAction":[{"@type":"SearchAction","target":{"@type":"EntryPoint","urlTemplate":"https:\/\/artesi.it\/de\/?s={search_term_string}"},"query-input":{"@type":"PropertyValueSpecification","valueRequired":true,"valueName":"search_term_string"}}],"inLanguage":"de"},{"@type":"Organization","@id":"https:\/\/artesi.it\/de\/#organization","name":"Artesi","url":"https:\/\/artesi.it\/de\/","logo":{"@type":"ImageObject","inLanguage":"de","@id":"https:\/\/artesi.it\/de\/#\/schema\/logo\/image\/","url":"https:\/\/artesi.it\/wp-content\/uploads\/2025\/04\/LOGHI_ridimensionati-Artesigroup.png","contentUrl":"https:\/\/artesi.it\/wp-content\/uploads\/2025\/04\/LOGHI_ridimensionati-Artesigroup.png","width":1200,"height":138,"caption":"Artesi"},"image":{"@id":"https:\/\/artesi.it\/de\/#\/schema\/logo\/image\/"}}]}},"_links":{"self":[{"href":"https:\/\/artesi.it\/de\/wp-json\/wp\/v2\/pages\/13402","targetHints":{"allow":["GET"]}}],"collection":[{"href":"https:\/\/artesi.it\/de\/wp-json\/wp\/v2\/pages"}],"about":[{"href":"https:\/\/artesi.it\/de\/wp-json\/wp\/v2\/types\/page"}],"author":[{"embeddable":true,"href":"https:\/\/artesi.it\/de\/wp-json\/wp\/v2\/users\/1"}],"replies":[{"embeddable":true,"href":"https:\/\/artesi.it\/de\/wp-json\/wp\/v2\/comments?post=13402"}],"version-history":[{"count":2,"href":"https:\/\/artesi.it\/de\/wp-json\/wp\/v2\/pages\/13402\/revisions"}],"predecessor-version":[{"id":15539,"href":"https:\/\/artesi.it\/de\/wp-json\/wp\/v2\/pages\/13402\/revisions\/15539"}],"wp:attachment":[{"href":"https:\/\/artesi.it\/de\/wp-json\/wp\/v2\/media?parent=13402"}],"curies":[{"name":"wp","href":"https:\/\/api.w.org\/{rel}","templated":true}]}}