{"id":13599,"date":"2025-07-28T08:57:15","date_gmt":"2025-07-28T06:57:15","guid":{"rendered":"https:\/\/artesi.it\/ausschreibungen\/"},"modified":"2025-12-02T17:05:19","modified_gmt":"2025-12-02T16:05:19","slug":"ausschreibungen","status":"publish","type":"page","link":"https:\/\/artesi.it\/de\/ausschreibungen\/","title":{"rendered":"Ausschreibungen"},"content":{"rendered":"\t\t<div data-elementor-type=\"wp-page\" data-elementor-id=\"13599\" class=\"elementor elementor-13599 elementor-12392\" data-elementor-post-type=\"page\">\n\t\t\t\t<div class=\"elementor-element elementor-element-547e082 e-flex e-con-boxed e-con e-parent\" data-id=\"547e082\" data-element_type=\"container\" data-e-type=\"container\">\n\t\t\t\t\t<div class=\"e-con-inner\">\n\t\t<div class=\"elementor-element elementor-element-e1a6560 e-con-full e-flex e-con e-child\" data-id=\"e1a6560\" data-element_type=\"container\" data-e-type=\"container\">\n\t\t\t\t<div class=\"elementor-element elementor-element-be25bbf elementor-widget__width-initial elementor-widget-divider--view-line elementor-widget elementor-widget-divider\" data-id=\"be25bbf\" data-element_type=\"widget\" data-e-type=\"widget\" data-widget_type=\"divider.default\">\n\t\t\t\t\t\t\t<div class=\"elementor-divider\">\n\t\t\t<span class=\"elementor-divider-separator\">\n\t\t\t\t\t\t<\/span>\n\t\t<\/div>\n\t\t\t\t\t\t<\/div>\n\t\t\t\t<div class=\"elementor-element elementor-element-e0b2369 elementor-widget__width-initial elementor-widget elementor-widget-heading\" data-id=\"e0b2369\" data-element_type=\"widget\" data-e-type=\"widget\" data-widget_type=\"heading.default\">\n\t\t\t\t\t<h1 class=\"elementor-heading-title elementor-size-default\">Ausschreibungen<\/h1>\t\t\t\t<\/div>\n\t\t\t\t<\/div>\n\t\t\t\t\t<\/div>\n\t\t\t\t<\/div>\n\t\t<div class=\"elementor-element elementor-element-2f6f1df e-flex e-con-boxed e-con e-parent\" data-id=\"2f6f1df\" data-element_type=\"container\" data-e-type=\"container\">\n\t\t\t\t\t<div class=\"e-con-inner\">\n\t\t<div class=\"elementor-element elementor-element-659b1d4 e-con-full e-flex e-con e-child\" data-id=\"659b1d4\" data-element_type=\"container\" data-e-type=\"container\">\n\t\t\t\t<div class=\"elementor-element elementor-element-65bc5dc elementor-widget elementor-widget-image\" data-id=\"65bc5dc\" data-element_type=\"widget\" data-e-type=\"widget\" data-widget_type=\"image.default\">\n\t\t\t\t\t\t\t\t\t\t\t\t\t\t\t<img fetchpriority=\"high\" decoding=\"async\" width=\"660\" height=\"151\" src=\"https:\/\/artesi.it\/wp-content\/uploads\/2025\/07\/POR-FESR-2014-2020-1.png\" class=\"attachment-large size-large wp-image-12397\" alt=\"\" srcset=\"https:\/\/artesi.it\/wp-content\/uploads\/2025\/07\/POR-FESR-2014-2020-1.png 660w, https:\/\/artesi.it\/wp-content\/uploads\/2025\/07\/POR-FESR-2014-2020-1-300x69.png 300w\" sizes=\"(max-width: 660px) 100vw, 660px\" \/>\t\t\t\t\t\t\t\t\t\t\t\t\t\t\t<\/div>\n\t\t\t\t<\/div>\n\t\t\t\t<div class=\"elementor-element elementor-element-964241f elementor-widget__width-initial elementor-widget elementor-widget-text-editor\" data-id=\"964241f\" data-element_type=\"widget\" data-e-type=\"widget\" data-widget_type=\"text-editor.default\">\n\t\t\t\t\t\t\t\t\t<p>Dank des Projekts \u201eNeue innovative technologische Maschinen zur Steigerung der Wettbewerbsf\u00e4higkeit und Reduzierung von Abf\u00e4llen\u201d, kofinanziert im Rahmen des POR FESR 2014-2020 \u2013 Aktivit\u00e4t 2.3.a \u2013 Ausschreibung 23a1 bis \u201eBeihilfen f\u00fcr Investitionen und Unternehmensumstrukturierungen von KMU\u201d, genehmigt mit DGR Nr. 2638 vom 28. Dezember 2017, hat die Firma ARTESI S.R.L. ein neues industrielles Automatisierungssystem implementiert, mit dem Kauf und der Installation der Maschinen Proxima und Emblem, um die Wettbewerbsf\u00e4higkeit des Unternehmens zu steigern und die Produktionsqualit\u00e4t zu verbessern, sowie eine innovative Systemsoftware f\u00fcr die Interaktion zwischen mechanischen Teilen und elektronischen Ger\u00e4ten, mit Zeitersparnis, Gewinnsteigerung, Sicherheit und Verringerung der Abf\u00e4lle in der Fertigung.<br \/>Zul\u00e4ssige Ausgaben 205.190,00 \u20ac<br \/>Gew\u00e4hrter Zuschuss 34.896,84 \u20ac<\/p>\n\t\t\t\t\t\t\t\t<\/div>\n\t\t\t\t\t<\/div>\n\t\t\t\t<\/div>\n\t\t<div class=\"elementor-element elementor-element-6d03d24 e-flex e-con-boxed e-con e-parent\" data-id=\"6d03d24\" data-element_type=\"container\" data-e-type=\"container\">\n\t\t\t\t\t<div class=\"e-con-inner\">\n\t\t<div class=\"elementor-element elementor-element-6b8b595 e-con-full e-flex e-con e-child\" data-id=\"6b8b595\" data-element_type=\"container\" data-e-type=\"container\">\n\t\t\t\t<div class=\"elementor-element elementor-element-34385c6 elementor-widget elementor-widget-image\" data-id=\"34385c6\" data-element_type=\"widget\" data-e-type=\"widget\" data-widget_type=\"image.default\">\n\t\t\t\t\t\t\t\t\t\t\t\t\t\t\t<img fetchpriority=\"high\" decoding=\"async\" width=\"660\" height=\"151\" src=\"https:\/\/artesi.it\/wp-content\/uploads\/2025\/07\/POR-FESR-2014-2020-1.png\" class=\"attachment-large size-large wp-image-12397\" alt=\"\" srcset=\"https:\/\/artesi.it\/wp-content\/uploads\/2025\/07\/POR-FESR-2014-2020-1.png 660w, https:\/\/artesi.it\/wp-content\/uploads\/2025\/07\/POR-FESR-2014-2020-1-300x69.png 300w\" sizes=\"(max-width: 660px) 100vw, 660px\" \/>\t\t\t\t\t\t\t\t\t\t\t\t\t\t\t<\/div>\n\t\t\t\t<\/div>\n\t\t\t\t<div class=\"elementor-element elementor-element-b6e457d elementor-widget__width-initial elementor-widget elementor-widget-text-editor\" data-id=\"b6e457d\" data-element_type=\"widget\" data-e-type=\"widget\" data-widget_type=\"text-editor.default\">\n\t\t\t\t\t\t\t\t\t<p>Dank des Projekts \u201eAutomatisierung und Vernetzung der Halbfertigproduktproduktion\u201d, das im Rahmen des operationellen Programms des Europ\u00e4ischen Fonds f\u00fcr regionale Entwicklung (EFRE) 2014-2020 \u201eInvestitionsbeihilfen und Unternehmensumstrukturierung und -sanierung von KMU durch Maschinen, Anlagen und immaterielle G\u00fcter sowie Begleitung von Unternehmensumstrukturierungs- und &#8211; Sanierungsprozessen \u2013 Automatisierung und Vernetzung der Halbfertigproduktproduktion\u201d kofinanziert wurde \u2013 Ma\u00dfnahme 2.3.a.1 bis\u201d kofinanziert wird, konnte das Unternehmen ARTESI SRL Die Interaktion und Integration in den Produktionsbereichen hat zu einer Verk\u00fcrzung der f\u00fcr die Bearbeitung von Arbeitsauftr\u00e4gen erforderlichen Zeit um 30 % gef\u00fchrt. Die Mitarbeiter in den verschiedenen Verkaufsstellen k\u00f6nnen sich einfach und zeitnah mit dem System verbinden, wodurch die Kundendienstleistungen effizienter werden. Die Daten zu den <br \/>Aktivit\u00e4ten und zur Unternehmensleistung sind stets pr\u00e4zise und zeitnah verf\u00fcgbar, sodass sie f\u00fcr das Management leicht auffindbar und analysierbar sind.<br \/>Zul\u00e4ssige Ausgaben 275.270,00 \u20ac<br \/>Gew\u00e4hrter Zuschuss 27.527,00 \u20ac<\/p>\n\t\t\t\t\t\t\t\t<\/div>\n\t\t\t\t\t<\/div>\n\t\t\t\t<\/div>\n\t\t\t\t<\/div>\n\t\t","protected":false},"excerpt":{"rendered":"<p>Ausschreibungen Dank des Projekts \u201eNeue innovative technologische Maschinen zur Steigerung der Wettbewerbsf\u00e4higkeit und Reduzierung von Abf\u00e4llen\u201d, kofinanziert im Rahmen des POR FESR 2014-2020 \u2013 Aktivit\u00e4t 2.3.a \u2013 Ausschreibung 23a1 bis \u201eBeihilfen f\u00fcr Investitionen und Unternehmensumstrukturierungen von KMU\u201d, genehmigt mit DGR Nr. 2638 vom 28. Dezember 2017, hat die Firma ARTESI S.R.L. ein neues industrielles Automatisierungssystem [&hellip;]<\/p>\n","protected":false},"author":1,"featured_media":0,"parent":0,"menu_order":0,"comment_status":"closed","ping_status":"closed","template":"elementor_header_footer","meta":{"footnotes":""},"class_list":["post-13599","page","type-page","status-publish","hentry"],"yoast_head":"<!-- This site is optimized with the Yoast SEO plugin v27.5 - https:\/\/yoast.com\/product\/yoast-seo-wordpress\/ -->\n<title>Gef\u00f6rderte Ausschreibungen \u2013 Artesi<\/title>\n<meta name=\"description\" content=\"Artesi-Projekte, kofinanziert durch europ\u00e4ische und regionale F\u00f6rdermittel: Details zu F\u00f6rdersummen, Zielen und Ergebnissen. Mehr erfahren.\" \/>\n<meta name=\"robots\" content=\"index, follow, max-snippet:-1, max-image-preview:large, max-video-preview:-1\" \/>\n<link rel=\"canonical\" href=\"https:\/\/artesi.it\/de\/ausschreibungen\/\" \/>\n<meta property=\"og:locale\" content=\"de_DE\" \/>\n<meta property=\"og:type\" content=\"article\" \/>\n<meta property=\"og:title\" content=\"Gef\u00f6rderte Ausschreibungen \u2013 Artesi\" \/>\n<meta property=\"og:description\" content=\"Artesi-Projekte, kofinanziert durch europ\u00e4ische und regionale F\u00f6rdermittel: Details zu F\u00f6rdersummen, Zielen und Ergebnissen. Mehr erfahren.\" \/>\n<meta property=\"og:url\" content=\"https:\/\/artesi.it\/de\/ausschreibungen\/\" \/>\n<meta property=\"og:site_name\" content=\"Artesi\" \/>\n<meta property=\"article:modified_time\" content=\"2025-12-02T16:05:19+00:00\" \/>\n<meta property=\"og:image\" content=\"https:\/\/artesi.it\/wp-content\/uploads\/2025\/07\/POR-FESR-2014-2020-1.png\" \/>\n\t<meta property=\"og:image:width\" content=\"660\" \/>\n\t<meta property=\"og:image:height\" content=\"151\" \/>\n\t<meta property=\"og:image:type\" content=\"image\/png\" \/>\n<meta name=\"twitter:card\" content=\"summary_large_image\" \/>\n<meta name=\"twitter:label1\" content=\"Gesch\u00e4tzte Lesezeit\" \/>\n\t<meta name=\"twitter:data1\" content=\"1\u00a0Minute\" \/>\n<script type=\"application\/ld+json\" class=\"yoast-schema-graph\">{\"@context\":\"https:\\\/\\\/schema.org\",\"@graph\":[{\"@type\":\"WebPage\",\"@id\":\"https:\\\/\\\/artesi.it\\\/de\\\/ausschreibungen\\\/\",\"url\":\"https:\\\/\\\/artesi.it\\\/de\\\/ausschreibungen\\\/\",\"name\":\"Gef\u00f6rderte Ausschreibungen \u2013 Artesi\",\"isPartOf\":{\"@id\":\"https:\\\/\\\/artesi.it\\\/de\\\/#website\"},\"primaryImageOfPage\":{\"@id\":\"https:\\\/\\\/artesi.it\\\/de\\\/ausschreibungen\\\/#primaryimage\"},\"image\":{\"@id\":\"https:\\\/\\\/artesi.it\\\/de\\\/ausschreibungen\\\/#primaryimage\"},\"thumbnailUrl\":\"https:\\\/\\\/artesi.it\\\/wp-content\\\/uploads\\\/2025\\\/07\\\/POR-FESR-2014-2020-1.png\",\"datePublished\":\"2025-07-28T06:57:15+00:00\",\"dateModified\":\"2025-12-02T16:05:19+00:00\",\"description\":\"Artesi-Projekte, kofinanziert durch europ\u00e4ische und regionale F\u00f6rdermittel: Details zu F\u00f6rdersummen, Zielen und Ergebnissen. Mehr erfahren.\",\"breadcrumb\":{\"@id\":\"https:\\\/\\\/artesi.it\\\/de\\\/ausschreibungen\\\/#breadcrumb\"},\"inLanguage\":\"de\",\"potentialAction\":[{\"@type\":\"ReadAction\",\"target\":[\"https:\\\/\\\/artesi.it\\\/de\\\/ausschreibungen\\\/\"]}]},{\"@type\":\"ImageObject\",\"inLanguage\":\"de\",\"@id\":\"https:\\\/\\\/artesi.it\\\/de\\\/ausschreibungen\\\/#primaryimage\",\"url\":\"https:\\\/\\\/artesi.it\\\/wp-content\\\/uploads\\\/2025\\\/07\\\/POR-FESR-2014-2020-1.png\",\"contentUrl\":\"https:\\\/\\\/artesi.it\\\/wp-content\\\/uploads\\\/2025\\\/07\\\/POR-FESR-2014-2020-1.png\"},{\"@type\":\"BreadcrumbList\",\"@id\":\"https:\\\/\\\/artesi.it\\\/de\\\/ausschreibungen\\\/#breadcrumb\",\"itemListElement\":[{\"@type\":\"ListItem\",\"position\":1,\"name\":\"Home\",\"item\":\"https:\\\/\\\/artesi.it\\\/de\\\/\"},{\"@type\":\"ListItem\",\"position\":2,\"name\":\"Ausschreibungen\"}]},{\"@type\":\"WebSite\",\"@id\":\"https:\\\/\\\/artesi.it\\\/de\\\/#website\",\"url\":\"https:\\\/\\\/artesi.it\\\/de\\\/\",\"name\":\"Artesi\",\"description\":\"\",\"publisher\":{\"@id\":\"https:\\\/\\\/artesi.it\\\/de\\\/#organization\"},\"potentialAction\":[{\"@type\":\"SearchAction\",\"target\":{\"@type\":\"EntryPoint\",\"urlTemplate\":\"https:\\\/\\\/artesi.it\\\/de\\\/?s={search_term_string}\"},\"query-input\":{\"@type\":\"PropertyValueSpecification\",\"valueRequired\":true,\"valueName\":\"search_term_string\"}}],\"inLanguage\":\"de\"},{\"@type\":\"Organization\",\"@id\":\"https:\\\/\\\/artesi.it\\\/de\\\/#organization\",\"name\":\"Artesi\",\"url\":\"https:\\\/\\\/artesi.it\\\/de\\\/\",\"logo\":{\"@type\":\"ImageObject\",\"inLanguage\":\"de\",\"@id\":\"https:\\\/\\\/artesi.it\\\/de\\\/#\\\/schema\\\/logo\\\/image\\\/\",\"url\":\"https:\\\/\\\/artesi.it\\\/wp-content\\\/uploads\\\/2025\\\/04\\\/LOGHI_ridimensionati-Artesigroup.png\",\"contentUrl\":\"https:\\\/\\\/artesi.it\\\/wp-content\\\/uploads\\\/2025\\\/04\\\/LOGHI_ridimensionati-Artesigroup.png\",\"width\":1200,\"height\":138,\"caption\":\"Artesi\"},\"image\":{\"@id\":\"https:\\\/\\\/artesi.it\\\/de\\\/#\\\/schema\\\/logo\\\/image\\\/\"}}]}<\/script>\n<!-- \/ Yoast SEO plugin. -->","yoast_head_json":{"title":"Gef\u00f6rderte Ausschreibungen \u2013 Artesi","description":"Artesi-Projekte, kofinanziert durch europ\u00e4ische und regionale F\u00f6rdermittel: Details zu F\u00f6rdersummen, Zielen und Ergebnissen. Mehr erfahren.","robots":{"index":"index","follow":"follow","max-snippet":"max-snippet:-1","max-image-preview":"max-image-preview:large","max-video-preview":"max-video-preview:-1"},"canonical":"https:\/\/artesi.it\/de\/ausschreibungen\/","og_locale":"de_DE","og_type":"article","og_title":"Gef\u00f6rderte Ausschreibungen \u2013 Artesi","og_description":"Artesi-Projekte, kofinanziert durch europ\u00e4ische und regionale F\u00f6rdermittel: Details zu F\u00f6rdersummen, Zielen und Ergebnissen. Mehr erfahren.","og_url":"https:\/\/artesi.it\/de\/ausschreibungen\/","og_site_name":"Artesi","article_modified_time":"2025-12-02T16:05:19+00:00","og_image":[{"width":660,"height":151,"url":"https:\/\/artesi.it\/wp-content\/uploads\/2025\/07\/POR-FESR-2014-2020-1.png","type":"image\/png"}],"twitter_card":"summary_large_image","twitter_misc":{"Gesch\u00e4tzte Lesezeit":"1\u00a0Minute"},"schema":{"@context":"https:\/\/schema.org","@graph":[{"@type":"WebPage","@id":"https:\/\/artesi.it\/de\/ausschreibungen\/","url":"https:\/\/artesi.it\/de\/ausschreibungen\/","name":"Gef\u00f6rderte Ausschreibungen \u2013 Artesi","isPartOf":{"@id":"https:\/\/artesi.it\/de\/#website"},"primaryImageOfPage":{"@id":"https:\/\/artesi.it\/de\/ausschreibungen\/#primaryimage"},"image":{"@id":"https:\/\/artesi.it\/de\/ausschreibungen\/#primaryimage"},"thumbnailUrl":"https:\/\/artesi.it\/wp-content\/uploads\/2025\/07\/POR-FESR-2014-2020-1.png","datePublished":"2025-07-28T06:57:15+00:00","dateModified":"2025-12-02T16:05:19+00:00","description":"Artesi-Projekte, kofinanziert durch europ\u00e4ische und regionale F\u00f6rdermittel: Details zu F\u00f6rdersummen, Zielen und Ergebnissen. Mehr erfahren.","breadcrumb":{"@id":"https:\/\/artesi.it\/de\/ausschreibungen\/#breadcrumb"},"inLanguage":"de","potentialAction":[{"@type":"ReadAction","target":["https:\/\/artesi.it\/de\/ausschreibungen\/"]}]},{"@type":"ImageObject","inLanguage":"de","@id":"https:\/\/artesi.it\/de\/ausschreibungen\/#primaryimage","url":"https:\/\/artesi.it\/wp-content\/uploads\/2025\/07\/POR-FESR-2014-2020-1.png","contentUrl":"https:\/\/artesi.it\/wp-content\/uploads\/2025\/07\/POR-FESR-2014-2020-1.png"},{"@type":"BreadcrumbList","@id":"https:\/\/artesi.it\/de\/ausschreibungen\/#breadcrumb","itemListElement":[{"@type":"ListItem","position":1,"name":"Home","item":"https:\/\/artesi.it\/de\/"},{"@type":"ListItem","position":2,"name":"Ausschreibungen"}]},{"@type":"WebSite","@id":"https:\/\/artesi.it\/de\/#website","url":"https:\/\/artesi.it\/de\/","name":"Artesi","description":"","publisher":{"@id":"https:\/\/artesi.it\/de\/#organization"},"potentialAction":[{"@type":"SearchAction","target":{"@type":"EntryPoint","urlTemplate":"https:\/\/artesi.it\/de\/?s={search_term_string}"},"query-input":{"@type":"PropertyValueSpecification","valueRequired":true,"valueName":"search_term_string"}}],"inLanguage":"de"},{"@type":"Organization","@id":"https:\/\/artesi.it\/de\/#organization","name":"Artesi","url":"https:\/\/artesi.it\/de\/","logo":{"@type":"ImageObject","inLanguage":"de","@id":"https:\/\/artesi.it\/de\/#\/schema\/logo\/image\/","url":"https:\/\/artesi.it\/wp-content\/uploads\/2025\/04\/LOGHI_ridimensionati-Artesigroup.png","contentUrl":"https:\/\/artesi.it\/wp-content\/uploads\/2025\/04\/LOGHI_ridimensionati-Artesigroup.png","width":1200,"height":138,"caption":"Artesi"},"image":{"@id":"https:\/\/artesi.it\/de\/#\/schema\/logo\/image\/"}}]}},"_links":{"self":[{"href":"https:\/\/artesi.it\/de\/wp-json\/wp\/v2\/pages\/13599","targetHints":{"allow":["GET"]}}],"collection":[{"href":"https:\/\/artesi.it\/de\/wp-json\/wp\/v2\/pages"}],"about":[{"href":"https:\/\/artesi.it\/de\/wp-json\/wp\/v2\/types\/page"}],"author":[{"embeddable":true,"href":"https:\/\/artesi.it\/de\/wp-json\/wp\/v2\/users\/1"}],"replies":[{"embeddable":true,"href":"https:\/\/artesi.it\/de\/wp-json\/wp\/v2\/comments?post=13599"}],"version-history":[{"count":1,"href":"https:\/\/artesi.it\/de\/wp-json\/wp\/v2\/pages\/13599\/revisions"}],"predecessor-version":[{"id":13600,"href":"https:\/\/artesi.it\/de\/wp-json\/wp\/v2\/pages\/13599\/revisions\/13600"}],"wp:attachment":[{"href":"https:\/\/artesi.it\/de\/wp-json\/wp\/v2\/media?parent=13599"}],"curies":[{"name":"wp","href":"https:\/\/api.w.org\/{rel}","templated":true}]}}