{"id":13670,"date":"2025-07-01T12:56:33","date_gmt":"2025-07-01T10:56:33","guid":{"rendered":"https:\/\/artesi.it\/whistleblowing-policy\/"},"modified":"2025-12-03T09:10:30","modified_gmt":"2025-12-03T08:10:30","slug":"whistleblowing-policy","status":"publish","type":"page","link":"https:\/\/artesi.it\/de\/whistleblowing-policy\/","title":{"rendered":"Whistleblowing policy"},"content":{"rendered":"\t\t<div data-elementor-type=\"wp-page\" data-elementor-id=\"13670\" class=\"elementor elementor-13670 elementor-3883\" data-elementor-post-type=\"page\">\n\t\t\t\t<div class=\"elementor-element elementor-element-d10a0d1 e-flex e-con-boxed e-con e-parent\" data-id=\"d10a0d1\" data-element_type=\"container\" data-e-type=\"container\">\n\t\t\t\t\t<div class=\"e-con-inner\">\n\t\t<div class=\"elementor-element elementor-element-435a051 e-con-full e-flex e-con e-child\" data-id=\"435a051\" data-element_type=\"container\" data-e-type=\"container\">\n\t\t\t\t<div class=\"elementor-element elementor-element-0e58253 elementor-widget__width-initial elementor-widget-divider--view-line elementor-widget elementor-widget-divider\" data-id=\"0e58253\" data-element_type=\"widget\" data-e-type=\"widget\" data-widget_type=\"divider.default\">\n\t\t\t\t\t\t\t<div class=\"elementor-divider\">\n\t\t\t<span class=\"elementor-divider-separator\">\n\t\t\t\t\t\t<\/span>\n\t\t<\/div>\n\t\t\t\t\t\t<\/div>\n\t\t\t\t<div class=\"elementor-element elementor-element-cb9c4b0 elementor-widget__width-initial elementor-widget elementor-widget-heading\" data-id=\"cb9c4b0\" data-element_type=\"widget\" data-e-type=\"widget\" data-widget_type=\"heading.default\">\n\t\t\t\t\t<h2 class=\"elementor-heading-title elementor-size-default\">Whistleblowing policy<\/h2>\t\t\t\t<\/div>\n\t\t\t\t<\/div>\n\t\t\t\t\t<\/div>\n\t\t\t\t<\/div>\n\t\t<div class=\"elementor-element elementor-element-8457637 e-flex e-con-boxed e-con e-parent\" data-id=\"8457637\" data-element_type=\"container\" data-e-type=\"container\">\n\t\t\t\t\t<div class=\"e-con-inner\">\n\t\t<div class=\"elementor-element elementor-element-eb15667 e-con-full e-flex e-con e-child\" data-id=\"eb15667\" data-element_type=\"container\" data-e-type=\"container\">\n\t\t\t\t<div class=\"elementor-element elementor-element-665d7c1 elementor-widget elementor-widget-text-editor\" data-id=\"665d7c1\" data-element_type=\"widget\" data-e-type=\"widget\" data-widget_type=\"text-editor.default\">\n\t\t\t\t\t\t\t\t\t<p>Artesi stellt ein Verfahren zur Verf\u00fcgung, dessen Ziel es ist, ein Arbeitsumfeld zu gew\u00e4hrleisten, in dem unrechtm\u00e4\u00dfige Verhaltensweisen innerhalb des Unternehmens frei gemeldet werden k\u00f6nnen.Zu diesem Zweck regelt das Verfahren den Prozess der Meldung unrechtm\u00e4\u00dfiger Verhaltensweisen und definiert daher geeignete Kommunikationskan\u00e4le f\u00fcr den Empfang, die Analyse und die Bearbeitung von Meldungen, die auch vertraulich oder anonym \u00fcbermittelt werden k\u00f6nnen.<\/p>\n\t\t\t\t\t\t\t\t<\/div>\n\t\t<div class=\"elementor-element elementor-element-9acba4b e-con-full e-flex e-con e-child\" data-id=\"9acba4b\" data-element_type=\"container\" data-e-type=\"container\">\n\t\t<div class=\"elementor-element elementor-element-66fcb37 e-con-full e-flex e-con e-child\" data-id=\"66fcb37\" data-element_type=\"container\" data-e-type=\"container\">\n\t\t\t\t<div class=\"elementor-element elementor-element-5255c67 elementor-tablet-align-center elementor-mobile-align-justify elementor-widget-tablet__width-initial elementor-widget-mobile__width-inherit elementor-align-left elementor-widget elementor-widget-button\" data-id=\"5255c67\" data-element_type=\"widget\" data-e-type=\"widget\" data-widget_type=\"button.default\">\n\t\t\t\t\t\t\t\t\t\t<a class=\"elementor-button elementor-button-link elementor-size-lg\" href=\"https:\/\/artesi.it\/wp-content\/uploads\/2025\/07\/Info_segnalazioniV_Whistleblowing.pdf\">\n\t\t\t\t\t\t<span class=\"elementor-button-content-wrapper\">\n\t\t\t\t\t\t<span class=\"elementor-button-icon\">\n\t\t\t\t<svg aria-hidden=\"true\" class=\"e-font-icon-svg e-far-file-pdf\" viewBox=\"0 0 384 512\" xmlns=\"http:\/\/www.w3.org\/2000\/svg\"><path d=\"M369.9 97.9L286 14C277 5 264.8-.1 252.1-.1H48C21.5 0 0 21.5 0 48v416c0 26.5 21.5 48 48 48h288c26.5 0 48-21.5 48-48V131.9c0-12.7-5.1-25-14.1-34zM332.1 128H256V51.9l76.1 76.1zM48 464V48h160v104c0 13.3 10.7 24 24 24h104v288H48zm250.2-143.7c-12.2-12-47-8.7-64.4-6.5-17.2-10.5-28.7-25-36.8-46.3 3.9-16.1 10.1-40.6 5.4-56-4.2-26.2-37.8-23.6-42.6-5.9-4.4 16.1-.4 38.5 7 67.1-10 23.9-24.9 56-35.4 74.4-20 10.3-47 26.2-51 46.2-3.3 15.8 26 55.2 76.1-31.2 22.4-7.4 46.8-16.5 68.4-20.1 18.9 10.2 41 17 55.8 17 25.5 0 28-28.2 17.5-38.7zm-198.1 77.8c5.1-13.7 24.5-29.5 30.4-35-19 30.3-30.4 35.7-30.4 35zm81.6-190.6c7.4 0 6.7 32.1 1.8 40.8-4.4-13.9-4.3-40.8-1.8-40.8zm-24.4 136.6c9.7-16.9 18-37 24.7-54.7 8.3 15.1 18.9 27.2 30.1 35.5-20.8 4.3-38.9 13.1-54.8 19.2zm131.6-5s-5 6-37.3-7.8c35.1-2.6 40.9 5.4 37.3 7.8z\"><\/path><\/svg>\t\t\t<\/span>\n\t\t\t\t\t\t\t\t\t<span class=\"elementor-button-text\">Informationsblatt<\/span>\n\t\t\t\t\t<\/span>\n\t\t\t\t\t<\/a>\n\t\t\t\t\t\t\t\t<\/div>\n\t\t\t\t<\/div>\n\t\t<div class=\"elementor-element elementor-element-7db4c60 e-con-full e-flex e-con e-child\" data-id=\"7db4c60\" data-element_type=\"container\" data-e-type=\"container\">\n\t\t\t\t<div class=\"elementor-element elementor-element-b795965 elementor-tablet-align-center elementor-mobile-align-justify elementor-widget-tablet__width-initial elementor-widget-mobile__width-inherit elementor-align-left elementor-widget elementor-widget-button\" data-id=\"b795965\" data-element_type=\"widget\" data-e-type=\"widget\" data-widget_type=\"button.default\">\n\t\t\t\t\t\t\t\t\t\t<a class=\"elementor-button elementor-button-link elementor-size-lg\" href=\"https:\/\/artesi.it\/wp-content\/uploads\/2025\/07\/Procedura_Whistleblowing_1223.pdf\">\n\t\t\t\t\t\t<span class=\"elementor-button-content-wrapper\">\n\t\t\t\t\t\t<span class=\"elementor-button-icon\">\n\t\t\t\t<svg aria-hidden=\"true\" class=\"e-font-icon-svg e-far-file-pdf\" viewBox=\"0 0 384 512\" xmlns=\"http:\/\/www.w3.org\/2000\/svg\"><path d=\"M369.9 97.9L286 14C277 5 264.8-.1 252.1-.1H48C21.5 0 0 21.5 0 48v416c0 26.5 21.5 48 48 48h288c26.5 0 48-21.5 48-48V131.9c0-12.7-5.1-25-14.1-34zM332.1 128H256V51.9l76.1 76.1zM48 464V48h160v104c0 13.3 10.7 24 24 24h104v288H48zm250.2-143.7c-12.2-12-47-8.7-64.4-6.5-17.2-10.5-28.7-25-36.8-46.3 3.9-16.1 10.1-40.6 5.4-56-4.2-26.2-37.8-23.6-42.6-5.9-4.4 16.1-.4 38.5 7 67.1-10 23.9-24.9 56-35.4 74.4-20 10.3-47 26.2-51 46.2-3.3 15.8 26 55.2 76.1-31.2 22.4-7.4 46.8-16.5 68.4-20.1 18.9 10.2 41 17 55.8 17 25.5 0 28-28.2 17.5-38.7zm-198.1 77.8c5.1-13.7 24.5-29.5 30.4-35-19 30.3-30.4 35.7-30.4 35zm81.6-190.6c7.4 0 6.7 32.1 1.8 40.8-4.4-13.9-4.3-40.8-1.8-40.8zm-24.4 136.6c9.7-16.9 18-37 24.7-54.7 8.3 15.1 18.9 27.2 30.1 35.5-20.8 4.3-38.9 13.1-54.8 19.2zm131.6-5s-5 6-37.3-7.8c35.1-2.6 40.9 5.4 37.3 7.8z\"><\/path><\/svg>\t\t\t<\/span>\n\t\t\t\t\t\t\t\t\t<span class=\"elementor-button-text\">Whistleblowing Verfahren <\/span>\n\t\t\t\t\t<\/span>\n\t\t\t\t\t<\/a>\n\t\t\t\t\t\t\t\t<\/div>\n\t\t\t\t<\/div>\n\t\t\t\t<\/div>\n\t\t\t\t<\/div>\n\t\t\t\t\t<\/div>\n\t\t\t\t<\/div>\n\t\t\t\t<\/div>\n\t\t","protected":false},"excerpt":{"rendered":"<p>Whistleblowing policy Artesi stellt ein Verfahren zur Verf\u00fcgung, dessen Ziel es ist, ein Arbeitsumfeld zu gew\u00e4hrleisten, in dem unrechtm\u00e4\u00dfige Verhaltensweisen innerhalb des Unternehmens frei gemeldet werden k\u00f6nnen.Zu diesem Zweck regelt das Verfahren den Prozess der Meldung unrechtm\u00e4\u00dfiger Verhaltensweisen und definiert daher geeignete Kommunikationskan\u00e4le f\u00fcr den Empfang, die Analyse und die Bearbeitung von Meldungen, die auch [&hellip;]<\/p>\n","protected":false},"author":1,"featured_media":0,"parent":0,"menu_order":0,"comment_status":"closed","ping_status":"closed","template":"elementor_header_footer","meta":{"footnotes":""},"class_list":["post-13670","page","type-page","status-publish","hentry"],"yoast_head":"<!-- This site is optimized with the Yoast SEO plugin v27.5 - https:\/\/yoast.com\/product\/yoast-seo-wordpress\/ -->\n<title>Whistleblowing policy - Artesi<\/title>\n<meta name=\"robots\" content=\"index, follow, max-snippet:-1, max-image-preview:large, max-video-preview:-1\" \/>\n<link rel=\"canonical\" href=\"https:\/\/artesi.it\/de\/whistleblowing-policy\/\" \/>\n<meta property=\"og:locale\" content=\"de_DE\" \/>\n<meta property=\"og:type\" content=\"article\" \/>\n<meta property=\"og:title\" content=\"Whistleblowing policy - Artesi\" \/>\n<meta property=\"og:description\" content=\"Whistleblowing policy Artesi stellt ein Verfahren zur Verf\u00fcgung, dessen Ziel es ist, ein Arbeitsumfeld zu gew\u00e4hrleisten, in dem unrechtm\u00e4\u00dfige Verhaltensweisen innerhalb des Unternehmens frei gemeldet werden k\u00f6nnen.Zu diesem Zweck regelt das Verfahren den Prozess der Meldung unrechtm\u00e4\u00dfiger Verhaltensweisen und definiert daher geeignete Kommunikationskan\u00e4le f\u00fcr den Empfang, die Analyse und die Bearbeitung von Meldungen, die auch [&hellip;]\" \/>\n<meta property=\"og:url\" content=\"https:\/\/artesi.it\/de\/whistleblowing-policy\/\" \/>\n<meta property=\"og:site_name\" content=\"Artesi\" \/>\n<meta property=\"article:modified_time\" content=\"2025-12-03T08:10:30+00:00\" \/>\n<meta name=\"twitter:card\" content=\"summary_large_image\" \/>\n<script type=\"application\/ld+json\" class=\"yoast-schema-graph\">{\"@context\":\"https:\\\/\\\/schema.org\",\"@graph\":[{\"@type\":\"WebPage\",\"@id\":\"https:\\\/\\\/artesi.it\\\/de\\\/whistleblowing-policy\\\/\",\"url\":\"https:\\\/\\\/artesi.it\\\/de\\\/whistleblowing-policy\\\/\",\"name\":\"Whistleblowing policy - Artesi\",\"isPartOf\":{\"@id\":\"https:\\\/\\\/artesi.it\\\/de\\\/#website\"},\"datePublished\":\"2025-07-01T10:56:33+00:00\",\"dateModified\":\"2025-12-03T08:10:30+00:00\",\"breadcrumb\":{\"@id\":\"https:\\\/\\\/artesi.it\\\/de\\\/whistleblowing-policy\\\/#breadcrumb\"},\"inLanguage\":\"de\",\"potentialAction\":[{\"@type\":\"ReadAction\",\"target\":[\"https:\\\/\\\/artesi.it\\\/de\\\/whistleblowing-policy\\\/\"]}]},{\"@type\":\"BreadcrumbList\",\"@id\":\"https:\\\/\\\/artesi.it\\\/de\\\/whistleblowing-policy\\\/#breadcrumb\",\"itemListElement\":[{\"@type\":\"ListItem\",\"position\":1,\"name\":\"Home\",\"item\":\"https:\\\/\\\/artesi.it\\\/de\\\/\"},{\"@type\":\"ListItem\",\"position\":2,\"name\":\"Whistleblowing policy\"}]},{\"@type\":\"WebSite\",\"@id\":\"https:\\\/\\\/artesi.it\\\/de\\\/#website\",\"url\":\"https:\\\/\\\/artesi.it\\\/de\\\/\",\"name\":\"Artesi\",\"description\":\"\",\"publisher\":{\"@id\":\"https:\\\/\\\/artesi.it\\\/de\\\/#organization\"},\"potentialAction\":[{\"@type\":\"SearchAction\",\"target\":{\"@type\":\"EntryPoint\",\"urlTemplate\":\"https:\\\/\\\/artesi.it\\\/de\\\/?s={search_term_string}\"},\"query-input\":{\"@type\":\"PropertyValueSpecification\",\"valueRequired\":true,\"valueName\":\"search_term_string\"}}],\"inLanguage\":\"de\"},{\"@type\":\"Organization\",\"@id\":\"https:\\\/\\\/artesi.it\\\/de\\\/#organization\",\"name\":\"Artesi\",\"url\":\"https:\\\/\\\/artesi.it\\\/de\\\/\",\"logo\":{\"@type\":\"ImageObject\",\"inLanguage\":\"de\",\"@id\":\"https:\\\/\\\/artesi.it\\\/de\\\/#\\\/schema\\\/logo\\\/image\\\/\",\"url\":\"https:\\\/\\\/artesi.it\\\/wp-content\\\/uploads\\\/2025\\\/04\\\/LOGHI_ridimensionati-Artesigroup.png\",\"contentUrl\":\"https:\\\/\\\/artesi.it\\\/wp-content\\\/uploads\\\/2025\\\/04\\\/LOGHI_ridimensionati-Artesigroup.png\",\"width\":1200,\"height\":138,\"caption\":\"Artesi\"},\"image\":{\"@id\":\"https:\\\/\\\/artesi.it\\\/de\\\/#\\\/schema\\\/logo\\\/image\\\/\"}}]}<\/script>\n<!-- \/ Yoast SEO plugin. -->","yoast_head_json":{"title":"Whistleblowing policy - Artesi","robots":{"index":"index","follow":"follow","max-snippet":"max-snippet:-1","max-image-preview":"max-image-preview:large","max-video-preview":"max-video-preview:-1"},"canonical":"https:\/\/artesi.it\/de\/whistleblowing-policy\/","og_locale":"de_DE","og_type":"article","og_title":"Whistleblowing policy - Artesi","og_description":"Whistleblowing policy Artesi stellt ein Verfahren zur Verf\u00fcgung, dessen Ziel es ist, ein Arbeitsumfeld zu gew\u00e4hrleisten, in dem unrechtm\u00e4\u00dfige Verhaltensweisen innerhalb des Unternehmens frei gemeldet werden k\u00f6nnen.Zu diesem Zweck regelt das Verfahren den Prozess der Meldung unrechtm\u00e4\u00dfiger Verhaltensweisen und definiert daher geeignete Kommunikationskan\u00e4le f\u00fcr den Empfang, die Analyse und die Bearbeitung von Meldungen, die auch [&hellip;]","og_url":"https:\/\/artesi.it\/de\/whistleblowing-policy\/","og_site_name":"Artesi","article_modified_time":"2025-12-03T08:10:30+00:00","twitter_card":"summary_large_image","schema":{"@context":"https:\/\/schema.org","@graph":[{"@type":"WebPage","@id":"https:\/\/artesi.it\/de\/whistleblowing-policy\/","url":"https:\/\/artesi.it\/de\/whistleblowing-policy\/","name":"Whistleblowing policy - Artesi","isPartOf":{"@id":"https:\/\/artesi.it\/de\/#website"},"datePublished":"2025-07-01T10:56:33+00:00","dateModified":"2025-12-03T08:10:30+00:00","breadcrumb":{"@id":"https:\/\/artesi.it\/de\/whistleblowing-policy\/#breadcrumb"},"inLanguage":"de","potentialAction":[{"@type":"ReadAction","target":["https:\/\/artesi.it\/de\/whistleblowing-policy\/"]}]},{"@type":"BreadcrumbList","@id":"https:\/\/artesi.it\/de\/whistleblowing-policy\/#breadcrumb","itemListElement":[{"@type":"ListItem","position":1,"name":"Home","item":"https:\/\/artesi.it\/de\/"},{"@type":"ListItem","position":2,"name":"Whistleblowing policy"}]},{"@type":"WebSite","@id":"https:\/\/artesi.it\/de\/#website","url":"https:\/\/artesi.it\/de\/","name":"Artesi","description":"","publisher":{"@id":"https:\/\/artesi.it\/de\/#organization"},"potentialAction":[{"@type":"SearchAction","target":{"@type":"EntryPoint","urlTemplate":"https:\/\/artesi.it\/de\/?s={search_term_string}"},"query-input":{"@type":"PropertyValueSpecification","valueRequired":true,"valueName":"search_term_string"}}],"inLanguage":"de"},{"@type":"Organization","@id":"https:\/\/artesi.it\/de\/#organization","name":"Artesi","url":"https:\/\/artesi.it\/de\/","logo":{"@type":"ImageObject","inLanguage":"de","@id":"https:\/\/artesi.it\/de\/#\/schema\/logo\/image\/","url":"https:\/\/artesi.it\/wp-content\/uploads\/2025\/04\/LOGHI_ridimensionati-Artesigroup.png","contentUrl":"https:\/\/artesi.it\/wp-content\/uploads\/2025\/04\/LOGHI_ridimensionati-Artesigroup.png","width":1200,"height":138,"caption":"Artesi"},"image":{"@id":"https:\/\/artesi.it\/de\/#\/schema\/logo\/image\/"}}]}},"_links":{"self":[{"href":"https:\/\/artesi.it\/de\/wp-json\/wp\/v2\/pages\/13670","targetHints":{"allow":["GET"]}}],"collection":[{"href":"https:\/\/artesi.it\/de\/wp-json\/wp\/v2\/pages"}],"about":[{"href":"https:\/\/artesi.it\/de\/wp-json\/wp\/v2\/types\/page"}],"author":[{"embeddable":true,"href":"https:\/\/artesi.it\/de\/wp-json\/wp\/v2\/users\/1"}],"replies":[{"embeddable":true,"href":"https:\/\/artesi.it\/de\/wp-json\/wp\/v2\/comments?post=13670"}],"version-history":[{"count":1,"href":"https:\/\/artesi.it\/de\/wp-json\/wp\/v2\/pages\/13670\/revisions"}],"predecessor-version":[{"id":13671,"href":"https:\/\/artesi.it\/de\/wp-json\/wp\/v2\/pages\/13670\/revisions\/13671"}],"wp:attachment":[{"href":"https:\/\/artesi.it\/de\/wp-json\/wp\/v2\/media?parent=13670"}],"curies":[{"name":"wp","href":"https:\/\/api.w.org\/{rel}","templated":true}]}}