{"id":13684,"date":"2025-07-17T11:25:26","date_gmt":"2025-07-17T09:25:26","guid":{"rendered":"https:\/\/artesi.it\/newsletter\/"},"modified":"2025-12-03T09:41:25","modified_gmt":"2025-12-03T08:41:25","slug":"newsletter","status":"publish","type":"page","link":"https:\/\/artesi.it\/de\/newsletter\/","title":{"rendered":"Newsletter"},"content":{"rendered":"\t\t<div data-elementor-type=\"wp-page\" data-elementor-id=\"13684\" class=\"elementor elementor-13684 elementor-10444\" data-elementor-post-type=\"page\">\n\t\t\t\t<div class=\"elementor-element elementor-element-547e082 e-flex e-con-boxed e-con e-parent\" data-id=\"547e082\" data-element_type=\"container\" data-e-type=\"container\">\n\t\t\t\t\t<div class=\"e-con-inner\">\n\t\t<div class=\"elementor-element elementor-element-e1a6560 e-con-full e-flex e-con e-child\" data-id=\"e1a6560\" data-element_type=\"container\" data-e-type=\"container\">\n\t\t\t\t<div class=\"elementor-element elementor-element-be25bbf elementor-widget__width-initial elementor-widget-divider--view-line elementor-widget elementor-widget-divider\" data-id=\"be25bbf\" data-element_type=\"widget\" data-e-type=\"widget\" data-widget_type=\"divider.default\">\n\t\t\t\t\t\t\t<div class=\"elementor-divider\">\n\t\t\t<span class=\"elementor-divider-separator\">\n\t\t\t\t\t\t<\/span>\n\t\t<\/div>\n\t\t\t\t\t\t<\/div>\n\t\t\t\t<\/div>\n\t\t\t\t\t<\/div>\n\t\t\t\t<\/div>\n\t\t<div class=\"elementor-element elementor-element-6210b06 e-flex e-con-boxed e-con e-parent\" data-id=\"6210b06\" data-element_type=\"container\" data-e-type=\"container\">\n\t\t\t\t\t<div class=\"e-con-inner\">\n\t\t<div class=\"elementor-element elementor-element-d0c6c23 e-con-full e-flex e-con e-child\" data-id=\"d0c6c23\" data-element_type=\"container\" data-e-type=\"container\">\n\t\t\t\t<div class=\"elementor-element elementor-element-586e566 elementor-widget__width-initial elementor-widget elementor-widget-text-editor\" data-id=\"586e566\" data-element_type=\"widget\" data-e-type=\"widget\" data-widget_type=\"text-editor.default\">\n\t\t\t\t\t\t\t\t\t<p>Diese Informationen werden gem\u00e4\u00df Artikel 13 des italienischen Gesetzesdekrets Nr. 196\/2003 \u2013 Datenschutzgesetz \u2013 und den Artikeln 13 und 14 der EU-Verordnung 2016\/679 bereitgestellt. Der Newsletter von Artesi srl wird per E-Mail an diejenigen versendet, die ihn ausdr\u00fccklich anfordern, indem sie das Formular auf dieser Seite ausf\u00fcllen und Artesi srl die Erlaubnis zur Verarbeitung ihrer personenbezogenen Daten erteilen. Die Angabe der Daten ist freiwillig. Die Verweigerung der Datenbereitstellung macht den Bezug des Newsletter-Dienstes unm\u00f6glich.<\/p>\n<p><strong>Zweck der Datenverarbeitung<\/strong><\/p>\n<p>Die von den Nutzern angegebenen personenbezogenen Daten werden ausschlie\u00dflich zum Versand des Newsletters verwendet und nicht an Dritte weitergegeben.<\/p>\n<p><strong>Methoden der Datenverarbeitung<\/strong><\/p>\n<p>Die erhobenen Daten werden mithilfe von IT-Systemen verarbeitet.<\/p>\n<p>Es werden geeignete Sicherheitsma\u00dfnahmen getroffen, um Datenverlust, unrechtm\u00e4\u00dfige oder unsachgem\u00e4\u00dfe Verwendung sowie unbefugten Zugriff zu verhindern.<\/p>\n<p><strong>Verantwortlicher f\u00fcr die Datenverarbeitung<\/strong><\/p>\n<p>Verantwortlicher f\u00fcr die Datenverarbeitung ist Artesi srl mit Sitz in Via A. Carpen\u00e8, 4, 33070 Maron di Brugnera (PN).<\/p>\n<p>Die Datenverarbeitung im Zusammenhang mit dem Newsletter-Dienst erfolgt am genannten Firmensitz und wird von Mitarbeitern des Unternehmens durchgef\u00fchrt.<\/p>\n<p><strong>Auftragsverarbeiter<\/strong><\/p>\n<p>Bei Bedarf f\u00fcr T\u00e4tigkeiten im Zusammenhang mit der Wartung der technischen Infrastruktur. Im Rahmen der Nutzung der Website k\u00f6nnen die mit dem Newsletter-Service verbundenen Daten von Mitarbeitern des Unternehmens verarbeitet werden, die gem\u00e4\u00df Artikel 29 des franz\u00f6sischen Datenschutzgesetzes und den dazugeh\u00f6rigen Artikeln f\u00fcr die Datenverarbeitung verantwortlich sind. 28 EU-Verordnung 2016\/679.<\/p>\n<p><strong>Rechte der betroffenen Personen<\/strong><\/p>\n<p>Die Personen, auf die sich die personenbezogenen Daten beziehen, haben jederzeit das Recht, eine Best\u00e4tigung \u00fcber das Vorhandensein oder Nichtvorhandensein dieser Daten zu erhalten und deren Inhalt und Herkunft zu erfahren, ihre Richtigkeit zu \u00fcberpr\u00fcfen oder deren Erg\u00e4nzung, Aktualisierung oder Berichtigung zu verlangen (gem\u00e4\u00df Artikel 7 des franz\u00f6sischen Datenschutzgesetzes und den Artikeln 15\u201322 der EU-Verordnung 2016\/679).<\/p>\n<p>Gem\u00e4\u00df demselben Artikel haben Sie das Recht, die L\u00f6schung, Anonymisierung oder Sperrung von Daten zu verlangen, die rechtswidrig verarbeitet wurden, sowie aus berechtigten Gr\u00fcnden jederzeit deren Verarbeitung zu widersprechen.<\/p>\n<p>Anfragen sind zu richten an:<\/p>\n<p><strong>Artesi srl<\/strong><\/p>\n<p>Adresse: Artesi srl, Via A. Carpen\u00e8, 4, 33070 Maron di Brugnera (PN)<\/p>\n<p>Tel.: +39 0434 735353 \u2013 Fax: &#8211;<\/p>\n<p>&#8211; oder per E-Mail an info@artesigroup.it<\/p>\n<p>Weitere Informationen finden Sie in der Datenschutzerkl\u00e4rung der Website von Artesi srl (<a href=\"https:\/\/privacypolicygenerator.it\/artesi.it\/privacy-policy\/\">artesi.it\/privacy-policy\/<\/a>).<\/p>\n<p>Bei Problemen senden Sie bitte eine E-Mail an: info@artesigroup.it<\/p>\n<p><strong>Abmeldung vom Service<\/strong><\/p>\n<p>Um den Newsletter nicht mehr zu erhalten, geben Sie Ihre E-Mail-Adresse in das Formular auf dieser Seite ein und klicken Sie auf die Schaltfl\u00e4che \u201eAbmelden\u201c.<\/p>\n<p>Bei Problemen senden Sie bitte eine E-Mail an: info@artesigroup.it<\/p>\n\t\t\t\t\t\t\t\t<\/div>\n\t\t\t\t<\/div>\n\t\t\t\t\t<\/div>\n\t\t\t\t<\/div>\n\t\t\t\t<\/div>\n\t\t","protected":false},"excerpt":{"rendered":"<p>Diese Informationen werden gem\u00e4\u00df Artikel 13 des italienischen Gesetzesdekrets Nr. 196\/2003 \u2013 Datenschutzgesetz \u2013 und den Artikeln 13 und 14 der EU-Verordnung 2016\/679 bereitgestellt. Der Newsletter von Artesi srl wird per E-Mail an diejenigen versendet, die ihn ausdr\u00fccklich anfordern, indem sie das Formular auf dieser Seite ausf\u00fcllen und Artesi srl die Erlaubnis zur Verarbeitung ihrer [&hellip;]<\/p>\n","protected":false},"author":1,"featured_media":0,"parent":0,"menu_order":0,"comment_status":"closed","ping_status":"closed","template":"elementor_header_footer","meta":{"footnotes":""},"class_list":["post-13684","page","type-page","status-publish","hentry"],"yoast_head":"<!-- This site is optimized with the Yoast SEO plugin v27.5 - https:\/\/yoast.com\/product\/yoast-seo-wordpress\/ -->\n<title>Newsletter - Artesi<\/title>\n<meta name=\"robots\" content=\"index, follow, max-snippet:-1, max-image-preview:large, max-video-preview:-1\" \/>\n<link rel=\"canonical\" href=\"https:\/\/artesi.it\/de\/newsletter\/\" \/>\n<meta property=\"og:locale\" content=\"de_DE\" \/>\n<meta property=\"og:type\" content=\"article\" \/>\n<meta property=\"og:title\" content=\"Newsletter - Artesi\" \/>\n<meta property=\"og:description\" content=\"Diese Informationen werden gem\u00e4\u00df Artikel 13 des italienischen Gesetzesdekrets Nr. 196\/2003 \u2013 Datenschutzgesetz \u2013 und den Artikeln 13 und 14 der EU-Verordnung 2016\/679 bereitgestellt. Der Newsletter von Artesi srl wird per E-Mail an diejenigen versendet, die ihn ausdr\u00fccklich anfordern, indem sie das Formular auf dieser Seite ausf\u00fcllen und Artesi srl die Erlaubnis zur Verarbeitung ihrer [&hellip;]\" \/>\n<meta property=\"og:url\" content=\"https:\/\/artesi.it\/de\/newsletter\/\" \/>\n<meta property=\"og:site_name\" content=\"Artesi\" \/>\n<meta property=\"article:modified_time\" content=\"2025-12-03T08:41:25+00:00\" \/>\n<meta name=\"twitter:card\" content=\"summary_large_image\" \/>\n<meta name=\"twitter:label1\" content=\"Gesch\u00e4tzte Lesezeit\" \/>\n\t<meta name=\"twitter:data1\" content=\"2\u00a0Minuten\" \/>\n<script type=\"application\/ld+json\" class=\"yoast-schema-graph\">{\"@context\":\"https:\\\/\\\/schema.org\",\"@graph\":[{\"@type\":\"WebPage\",\"@id\":\"https:\\\/\\\/artesi.it\\\/de\\\/newsletter\\\/\",\"url\":\"https:\\\/\\\/artesi.it\\\/de\\\/newsletter\\\/\",\"name\":\"Newsletter - Artesi\",\"isPartOf\":{\"@id\":\"https:\\\/\\\/artesi.it\\\/de\\\/#website\"},\"datePublished\":\"2025-07-17T09:25:26+00:00\",\"dateModified\":\"2025-12-03T08:41:25+00:00\",\"breadcrumb\":{\"@id\":\"https:\\\/\\\/artesi.it\\\/de\\\/newsletter\\\/#breadcrumb\"},\"inLanguage\":\"de\",\"potentialAction\":[{\"@type\":\"ReadAction\",\"target\":[\"https:\\\/\\\/artesi.it\\\/de\\\/newsletter\\\/\"]}]},{\"@type\":\"BreadcrumbList\",\"@id\":\"https:\\\/\\\/artesi.it\\\/de\\\/newsletter\\\/#breadcrumb\",\"itemListElement\":[{\"@type\":\"ListItem\",\"position\":1,\"name\":\"Home\",\"item\":\"https:\\\/\\\/artesi.it\\\/de\\\/\"},{\"@type\":\"ListItem\",\"position\":2,\"name\":\"Newsletter\"}]},{\"@type\":\"WebSite\",\"@id\":\"https:\\\/\\\/artesi.it\\\/de\\\/#website\",\"url\":\"https:\\\/\\\/artesi.it\\\/de\\\/\",\"name\":\"Artesi\",\"description\":\"\",\"publisher\":{\"@id\":\"https:\\\/\\\/artesi.it\\\/de\\\/#organization\"},\"potentialAction\":[{\"@type\":\"SearchAction\",\"target\":{\"@type\":\"EntryPoint\",\"urlTemplate\":\"https:\\\/\\\/artesi.it\\\/de\\\/?s={search_term_string}\"},\"query-input\":{\"@type\":\"PropertyValueSpecification\",\"valueRequired\":true,\"valueName\":\"search_term_string\"}}],\"inLanguage\":\"de\"},{\"@type\":\"Organization\",\"@id\":\"https:\\\/\\\/artesi.it\\\/de\\\/#organization\",\"name\":\"Artesi\",\"url\":\"https:\\\/\\\/artesi.it\\\/de\\\/\",\"logo\":{\"@type\":\"ImageObject\",\"inLanguage\":\"de\",\"@id\":\"https:\\\/\\\/artesi.it\\\/de\\\/#\\\/schema\\\/logo\\\/image\\\/\",\"url\":\"https:\\\/\\\/artesi.it\\\/wp-content\\\/uploads\\\/2025\\\/04\\\/LOGHI_ridimensionati-Artesigroup.png\",\"contentUrl\":\"https:\\\/\\\/artesi.it\\\/wp-content\\\/uploads\\\/2025\\\/04\\\/LOGHI_ridimensionati-Artesigroup.png\",\"width\":1200,\"height\":138,\"caption\":\"Artesi\"},\"image\":{\"@id\":\"https:\\\/\\\/artesi.it\\\/de\\\/#\\\/schema\\\/logo\\\/image\\\/\"}}]}<\/script>\n<!-- \/ Yoast SEO plugin. -->","yoast_head_json":{"title":"Newsletter - Artesi","robots":{"index":"index","follow":"follow","max-snippet":"max-snippet:-1","max-image-preview":"max-image-preview:large","max-video-preview":"max-video-preview:-1"},"canonical":"https:\/\/artesi.it\/de\/newsletter\/","og_locale":"de_DE","og_type":"article","og_title":"Newsletter - Artesi","og_description":"Diese Informationen werden gem\u00e4\u00df Artikel 13 des italienischen Gesetzesdekrets Nr. 196\/2003 \u2013 Datenschutzgesetz \u2013 und den Artikeln 13 und 14 der EU-Verordnung 2016\/679 bereitgestellt. Der Newsletter von Artesi srl wird per E-Mail an diejenigen versendet, die ihn ausdr\u00fccklich anfordern, indem sie das Formular auf dieser Seite ausf\u00fcllen und Artesi srl die Erlaubnis zur Verarbeitung ihrer [&hellip;]","og_url":"https:\/\/artesi.it\/de\/newsletter\/","og_site_name":"Artesi","article_modified_time":"2025-12-03T08:41:25+00:00","twitter_card":"summary_large_image","twitter_misc":{"Gesch\u00e4tzte Lesezeit":"2\u00a0Minuten"},"schema":{"@context":"https:\/\/schema.org","@graph":[{"@type":"WebPage","@id":"https:\/\/artesi.it\/de\/newsletter\/","url":"https:\/\/artesi.it\/de\/newsletter\/","name":"Newsletter - Artesi","isPartOf":{"@id":"https:\/\/artesi.it\/de\/#website"},"datePublished":"2025-07-17T09:25:26+00:00","dateModified":"2025-12-03T08:41:25+00:00","breadcrumb":{"@id":"https:\/\/artesi.it\/de\/newsletter\/#breadcrumb"},"inLanguage":"de","potentialAction":[{"@type":"ReadAction","target":["https:\/\/artesi.it\/de\/newsletter\/"]}]},{"@type":"BreadcrumbList","@id":"https:\/\/artesi.it\/de\/newsletter\/#breadcrumb","itemListElement":[{"@type":"ListItem","position":1,"name":"Home","item":"https:\/\/artesi.it\/de\/"},{"@type":"ListItem","position":2,"name":"Newsletter"}]},{"@type":"WebSite","@id":"https:\/\/artesi.it\/de\/#website","url":"https:\/\/artesi.it\/de\/","name":"Artesi","description":"","publisher":{"@id":"https:\/\/artesi.it\/de\/#organization"},"potentialAction":[{"@type":"SearchAction","target":{"@type":"EntryPoint","urlTemplate":"https:\/\/artesi.it\/de\/?s={search_term_string}"},"query-input":{"@type":"PropertyValueSpecification","valueRequired":true,"valueName":"search_term_string"}}],"inLanguage":"de"},{"@type":"Organization","@id":"https:\/\/artesi.it\/de\/#organization","name":"Artesi","url":"https:\/\/artesi.it\/de\/","logo":{"@type":"ImageObject","inLanguage":"de","@id":"https:\/\/artesi.it\/de\/#\/schema\/logo\/image\/","url":"https:\/\/artesi.it\/wp-content\/uploads\/2025\/04\/LOGHI_ridimensionati-Artesigroup.png","contentUrl":"https:\/\/artesi.it\/wp-content\/uploads\/2025\/04\/LOGHI_ridimensionati-Artesigroup.png","width":1200,"height":138,"caption":"Artesi"},"image":{"@id":"https:\/\/artesi.it\/de\/#\/schema\/logo\/image\/"}}]}},"_links":{"self":[{"href":"https:\/\/artesi.it\/de\/wp-json\/wp\/v2\/pages\/13684","targetHints":{"allow":["GET"]}}],"collection":[{"href":"https:\/\/artesi.it\/de\/wp-json\/wp\/v2\/pages"}],"about":[{"href":"https:\/\/artesi.it\/de\/wp-json\/wp\/v2\/types\/page"}],"author":[{"embeddable":true,"href":"https:\/\/artesi.it\/de\/wp-json\/wp\/v2\/users\/1"}],"replies":[{"embeddable":true,"href":"https:\/\/artesi.it\/de\/wp-json\/wp\/v2\/comments?post=13684"}],"version-history":[{"count":1,"href":"https:\/\/artesi.it\/de\/wp-json\/wp\/v2\/pages\/13684\/revisions"}],"predecessor-version":[{"id":13685,"href":"https:\/\/artesi.it\/de\/wp-json\/wp\/v2\/pages\/13684\/revisions\/13685"}],"wp:attachment":[{"href":"https:\/\/artesi.it\/de\/wp-json\/wp\/v2\/media?parent=13684"}],"curies":[{"name":"wp","href":"https:\/\/api.w.org\/{rel}","templated":true}]}}