{"id":13009,"date":"2025-07-28T08:57:15","date_gmt":"2025-07-28T06:57:15","guid":{"rendered":"https:\/\/artesi.it\/marche-public\/"},"modified":"2025-11-24T11:08:50","modified_gmt":"2025-11-24T10:08:50","slug":"marche-public","status":"publish","type":"page","link":"https:\/\/artesi.it\/fr\/marche-public\/","title":{"rendered":"MARCH\u00c9 PUBLIC"},"content":{"rendered":"\t\t<div data-elementor-type=\"wp-page\" data-elementor-id=\"13009\" class=\"elementor elementor-13009 elementor-12392\" data-elementor-post-type=\"page\">\n\t\t\t\t<div class=\"elementor-element elementor-element-547e082 e-flex e-con-boxed e-con e-parent\" data-id=\"547e082\" data-element_type=\"container\" data-e-type=\"container\">\n\t\t\t\t\t<div class=\"e-con-inner\">\n\t\t<div class=\"elementor-element elementor-element-e1a6560 e-con-full e-flex e-con e-child\" data-id=\"e1a6560\" data-element_type=\"container\" data-e-type=\"container\">\n\t\t\t\t<div class=\"elementor-element elementor-element-be25bbf elementor-widget__width-initial elementor-widget-divider--view-line elementor-widget elementor-widget-divider\" data-id=\"be25bbf\" data-element_type=\"widget\" data-e-type=\"widget\" data-widget_type=\"divider.default\">\n\t\t\t\t\t\t\t<div class=\"elementor-divider\">\n\t\t\t<span class=\"elementor-divider-separator\">\n\t\t\t\t\t\t<\/span>\n\t\t<\/div>\n\t\t\t\t\t\t<\/div>\n\t\t\t\t<div class=\"elementor-element elementor-element-e0b2369 elementor-widget__width-initial elementor-widget elementor-widget-heading\" data-id=\"e0b2369\" data-element_type=\"widget\" data-e-type=\"widget\" data-widget_type=\"heading.default\">\n\t\t\t\t\t<h1 class=\"elementor-heading-title elementor-size-default\">MARCH\u00c9 PUBLIC<\/h1>\t\t\t\t<\/div>\n\t\t\t\t<\/div>\n\t\t\t\t\t<\/div>\n\t\t\t\t<\/div>\n\t\t<div class=\"elementor-element elementor-element-2f6f1df e-flex e-con-boxed e-con e-parent\" data-id=\"2f6f1df\" data-element_type=\"container\" data-e-type=\"container\">\n\t\t\t\t\t<div class=\"e-con-inner\">\n\t\t<div class=\"elementor-element elementor-element-659b1d4 e-con-full e-flex e-con e-child\" data-id=\"659b1d4\" data-element_type=\"container\" data-e-type=\"container\">\n\t\t\t\t<div class=\"elementor-element elementor-element-65bc5dc elementor-widget elementor-widget-image\" data-id=\"65bc5dc\" data-element_type=\"widget\" data-e-type=\"widget\" data-widget_type=\"image.default\">\n\t\t\t\t\t\t\t\t\t\t\t\t\t\t\t<img fetchpriority=\"high\" decoding=\"async\" width=\"660\" height=\"151\" src=\"https:\/\/artesi.it\/wp-content\/uploads\/2025\/07\/POR-FESR-2014-2020-1.png\" class=\"attachment-large size-large wp-image-12396\" alt=\"\" srcset=\"https:\/\/artesi.it\/wp-content\/uploads\/2025\/07\/POR-FESR-2014-2020-1.png 660w, https:\/\/artesi.it\/wp-content\/uploads\/2025\/07\/POR-FESR-2014-2020-1-300x69.png 300w\" sizes=\"(max-width: 660px) 100vw, 660px\" \/>\t\t\t\t\t\t\t\t\t\t\t\t\t\t\t<\/div>\n\t\t\t\t<\/div>\n\t\t\t\t<div class=\"elementor-element elementor-element-964241f elementor-widget__width-initial elementor-widget elementor-widget-text-editor\" data-id=\"964241f\" data-element_type=\"widget\" data-e-type=\"widget\" data-widget_type=\"text-editor.default\">\n\t\t\t\t\t\t\t\t\t<p>Gr\u00e2ce au projet \u00ab Nouveaux \u00e9quipements technologiques innovants pour augmenter la comp\u00e9titivit\u00e9 et r\u00e9duire les pertes \u00bb, cofinanc\u00e9 dans le cadre du POR FESR 2014-2020 \u2013 Activit\u00e9 2.3.a \u2013 Appel 23a1 bis \u00ab Aides aux investissements et r\u00e9organisation des PME \u00bb approuv\u00e9 par la DGR n\u00b0 2638 du 28 d\u00e9cembre 2017, l\u2019entreprise ARTESI S.R.L. a mis en place un nouveau syst\u00e8me d\u2019automatisation industrielle, avec l\u2019achat et l\u2019installation des machines Proxima et Emblem, dans le but d\u2019augmenter la comp\u00e9titivit\u00e9 de l\u2019entreprise, d\u2019am\u00e9liorer la qualit\u00e9 de la production et d\u2019impl\u00e9menter un logiciel syst\u00e8me innovant pour l\u2019interaction entre les parties m\u00e9caniques et les dispositifs \u00e9lectroniques, permettant un gain de temps, de marges, de s\u00e9curit\u00e9 et une r\u00e9duction des pertes dans les processus de production.<br \/>D\u00e9pense admissible : 205 190 \u20ac<br \/>Subvention accord\u00e9e : 34 896,84 \u20ac<\/p>\n\t\t\t\t\t\t\t\t<\/div>\n\t\t\t\t\t<\/div>\n\t\t\t\t<\/div>\n\t\t<div class=\"elementor-element elementor-element-6d03d24 e-flex e-con-boxed e-con e-parent\" data-id=\"6d03d24\" data-element_type=\"container\" data-e-type=\"container\">\n\t\t\t\t\t<div class=\"e-con-inner\">\n\t\t<div class=\"elementor-element elementor-element-6b8b595 e-con-full e-flex e-con e-child\" data-id=\"6b8b595\" data-element_type=\"container\" data-e-type=\"container\">\n\t\t\t\t<div class=\"elementor-element elementor-element-34385c6 elementor-widget elementor-widget-image\" data-id=\"34385c6\" data-element_type=\"widget\" data-e-type=\"widget\" data-widget_type=\"image.default\">\n\t\t\t\t\t\t\t\t\t\t\t\t\t\t\t<img fetchpriority=\"high\" decoding=\"async\" width=\"660\" height=\"151\" src=\"https:\/\/artesi.it\/wp-content\/uploads\/2025\/07\/POR-FESR-2014-2020-1.png\" class=\"attachment-large size-large wp-image-12396\" alt=\"\" srcset=\"https:\/\/artesi.it\/wp-content\/uploads\/2025\/07\/POR-FESR-2014-2020-1.png 660w, https:\/\/artesi.it\/wp-content\/uploads\/2025\/07\/POR-FESR-2014-2020-1-300x69.png 300w\" sizes=\"(max-width: 660px) 100vw, 660px\" \/>\t\t\t\t\t\t\t\t\t\t\t\t\t\t\t<\/div>\n\t\t\t\t<\/div>\n\t\t\t\t<div class=\"elementor-element elementor-element-b6e457d elementor-widget__width-initial elementor-widget elementor-widget-text-editor\" data-id=\"b6e457d\" data-element_type=\"widget\" data-e-type=\"widget\" data-widget_type=\"text-editor.default\">\n\t\t\t\t\t\t\t\t\t<p>Gr\u00e2ce au projet \u00ab Automatisation et interconnexion de la production de semi-produits \u00bb, cofinanc\u00e9 dans le cadre du POR FESR 2014-2020 \u00ab Aides aux investissements et r\u00e9organisation et restructuration des PME via machines, installations et biens immat\u00e9riels et accompagnement des processus de r\u00e9organisation et restructuration des entreprises \u2013 Automatisation et interconnexion de la production de semi-produits \u2013 Action 2.3.a.1 bis \u00bb, l\u2019entreprise ARTESI S.R.L. a permis, gr\u00e2ce \u00e0 l\u2019interaction et l\u2019int\u00e9gration dans les zones de production, une r\u00e9duction de 30 % des d\u00e9lais n\u00e9cessaires pour le traitement des ordres de travail. Le personnel dans les diff\u00e9rents points de vente peut interagir avec le syst\u00e8me facilement et rapidement, rendant les services d\u00e9di\u00e9s \u00e0 la client\u00e8le plus efficaces. Les donn\u00e9es relatives aux activit\u00e9s et aux performances de l\u2019entreprise sont toujours disponibles de mani\u00e8re pr\u00e9cise et ponctuelle, facilitant leur consultation et analyse par la direction.<br \/>D\u00e9pense admissible : 275 270 \u20ac<br \/>Subvention accord\u00e9e : 27 527 \u20ac<\/p>\n\t\t\t\t\t\t\t\t<\/div>\n\t\t\t\t\t<\/div>\n\t\t\t\t<\/div>\n\t\t\t\t<\/div>\n\t\t","protected":false},"excerpt":{"rendered":"<p>MARCH\u00c9 PUBLIC Gr\u00e2ce au projet \u00ab Nouveaux \u00e9quipements technologiques innovants pour augmenter la comp\u00e9titivit\u00e9 et r\u00e9duire les pertes \u00bb, cofinanc\u00e9 dans le cadre du POR FESR 2014-2020 \u2013 Activit\u00e9 2.3.a \u2013 Appel 23a1 bis \u00ab Aides aux investissements et r\u00e9organisation des PME \u00bb approuv\u00e9 par la DGR n\u00b0 2638 du 28 d\u00e9cembre 2017, l\u2019entreprise ARTESI [&hellip;]<\/p>\n","protected":false},"author":1,"featured_media":0,"parent":0,"menu_order":0,"comment_status":"closed","ping_status":"closed","template":"elementor_header_footer","meta":{"footnotes":""},"class_list":["post-13009","page","type-page","status-publish","hentry"],"yoast_head":"<!-- This site is optimized with the Yoast SEO plugin v27.5 - https:\/\/yoast.com\/product\/yoast-seo-wordpress\/ -->\n<title>MARCH\u00c9 PUBLIC<\/title>\n<meta name=\"description\" content=\"Gr\u00e2ce au projet \u00ab Nouveaux \u00e9quipements technologiques innovants pour augmenter la comp\u00e9titivit\u00e9 et r\u00e9duire les pertes \u00bb,\" \/>\n<meta name=\"robots\" content=\"index, follow, max-snippet:-1, max-image-preview:large, max-video-preview:-1\" \/>\n<link rel=\"canonical\" href=\"https:\/\/artesi.it\/fr\/marche-public\/\" \/>\n<meta property=\"og:locale\" content=\"fr_FR\" \/>\n<meta property=\"og:type\" content=\"article\" \/>\n<meta property=\"og:title\" content=\"MARCH\u00c9 PUBLIC\" \/>\n<meta property=\"og:description\" content=\"Gr\u00e2ce au projet \u00ab Nouveaux \u00e9quipements technologiques innovants pour augmenter la comp\u00e9titivit\u00e9 et r\u00e9duire les pertes \u00bb,\" \/>\n<meta property=\"og:url\" content=\"https:\/\/artesi.it\/fr\/marche-public\/\" \/>\n<meta property=\"og:site_name\" content=\"Artesi\" \/>\n<meta property=\"article:modified_time\" content=\"2025-11-24T10:08:50+00:00\" \/>\n<meta property=\"og:image\" content=\"https:\/\/artesi.it\/wp-content\/uploads\/2025\/07\/POR-FESR-2014-2020-1.png\" \/>\n\t<meta property=\"og:image:width\" content=\"660\" \/>\n\t<meta property=\"og:image:height\" content=\"151\" \/>\n\t<meta property=\"og:image:type\" content=\"image\/png\" \/>\n<meta name=\"twitter:card\" content=\"summary_large_image\" \/>\n<meta name=\"twitter:label1\" content=\"Dur\u00e9e de lecture estim\u00e9e\" \/>\n\t<meta name=\"twitter:data1\" content=\"2 minutes\" \/>\n<script type=\"application\/ld+json\" class=\"yoast-schema-graph\">{\"@context\":\"https:\\\/\\\/schema.org\",\"@graph\":[{\"@type\":\"WebPage\",\"@id\":\"https:\\\/\\\/artesi.it\\\/fr\\\/marche-public\\\/\",\"url\":\"https:\\\/\\\/artesi.it\\\/fr\\\/marche-public\\\/\",\"name\":\"MARCH\u00c9 PUBLIC\",\"isPartOf\":{\"@id\":\"https:\\\/\\\/artesi.it\\\/fr\\\/#website\"},\"primaryImageOfPage\":{\"@id\":\"https:\\\/\\\/artesi.it\\\/fr\\\/marche-public\\\/#primaryimage\"},\"image\":{\"@id\":\"https:\\\/\\\/artesi.it\\\/fr\\\/marche-public\\\/#primaryimage\"},\"thumbnailUrl\":\"https:\\\/\\\/artesi.it\\\/wp-content\\\/uploads\\\/2025\\\/07\\\/POR-FESR-2014-2020-1.png\",\"datePublished\":\"2025-07-28T06:57:15+00:00\",\"dateModified\":\"2025-11-24T10:08:50+00:00\",\"description\":\"Gr\u00e2ce au projet \u00ab Nouveaux \u00e9quipements technologiques innovants pour augmenter la comp\u00e9titivit\u00e9 et r\u00e9duire les pertes \u00bb,\",\"breadcrumb\":{\"@id\":\"https:\\\/\\\/artesi.it\\\/fr\\\/marche-public\\\/#breadcrumb\"},\"inLanguage\":\"fr-FR\",\"potentialAction\":[{\"@type\":\"ReadAction\",\"target\":[\"https:\\\/\\\/artesi.it\\\/fr\\\/marche-public\\\/\"]}]},{\"@type\":\"ImageObject\",\"inLanguage\":\"fr-FR\",\"@id\":\"https:\\\/\\\/artesi.it\\\/fr\\\/marche-public\\\/#primaryimage\",\"url\":\"https:\\\/\\\/artesi.it\\\/wp-content\\\/uploads\\\/2025\\\/07\\\/POR-FESR-2014-2020-1.png\",\"contentUrl\":\"https:\\\/\\\/artesi.it\\\/wp-content\\\/uploads\\\/2025\\\/07\\\/POR-FESR-2014-2020-1.png\"},{\"@type\":\"BreadcrumbList\",\"@id\":\"https:\\\/\\\/artesi.it\\\/fr\\\/marche-public\\\/#breadcrumb\",\"itemListElement\":[{\"@type\":\"ListItem\",\"position\":1,\"name\":\"Home\",\"item\":\"https:\\\/\\\/artesi.it\\\/fr\\\/\"},{\"@type\":\"ListItem\",\"position\":2,\"name\":\"MARCH\u00c9 PUBLIC\"}]},{\"@type\":\"WebSite\",\"@id\":\"https:\\\/\\\/artesi.it\\\/fr\\\/#website\",\"url\":\"https:\\\/\\\/artesi.it\\\/fr\\\/\",\"name\":\"Artesi\",\"description\":\"\",\"publisher\":{\"@id\":\"https:\\\/\\\/artesi.it\\\/fr\\\/#organization\"},\"potentialAction\":[{\"@type\":\"SearchAction\",\"target\":{\"@type\":\"EntryPoint\",\"urlTemplate\":\"https:\\\/\\\/artesi.it\\\/fr\\\/?s={search_term_string}\"},\"query-input\":{\"@type\":\"PropertyValueSpecification\",\"valueRequired\":true,\"valueName\":\"search_term_string\"}}],\"inLanguage\":\"fr-FR\"},{\"@type\":\"Organization\",\"@id\":\"https:\\\/\\\/artesi.it\\\/fr\\\/#organization\",\"name\":\"Artesi\",\"url\":\"https:\\\/\\\/artesi.it\\\/fr\\\/\",\"logo\":{\"@type\":\"ImageObject\",\"inLanguage\":\"fr-FR\",\"@id\":\"https:\\\/\\\/artesi.it\\\/fr\\\/#\\\/schema\\\/logo\\\/image\\\/\",\"url\":\"https:\\\/\\\/artesi.it\\\/wp-content\\\/uploads\\\/2025\\\/04\\\/LOGHI_ridimensionati-Artesigroup.png\",\"contentUrl\":\"https:\\\/\\\/artesi.it\\\/wp-content\\\/uploads\\\/2025\\\/04\\\/LOGHI_ridimensionati-Artesigroup.png\",\"width\":1200,\"height\":138,\"caption\":\"Artesi\"},\"image\":{\"@id\":\"https:\\\/\\\/artesi.it\\\/fr\\\/#\\\/schema\\\/logo\\\/image\\\/\"}}]}<\/script>\n<!-- \/ Yoast SEO plugin. -->","yoast_head_json":{"title":"MARCH\u00c9 PUBLIC","description":"Gr\u00e2ce au projet \u00ab Nouveaux \u00e9quipements technologiques innovants pour augmenter la comp\u00e9titivit\u00e9 et r\u00e9duire les pertes \u00bb,","robots":{"index":"index","follow":"follow","max-snippet":"max-snippet:-1","max-image-preview":"max-image-preview:large","max-video-preview":"max-video-preview:-1"},"canonical":"https:\/\/artesi.it\/fr\/marche-public\/","og_locale":"fr_FR","og_type":"article","og_title":"MARCH\u00c9 PUBLIC","og_description":"Gr\u00e2ce au projet \u00ab Nouveaux \u00e9quipements technologiques innovants pour augmenter la comp\u00e9titivit\u00e9 et r\u00e9duire les pertes \u00bb,","og_url":"https:\/\/artesi.it\/fr\/marche-public\/","og_site_name":"Artesi","article_modified_time":"2025-11-24T10:08:50+00:00","og_image":[{"width":660,"height":151,"url":"https:\/\/artesi.it\/wp-content\/uploads\/2025\/07\/POR-FESR-2014-2020-1.png","type":"image\/png"}],"twitter_card":"summary_large_image","twitter_misc":{"Dur\u00e9e de lecture estim\u00e9e":"2 minutes"},"schema":{"@context":"https:\/\/schema.org","@graph":[{"@type":"WebPage","@id":"https:\/\/artesi.it\/fr\/marche-public\/","url":"https:\/\/artesi.it\/fr\/marche-public\/","name":"MARCH\u00c9 PUBLIC","isPartOf":{"@id":"https:\/\/artesi.it\/fr\/#website"},"primaryImageOfPage":{"@id":"https:\/\/artesi.it\/fr\/marche-public\/#primaryimage"},"image":{"@id":"https:\/\/artesi.it\/fr\/marche-public\/#primaryimage"},"thumbnailUrl":"https:\/\/artesi.it\/wp-content\/uploads\/2025\/07\/POR-FESR-2014-2020-1.png","datePublished":"2025-07-28T06:57:15+00:00","dateModified":"2025-11-24T10:08:50+00:00","description":"Gr\u00e2ce au projet \u00ab Nouveaux \u00e9quipements technologiques innovants pour augmenter la comp\u00e9titivit\u00e9 et r\u00e9duire les pertes \u00bb,","breadcrumb":{"@id":"https:\/\/artesi.it\/fr\/marche-public\/#breadcrumb"},"inLanguage":"fr-FR","potentialAction":[{"@type":"ReadAction","target":["https:\/\/artesi.it\/fr\/marche-public\/"]}]},{"@type":"ImageObject","inLanguage":"fr-FR","@id":"https:\/\/artesi.it\/fr\/marche-public\/#primaryimage","url":"https:\/\/artesi.it\/wp-content\/uploads\/2025\/07\/POR-FESR-2014-2020-1.png","contentUrl":"https:\/\/artesi.it\/wp-content\/uploads\/2025\/07\/POR-FESR-2014-2020-1.png"},{"@type":"BreadcrumbList","@id":"https:\/\/artesi.it\/fr\/marche-public\/#breadcrumb","itemListElement":[{"@type":"ListItem","position":1,"name":"Home","item":"https:\/\/artesi.it\/fr\/"},{"@type":"ListItem","position":2,"name":"MARCH\u00c9 PUBLIC"}]},{"@type":"WebSite","@id":"https:\/\/artesi.it\/fr\/#website","url":"https:\/\/artesi.it\/fr\/","name":"Artesi","description":"","publisher":{"@id":"https:\/\/artesi.it\/fr\/#organization"},"potentialAction":[{"@type":"SearchAction","target":{"@type":"EntryPoint","urlTemplate":"https:\/\/artesi.it\/fr\/?s={search_term_string}"},"query-input":{"@type":"PropertyValueSpecification","valueRequired":true,"valueName":"search_term_string"}}],"inLanguage":"fr-FR"},{"@type":"Organization","@id":"https:\/\/artesi.it\/fr\/#organization","name":"Artesi","url":"https:\/\/artesi.it\/fr\/","logo":{"@type":"ImageObject","inLanguage":"fr-FR","@id":"https:\/\/artesi.it\/fr\/#\/schema\/logo\/image\/","url":"https:\/\/artesi.it\/wp-content\/uploads\/2025\/04\/LOGHI_ridimensionati-Artesigroup.png","contentUrl":"https:\/\/artesi.it\/wp-content\/uploads\/2025\/04\/LOGHI_ridimensionati-Artesigroup.png","width":1200,"height":138,"caption":"Artesi"},"image":{"@id":"https:\/\/artesi.it\/fr\/#\/schema\/logo\/image\/"}}]}},"_links":{"self":[{"href":"https:\/\/artesi.it\/fr\/wp-json\/wp\/v2\/pages\/13009","targetHints":{"allow":["GET"]}}],"collection":[{"href":"https:\/\/artesi.it\/fr\/wp-json\/wp\/v2\/pages"}],"about":[{"href":"https:\/\/artesi.it\/fr\/wp-json\/wp\/v2\/types\/page"}],"author":[{"embeddable":true,"href":"https:\/\/artesi.it\/fr\/wp-json\/wp\/v2\/users\/1"}],"replies":[{"embeddable":true,"href":"https:\/\/artesi.it\/fr\/wp-json\/wp\/v2\/comments?post=13009"}],"version-history":[{"count":1,"href":"https:\/\/artesi.it\/fr\/wp-json\/wp\/v2\/pages\/13009\/revisions"}],"predecessor-version":[{"id":13010,"href":"https:\/\/artesi.it\/fr\/wp-json\/wp\/v2\/pages\/13009\/revisions\/13010"}],"wp:attachment":[{"href":"https:\/\/artesi.it\/fr\/wp-json\/wp\/v2\/media?parent=13009"}],"curies":[{"name":"wp","href":"https:\/\/api.w.org\/{rel}","templated":true}]}}