{"id":13111,"date":"2025-07-16T10:34:44","date_gmt":"2025-07-16T08:34:44","guid":{"rendered":"https:\/\/artesi.it\/engagement-durable\/"},"modified":"2025-11-26T11:07:37","modified_gmt":"2025-11-26T10:07:37","slug":"engagement-durable","status":"publish","type":"page","link":"https:\/\/artesi.it\/fr\/engagement-durable\/","title":{"rendered":"Engagement durable"},"content":{"rendered":"\t\t<div data-elementor-type=\"wp-page\" data-elementor-id=\"13111\" class=\"elementor elementor-13111 elementor-10201\" data-elementor-post-type=\"page\">\n\t\t\t\t<div class=\"elementor-element elementor-element-547e082 e-flex e-con-boxed e-con e-parent\" data-id=\"547e082\" data-element_type=\"container\" data-e-type=\"container\">\n\t\t\t\t\t<div class=\"e-con-inner\">\n\t\t<div class=\"elementor-element elementor-element-e1a6560 e-con-full e-flex e-con e-child\" data-id=\"e1a6560\" data-element_type=\"container\" data-e-type=\"container\">\n\t\t\t\t<div class=\"elementor-element elementor-element-be25bbf elementor-widget__width-initial elementor-widget-divider--view-line elementor-widget elementor-widget-divider\" data-id=\"be25bbf\" data-element_type=\"widget\" data-e-type=\"widget\" data-widget_type=\"divider.default\">\n\t\t\t\t\t\t\t<div class=\"elementor-divider\">\n\t\t\t<span class=\"elementor-divider-separator\">\n\t\t\t\t\t\t<\/span>\n\t\t<\/div>\n\t\t\t\t\t\t<\/div>\n\t\t\t\t<div class=\"elementor-element elementor-element-e0b2369 elementor-widget__width-initial elementor-widget elementor-widget-heading\" data-id=\"e0b2369\" data-element_type=\"widget\" data-e-type=\"widget\" data-widget_type=\"heading.default\">\n\t\t\t\t\t<h1 class=\"elementor-heading-title elementor-size-default\">Durabilit\u00e9 comme valeur de conception<\/h1>\t\t\t\t<\/div>\n\t\t\t\t<\/div>\n\t\t\t\t\t<\/div>\n\t\t\t\t<\/div>\n\t\t<div class=\"elementor-element elementor-element-c03def8 e-flex e-con-boxed e-con e-parent\" data-id=\"c03def8\" data-element_type=\"container\" data-e-type=\"container\">\n\t\t\t\t\t<div class=\"e-con-inner\">\n\t\t<div class=\"elementor-element elementor-element-5b624a8 e-con-full e-flex e-con e-child\" data-id=\"5b624a8\" data-element_type=\"container\" data-e-type=\"container\">\n\t\t\t\t<div class=\"elementor-element elementor-element-21f5348 elementor-widget__width-initial elementor-widget elementor-widget-text-editor\" data-id=\"21f5348\" data-element_type=\"widget\" data-e-type=\"widget\" data-widget_type=\"text-editor.default\">\n\t\t\t\t\t\t\t\t\t<p>La beaut\u00e9 n\u2019a de sens que si elle est responsable. C\u2019est pourquoi le Groupe Artesi a choisi de produire de mani\u00e8re consciente: bois 100 % recycl\u00e9, mat\u00e9riaux certifi\u00e9s et processus industriels optimis\u00e9s pour r\u00e9duire l\u2019impact environnemental.<br \/>Nous investissons dans des solutions durables, efficaces et respectueuses, car le design \u2013 comme chaque geste quotidien \u2013 peut et doit g\u00e9n\u00e9rer de la valeur aussi pour l\u2019avenir. Pour nous, la durabilit\u00e9 n\u2019est pas une tendance, mais un principe fondamental pour respecter notre plan\u00e8te.<\/p>\n\t\t\t\t\t\t\t\t<\/div>\n\t\t\t\t<\/div>\n\t\t\t\t\t<\/div>\n\t\t\t\t<\/div>\n\t\t<div class=\"elementor-element elementor-element-c5d36e0 e-flex e-con-boxed e-con e-parent\" data-id=\"c5d36e0\" data-element_type=\"container\" data-e-type=\"container\" data-settings=\"{&quot;background_background&quot;:&quot;slideshow&quot;,&quot;background_slideshow_gallery&quot;:[{&quot;id&quot;:10235,&quot;url&quot;:&quot;https:\\\/\\\/artesi.it\\\/wp-content\\\/uploads\\\/2025\\\/07\\\/patrick-reichboth-mO126TkIGG8-unsplash.jpg&quot;}],&quot;background_slideshow_ken_burns&quot;:&quot;yes&quot;,&quot;background_slideshow_loop&quot;:&quot;yes&quot;,&quot;background_slideshow_slide_duration&quot;:5000,&quot;background_slideshow_slide_transition&quot;:&quot;fade&quot;,&quot;background_slideshow_transition_duration&quot;:500,&quot;background_slideshow_ken_burns_zoom_direction&quot;:&quot;in&quot;}\">\n\t\t\t\t\t<div class=\"e-con-inner\">\n\t\t<div class=\"elementor-element elementor-element-cd4ac4a e-con-full e-flex e-con e-child\" data-id=\"cd4ac4a\" data-element_type=\"container\" data-e-type=\"container\">\n\t\t<div class=\"elementor-element elementor-element-eee5fbc e-con-full e-flex e-con e-child\" data-id=\"eee5fbc\" data-element_type=\"container\" data-e-type=\"container\">\n\t\t\t\t<div class=\"elementor-element elementor-element-8e7a8d5 elementor-widget__width-initial elementor-widget-divider--view-line elementor-widget elementor-widget-divider\" data-id=\"8e7a8d5\" data-element_type=\"widget\" data-e-type=\"widget\" data-widget_type=\"divider.default\">\n\t\t\t\t\t\t\t<div class=\"elementor-divider\">\n\t\t\t<span class=\"elementor-divider-separator\">\n\t\t\t\t\t\t<\/span>\n\t\t<\/div>\n\t\t\t\t\t\t<\/div>\n\t\t\t\t<div class=\"elementor-element elementor-element-c2dadf4 elementor-widget__width-initial elementor-widget elementor-widget-heading\" data-id=\"c2dadf4\" data-element_type=\"widget\" data-e-type=\"widget\" data-widget_type=\"heading.default\">\n\t\t\t\t\t<h2 class=\"elementor-heading-title elementor-size-default\">Mise en place d\u2019un syst\u00e8me photovolta\u00efque avec dispositif de stockage<\/h2>\t\t\t\t<\/div>\n\t\t\t\t<\/div>\n\t\t\t\t<\/div>\n\t\t<div class=\"elementor-element elementor-element-47340a1 e-con-full e-flex e-con e-child\" data-id=\"47340a1\" data-element_type=\"container\" data-e-type=\"container\">\n\t\t\t\t<div class=\"elementor-element elementor-element-b11cdc6 elementor-widget__width-initial elementor-widget elementor-widget-text-editor\" data-id=\"b11cdc6\" data-element_type=\"widget\" data-e-type=\"widget\" data-widget_type=\"text-editor.default\">\n\t\t\t\t\t\t\t\t\t<p>Fourniture et mise en service d\u2019une centrale neuve, comprenant les travaux techniques et de s\u00e9curit\u00e9, ainsi que les services compl\u00e9mentaires strictement li\u00e9s \u00e0 la r\u00e9alisation de l\u2019investissement pour la production d\u2019\u00e9nergie \u00e9lectrique destin\u00e9e \u00e0 l\u2019autoconsommation, pour une puissance de 416,24 kW.<\/p>\n\t\t\t\t\t\t\t\t<\/div>\n\t\t\t\t<div class=\"elementor-element elementor-element-924512c elementor-tablet-align-left elementor-mobile-align-justify elementor-widget-tablet__width-initial elementor-widget-mobile__width-inherit elementor-align-left elementor-widget elementor-widget-button\" data-id=\"924512c\" data-element_type=\"widget\" data-e-type=\"widget\" data-widget_type=\"button.default\">\n\t\t\t\t\t\t\t\t\t\t<a class=\"elementor-button elementor-button-link elementor-size-lg\" href=\"https:\/\/artesi.it\/fr\/installation-dun-systeme-photovoltaique-avec-systeme-de-stockage\/\">\n\t\t\t\t\t\t<span class=\"elementor-button-content-wrapper\">\n\t\t\t\t\t\t\t\t\t<span class=\"elementor-button-text\">En savoir plus<\/span>\n\t\t\t\t\t<\/span>\n\t\t\t\t\t<\/a>\n\t\t\t\t\t\t\t\t<\/div>\n\t\t\t\t<\/div>\n\t\t\t\t\t<\/div>\n\t\t\t\t<\/div>\n\t\t\t\t<\/div>\n\t\t","protected":false},"excerpt":{"rendered":"<p>Durabilit\u00e9 comme valeur de conception La beaut\u00e9 n\u2019a de sens que si elle est responsable. C\u2019est pourquoi le Groupe Artesi a choisi de produire de mani\u00e8re consciente: bois 100 % recycl\u00e9, mat\u00e9riaux certifi\u00e9s et processus industriels optimis\u00e9s pour r\u00e9duire l\u2019impact environnemental.Nous investissons dans des solutions durables, efficaces et respectueuses, car le design \u2013 comme chaque [&hellip;]<\/p>\n","protected":false},"author":1,"featured_media":0,"parent":0,"menu_order":0,"comment_status":"closed","ping_status":"closed","template":"elementor_header_footer","meta":{"footnotes":""},"class_list":["post-13111","page","type-page","status-publish","hentry"],"yoast_head":"<!-- This site is optimized with the Yoast SEO plugin v27.5 - https:\/\/yoast.com\/product\/yoast-seo-wordpress\/ -->\n<title>Engagement durable \u2013 Artesi<\/title>\n<meta name=\"description\" content=\"La beaut\u00e9 n\u2019a de sens que si elle est responsable. C\u2019est pourquoi le Groupe Artesi a choisi de produire de mani\u00e8re consciente\" \/>\n<meta name=\"robots\" content=\"index, follow, max-snippet:-1, max-image-preview:large, max-video-preview:-1\" \/>\n<link rel=\"canonical\" href=\"https:\/\/artesi.it\/fr\/engagement-durable\/\" \/>\n<meta property=\"og:locale\" content=\"fr_FR\" \/>\n<meta property=\"og:type\" content=\"article\" \/>\n<meta property=\"og:title\" content=\"Engagement durable \u2013 Artesi\" \/>\n<meta property=\"og:description\" content=\"La beaut\u00e9 n\u2019a de sens que si elle est responsable. C\u2019est pourquoi le Groupe Artesi a choisi de produire de mani\u00e8re consciente\" \/>\n<meta property=\"og:url\" content=\"https:\/\/artesi.it\/fr\/engagement-durable\/\" \/>\n<meta property=\"og:site_name\" content=\"Artesi\" \/>\n<meta property=\"article:modified_time\" content=\"2025-11-26T10:07:37+00:00\" \/>\n<meta name=\"twitter:card\" content=\"summary_large_image\" \/>\n<meta name=\"twitter:label1\" content=\"Dur\u00e9e de lecture estim\u00e9e\" \/>\n\t<meta name=\"twitter:data1\" content=\"1 minute\" \/>\n<script type=\"application\/ld+json\" class=\"yoast-schema-graph\">{\"@context\":\"https:\\\/\\\/schema.org\",\"@graph\":[{\"@type\":\"WebPage\",\"@id\":\"https:\\\/\\\/artesi.it\\\/fr\\\/engagement-durable\\\/\",\"url\":\"https:\\\/\\\/artesi.it\\\/fr\\\/engagement-durable\\\/\",\"name\":\"Engagement durable \u2013 Artesi\",\"isPartOf\":{\"@id\":\"https:\\\/\\\/artesi.it\\\/fr\\\/#website\"},\"datePublished\":\"2025-07-16T08:34:44+00:00\",\"dateModified\":\"2025-11-26T10:07:37+00:00\",\"description\":\"La beaut\u00e9 n\u2019a de sens que si elle est responsable. C\u2019est pourquoi le Groupe Artesi a choisi de produire de mani\u00e8re consciente\",\"breadcrumb\":{\"@id\":\"https:\\\/\\\/artesi.it\\\/fr\\\/engagement-durable\\\/#breadcrumb\"},\"inLanguage\":\"fr-FR\",\"potentialAction\":[{\"@type\":\"ReadAction\",\"target\":[\"https:\\\/\\\/artesi.it\\\/fr\\\/engagement-durable\\\/\"]}]},{\"@type\":\"BreadcrumbList\",\"@id\":\"https:\\\/\\\/artesi.it\\\/fr\\\/engagement-durable\\\/#breadcrumb\",\"itemListElement\":[{\"@type\":\"ListItem\",\"position\":1,\"name\":\"Home\",\"item\":\"https:\\\/\\\/artesi.it\\\/fr\\\/\"},{\"@type\":\"ListItem\",\"position\":2,\"name\":\"Engagement durable\"}]},{\"@type\":\"WebSite\",\"@id\":\"https:\\\/\\\/artesi.it\\\/fr\\\/#website\",\"url\":\"https:\\\/\\\/artesi.it\\\/fr\\\/\",\"name\":\"Artesi\",\"description\":\"\",\"publisher\":{\"@id\":\"https:\\\/\\\/artesi.it\\\/fr\\\/#organization\"},\"potentialAction\":[{\"@type\":\"SearchAction\",\"target\":{\"@type\":\"EntryPoint\",\"urlTemplate\":\"https:\\\/\\\/artesi.it\\\/fr\\\/?s={search_term_string}\"},\"query-input\":{\"@type\":\"PropertyValueSpecification\",\"valueRequired\":true,\"valueName\":\"search_term_string\"}}],\"inLanguage\":\"fr-FR\"},{\"@type\":\"Organization\",\"@id\":\"https:\\\/\\\/artesi.it\\\/fr\\\/#organization\",\"name\":\"Artesi\",\"url\":\"https:\\\/\\\/artesi.it\\\/fr\\\/\",\"logo\":{\"@type\":\"ImageObject\",\"inLanguage\":\"fr-FR\",\"@id\":\"https:\\\/\\\/artesi.it\\\/fr\\\/#\\\/schema\\\/logo\\\/image\\\/\",\"url\":\"https:\\\/\\\/artesi.it\\\/wp-content\\\/uploads\\\/2025\\\/04\\\/LOGHI_ridimensionati-Artesigroup.png\",\"contentUrl\":\"https:\\\/\\\/artesi.it\\\/wp-content\\\/uploads\\\/2025\\\/04\\\/LOGHI_ridimensionati-Artesigroup.png\",\"width\":1200,\"height\":138,\"caption\":\"Artesi\"},\"image\":{\"@id\":\"https:\\\/\\\/artesi.it\\\/fr\\\/#\\\/schema\\\/logo\\\/image\\\/\"}}]}<\/script>\n<!-- \/ Yoast SEO plugin. -->","yoast_head_json":{"title":"Engagement durable \u2013 Artesi","description":"La beaut\u00e9 n\u2019a de sens que si elle est responsable. C\u2019est pourquoi le Groupe Artesi a choisi de produire de mani\u00e8re consciente","robots":{"index":"index","follow":"follow","max-snippet":"max-snippet:-1","max-image-preview":"max-image-preview:large","max-video-preview":"max-video-preview:-1"},"canonical":"https:\/\/artesi.it\/fr\/engagement-durable\/","og_locale":"fr_FR","og_type":"article","og_title":"Engagement durable \u2013 Artesi","og_description":"La beaut\u00e9 n\u2019a de sens que si elle est responsable. C\u2019est pourquoi le Groupe Artesi a choisi de produire de mani\u00e8re consciente","og_url":"https:\/\/artesi.it\/fr\/engagement-durable\/","og_site_name":"Artesi","article_modified_time":"2025-11-26T10:07:37+00:00","twitter_card":"summary_large_image","twitter_misc":{"Dur\u00e9e de lecture estim\u00e9e":"1 minute"},"schema":{"@context":"https:\/\/schema.org","@graph":[{"@type":"WebPage","@id":"https:\/\/artesi.it\/fr\/engagement-durable\/","url":"https:\/\/artesi.it\/fr\/engagement-durable\/","name":"Engagement durable \u2013 Artesi","isPartOf":{"@id":"https:\/\/artesi.it\/fr\/#website"},"datePublished":"2025-07-16T08:34:44+00:00","dateModified":"2025-11-26T10:07:37+00:00","description":"La beaut\u00e9 n\u2019a de sens que si elle est responsable. C\u2019est pourquoi le Groupe Artesi a choisi de produire de mani\u00e8re consciente","breadcrumb":{"@id":"https:\/\/artesi.it\/fr\/engagement-durable\/#breadcrumb"},"inLanguage":"fr-FR","potentialAction":[{"@type":"ReadAction","target":["https:\/\/artesi.it\/fr\/engagement-durable\/"]}]},{"@type":"BreadcrumbList","@id":"https:\/\/artesi.it\/fr\/engagement-durable\/#breadcrumb","itemListElement":[{"@type":"ListItem","position":1,"name":"Home","item":"https:\/\/artesi.it\/fr\/"},{"@type":"ListItem","position":2,"name":"Engagement durable"}]},{"@type":"WebSite","@id":"https:\/\/artesi.it\/fr\/#website","url":"https:\/\/artesi.it\/fr\/","name":"Artesi","description":"","publisher":{"@id":"https:\/\/artesi.it\/fr\/#organization"},"potentialAction":[{"@type":"SearchAction","target":{"@type":"EntryPoint","urlTemplate":"https:\/\/artesi.it\/fr\/?s={search_term_string}"},"query-input":{"@type":"PropertyValueSpecification","valueRequired":true,"valueName":"search_term_string"}}],"inLanguage":"fr-FR"},{"@type":"Organization","@id":"https:\/\/artesi.it\/fr\/#organization","name":"Artesi","url":"https:\/\/artesi.it\/fr\/","logo":{"@type":"ImageObject","inLanguage":"fr-FR","@id":"https:\/\/artesi.it\/fr\/#\/schema\/logo\/image\/","url":"https:\/\/artesi.it\/wp-content\/uploads\/2025\/04\/LOGHI_ridimensionati-Artesigroup.png","contentUrl":"https:\/\/artesi.it\/wp-content\/uploads\/2025\/04\/LOGHI_ridimensionati-Artesigroup.png","width":1200,"height":138,"caption":"Artesi"},"image":{"@id":"https:\/\/artesi.it\/fr\/#\/schema\/logo\/image\/"}}]}},"_links":{"self":[{"href":"https:\/\/artesi.it\/fr\/wp-json\/wp\/v2\/pages\/13111","targetHints":{"allow":["GET"]}}],"collection":[{"href":"https:\/\/artesi.it\/fr\/wp-json\/wp\/v2\/pages"}],"about":[{"href":"https:\/\/artesi.it\/fr\/wp-json\/wp\/v2\/types\/page"}],"author":[{"embeddable":true,"href":"https:\/\/artesi.it\/fr\/wp-json\/wp\/v2\/users\/1"}],"replies":[{"embeddable":true,"href":"https:\/\/artesi.it\/fr\/wp-json\/wp\/v2\/comments?post=13111"}],"version-history":[{"count":1,"href":"https:\/\/artesi.it\/fr\/wp-json\/wp\/v2\/pages\/13111\/revisions"}],"predecessor-version":[{"id":13112,"href":"https:\/\/artesi.it\/fr\/wp-json\/wp\/v2\/pages\/13111\/revisions\/13112"}],"wp:attachment":[{"href":"https:\/\/artesi.it\/fr\/wp-json\/wp\/v2\/media?parent=13111"}],"curies":[{"name":"wp","href":"https:\/\/api.w.org\/{rel}","templated":true}]}}