{"id":13113,"date":"2025-07-16T11:15:26","date_gmt":"2025-07-16T09:15:26","guid":{"rendered":"https:\/\/artesi.it\/distinctions\/"},"modified":"2026-01-20T10:28:54","modified_gmt":"2026-01-20T09:28:54","slug":"distinctions","status":"publish","type":"page","link":"https:\/\/artesi.it\/fr\/distinctions\/","title":{"rendered":"Distinctions"},"content":{"rendered":"\t\t<div data-elementor-type=\"wp-page\" data-elementor-id=\"13113\" class=\"elementor elementor-13113 elementor-10256\" data-elementor-post-type=\"page\">\n\t\t\t\t<div class=\"elementor-element elementor-element-209d697 e-flex e-con-boxed e-con e-parent\" data-id=\"209d697\" data-element_type=\"container\" data-e-type=\"container\">\n\t\t\t\t\t<div class=\"e-con-inner\">\n\t\t<div class=\"elementor-element elementor-element-a6ebe49 e-con-full e-flex e-con e-child\" data-id=\"a6ebe49\" data-element_type=\"container\" data-e-type=\"container\">\n\t\t\t\t<div class=\"elementor-element elementor-element-2e2de55 elementor-widget__width-initial elementor-widget-divider--view-line elementor-widget elementor-widget-divider\" data-id=\"2e2de55\" data-element_type=\"widget\" data-e-type=\"widget\" data-widget_type=\"divider.default\">\n\t\t\t\t\t\t\t<div class=\"elementor-divider\">\n\t\t\t<span class=\"elementor-divider-separator\">\n\t\t\t\t\t\t<\/span>\n\t\t<\/div>\n\t\t\t\t\t\t<\/div>\n\t\t\t\t<div class=\"elementor-element elementor-element-99bb2a2 elementor-widget__width-initial elementor-widget elementor-widget-heading\" data-id=\"99bb2a2\" data-element_type=\"widget\" data-e-type=\"widget\" data-widget_type=\"heading.default\">\n\t\t\t\t\t<h2 class=\"elementor-heading-title elementor-size-default\">Artesi remporte l\u2019ADI Design Award 2025 avec la collection Loop d\u2019Enrico Cesana pour Ardeco<\/h2>\t\t\t\t<\/div>\n\t\t\t\t<\/div>\n\t\t\t\t\t<\/div>\n\t\t\t\t<\/div>\n\t\t<div class=\"elementor-element elementor-element-4cfbd20 e-flex e-con-boxed e-con e-parent\" data-id=\"4cfbd20\" data-element_type=\"container\" data-e-type=\"container\">\n\t\t\t\t\t<div class=\"e-con-inner\">\n\t\t<div class=\"elementor-element elementor-element-26c2ff8 e-con-full e-flex e-con e-child\" data-id=\"26c2ff8\" data-element_type=\"container\" data-e-type=\"container\">\n\t\t\t\t<div class=\"elementor-element elementor-element-169284f elementor-widget__width-initial elementor-widget elementor-widget-text-editor\" data-id=\"169284f\" data-element_type=\"widget\" data-e-type=\"widget\" data-widget_type=\"text-editor.default\">\n\t\t\t\t\t\t\t\t\t<p>\u00c0 l\u2019occasion de Cersaie 2025, le Groupe Artesi a remport\u00e9 l\u2019ADI Ceramics &amp; Bathroom Design Award gr\u00e2ce \u00e0 la <strong>collection Loop<\/strong>, con\u00e7ue par Enrico Cesana pour Ardeco. Ce projet constitue un exemple remarquable de design circulaire, alliant durabilit\u00e9 et innovation : le lavabo et la structure sont r\u00e9alis\u00e9s en verre recycl\u00e9 provenant de panneaux photovolta\u00efques en fin de vie, transformant ainsi des d\u00e9chets en ressources pr\u00e9cieuses sans compromettre l\u2019esth\u00e9tique ni la r\u00e9sistance. Loop s\u2019affirme comme un produit pionnier dans le secteur de l\u2019am\u00e9nagement de la salle de bain, en associant fonctionnalit\u00e9, beaut\u00e9 et responsabilit\u00e9 environnementale.<\/p>\n\t\t\t\t\t\t\t\t<\/div>\n\t\t\t\t<\/div>\n\t\t<div class=\"elementor-element elementor-element-cab7b7f e-con-full e-flex e-con e-child\" data-id=\"cab7b7f\" data-element_type=\"container\" data-e-type=\"container\">\n\t\t\t\t<div class=\"elementor-element elementor-element-c479683 elementor-widget elementor-widget-image\" data-id=\"c479683\" data-element_type=\"widget\" data-e-type=\"widget\" data-widget_type=\"image.default\">\n\t\t\t\t\t\t\t\t\t\t\t\t\t\t\t\t<a href=\"https:\/\/artesi.it\/wp-content\/uploads\/2025\/10\/premio.jpg\" data-elementor-open-lightbox=\"yes\" data-elementor-lightbox-title=\"premio\" data-e-action-hash=\"#elementor-action%3Aaction%3Dlightbox%26settings%3DeyJpZCI6MTI3NDAsInVybCI6Imh0dHBzOlwvXC9hcnRlc2kuaXRcL3dwLWNvbnRlbnRcL3VwbG9hZHNcLzIwMjVcLzEwXC9wcmVtaW8uanBnIn0%3D\">\n\t\t\t\t\t\t\t<img fetchpriority=\"high\" decoding=\"async\" width=\"690\" height=\"1024\" src=\"https:\/\/artesi.it\/wp-content\/uploads\/2025\/10\/premio-690x1024.jpg\" class=\"attachment-large size-large wp-image-12740\" alt=\"\" srcset=\"https:\/\/artesi.it\/wp-content\/uploads\/2025\/10\/premio-690x1024.jpg 690w, https:\/\/artesi.it\/wp-content\/uploads\/2025\/10\/premio-202x300.jpg 202w, https:\/\/artesi.it\/wp-content\/uploads\/2025\/10\/premio-768x1139.jpg 768w, https:\/\/artesi.it\/wp-content\/uploads\/2025\/10\/premio.jpg 1000w\" sizes=\"(max-width: 690px) 100vw, 690px\" \/>\t\t\t\t\t\t\t\t<\/a>\n\t\t\t\t\t\t\t\t\t\t\t\t\t\t\t<\/div>\n\t\t\t\t<\/div>\n\t\t\t\t\t<\/div>\n\t\t\t\t<\/div>\n\t\t<div class=\"elementor-element elementor-element-1e6448e e-flex e-con-boxed e-con e-parent\" data-id=\"1e6448e\" data-element_type=\"container\" data-e-type=\"container\">\n\t\t\t\t\t<div class=\"e-con-inner\">\n\t\t<div class=\"elementor-element elementor-element-5dc239f e-con-full e-flex e-con e-child\" data-id=\"5dc239f\" data-element_type=\"container\" data-e-type=\"container\">\n\t\t\t\t<div class=\"elementor-element elementor-element-8732ab8 elementor-widget__width-initial elementor-widget-divider--view-line elementor-widget elementor-widget-divider\" data-id=\"8732ab8\" data-element_type=\"widget\" data-e-type=\"widget\" data-widget_type=\"divider.default\">\n\t\t\t\t\t\t\t<div class=\"elementor-divider\">\n\t\t\t<span class=\"elementor-divider-separator\">\n\t\t\t\t\t\t<\/span>\n\t\t<\/div>\n\t\t\t\t\t\t<\/div>\n\t\t\t\t<div class=\"elementor-element elementor-element-e54b8c7 elementor-widget__width-initial elementor-widget elementor-widget-heading\" data-id=\"e54b8c7\" data-element_type=\"widget\" data-e-type=\"widget\" data-widget_type=\"heading.default\">\n\t\t\t\t\t<h2 class=\"elementor-heading-title elementor-size-default\">Roller remporte le Red Dot 2025 : une nouvelle ic\u00f4ne pour l\u2019espace douche<\/h2>\t\t\t\t<\/div>\n\t\t\t\t<\/div>\n\t\t\t\t\t<\/div>\n\t\t\t\t<\/div>\n\t\t<div class=\"elementor-element elementor-element-6210b06 e-flex e-con-boxed e-con e-parent\" data-id=\"6210b06\" data-element_type=\"container\" data-e-type=\"container\">\n\t\t\t\t\t<div class=\"e-con-inner\">\n\t\t<div class=\"elementor-element elementor-element-d0c6c23 e-con-full e-flex e-con e-child\" data-id=\"d0c6c23\" data-element_type=\"container\" data-e-type=\"container\">\n\t\t\t\t<div class=\"elementor-element elementor-element-586e566 elementor-widget__width-initial elementor-widget elementor-widget-text-editor\" data-id=\"586e566\" data-element_type=\"widget\" data-e-type=\"widget\" data-widget_type=\"text-editor.default\">\n\t\t\t\t\t\t\t\t\t<p>Avec des lignes essentielles, une l\u00e9g\u00e8ret\u00e9 visuelle et un design qui meuble l\u2019espace, Roller \u2014 le syst\u00e8me de douche sign\u00e9 Agha et con\u00e7u par Enrico Cesana \u2014 a remport\u00e9 le Red Dot Design Award 2025 dans la cat\u00e9gorie Design Concept. Une distinction internationale qui c\u00e9l\u00e8bre l\u2019innovation et la force d\u2019un projet capable de red\u00e9finir l\u2019esth\u00e9tique de la salle de bain contemporaine. Un d\u00e9tail qui devient protagoniste.<\/p>\n\t\t\t\t\t\t\t\t<\/div>\n\t\t\t\t<\/div>\n\t\t<div class=\"elementor-element elementor-element-270a15d e-con-full e-flex e-con e-child\" data-id=\"270a15d\" data-element_type=\"container\" data-e-type=\"container\">\n\t\t\t\t<div class=\"elementor-element elementor-element-a70dc33 elementor-widget elementor-widget-image\" data-id=\"a70dc33\" data-element_type=\"widget\" data-e-type=\"widget\" data-widget_type=\"image.default\">\n\t\t\t\t\t\t\t\t\t\t\t\t\t\t\t<img decoding=\"async\" width=\"532\" height=\"303\" src=\"https:\/\/artesi.it\/wp-content\/uploads\/2025\/07\/DC2025_Winner-red.png\" class=\"attachment-large size-large wp-image-10107\" alt=\"\" srcset=\"https:\/\/artesi.it\/wp-content\/uploads\/2025\/07\/DC2025_Winner-red.png 532w, https:\/\/artesi.it\/wp-content\/uploads\/2025\/07\/DC2025_Winner-red-300x171.png 300w\" sizes=\"(max-width: 532px) 100vw, 532px\" \/>\t\t\t\t\t\t\t\t\t\t\t\t\t\t\t<\/div>\n\t\t\t\t<\/div>\n\t\t\t\t\t<\/div>\n\t\t\t\t<\/div>\n\t\t<div class=\"elementor-element elementor-element-ee7ac16 e-flex e-con-boxed e-con e-parent\" data-id=\"ee7ac16\" data-element_type=\"container\" data-e-type=\"container\">\n\t\t\t\t\t<div class=\"e-con-inner\">\n\t\t<div class=\"elementor-element elementor-element-83cdd8e e-con-full e-flex e-con e-child\" data-id=\"83cdd8e\" data-element_type=\"container\" data-e-type=\"container\">\n\t\t\t\t<div class=\"elementor-element elementor-element-90895ff elementor-widget__width-initial elementor-widget-divider--view-line elementor-widget elementor-widget-divider\" data-id=\"90895ff\" data-element_type=\"widget\" data-e-type=\"widget\" data-widget_type=\"divider.default\">\n\t\t\t\t\t\t\t<div class=\"elementor-divider\">\n\t\t\t<span class=\"elementor-divider-separator\">\n\t\t\t\t\t\t<\/span>\n\t\t<\/div>\n\t\t\t\t\t\t<\/div>\n\t\t\t\t<div class=\"elementor-element elementor-element-8504532 elementor-widget__width-initial elementor-widget elementor-widget-heading\" data-id=\"8504532\" data-element_type=\"widget\" data-e-type=\"widget\" data-widget_type=\"heading.default\">\n\t\t\t\t\t<h2 class=\"elementor-heading-title elementor-size-default\">Ardeco et Artesi parmi les laur\u00e9ats des CASUM Design Awards 2025<\/h2>\t\t\t\t<\/div>\n\t\t\t\t<\/div>\n\t\t\t\t\t<\/div>\n\t\t\t\t<\/div>\n\t\t<div class=\"elementor-element elementor-element-f50d86c e-flex e-con-boxed e-con e-parent\" data-id=\"f50d86c\" data-element_type=\"container\" data-e-type=\"container\">\n\t\t\t\t\t<div class=\"e-con-inner\">\n\t\t<div class=\"elementor-element elementor-element-0557a91 e-con-full e-flex e-con e-child\" data-id=\"0557a91\" data-element_type=\"container\" data-e-type=\"container\">\n\t\t\t\t<div class=\"elementor-element elementor-element-631e1d2 elementor-widget__width-initial elementor-widget elementor-widget-text-editor\" data-id=\"631e1d2\" data-element_type=\"widget\" data-e-type=\"widget\" data-widget_type=\"text-editor.default\">\n\t\t\t\t\t\t\t\t\t<p>Les collections <strong>Fontanile <\/strong>d\u2019Ardeco et <strong>Slide<\/strong> d\u2019Artesi ont \u00e9t\u00e9 r\u00e9compens\u00e9es aux <strong>CASUM Design Awards 2025<\/strong>, une distinction d\u00e9di\u00e9e \u00e0 l\u2019excellence dans le design de l\u2019am\u00e9nagement de salle de bain.<br \/>Fontanile s\u00e9duit par l\u2019\u00e9l\u00e9gance intemporelle du verre cannel\u00e9, l\u2019\u00e9quilibre des mati\u00e8res et le raffin\u00e9 cadre en aluminium, tandis que Slide se distingue par la coupe oblique de la porte, qui devient le signe distinctif d\u2019un syst\u00e8me modulaire essentiel, \u00e9l\u00e9gant et fonctionnel.<br \/>Deux visions diff\u00e9rentes, r\u00e9unies par un objectif commun : innover \u00e0 travers le design<\/p>\n\t\t\t\t\t\t\t\t<\/div>\n\t\t\t\t<\/div>\n\t\t<div class=\"elementor-element elementor-element-e529b10 e-con-full e-flex e-con e-child\" data-id=\"e529b10\" data-element_type=\"container\" data-e-type=\"container\">\n\t\t\t\t<div class=\"elementor-element elementor-element-279c654 elementor-widget elementor-widget-image\" data-id=\"279c654\" data-element_type=\"widget\" data-e-type=\"widget\" data-widget_type=\"image.default\">\n\t\t\t\t\t\t\t\t\t\t\t\t\t\t\t<img decoding=\"async\" width=\"800\" height=\"533\" src=\"https:\/\/artesi.it\/wp-content\/uploads\/2025\/07\/ebeebc8a-3b75-e3de-8579-600c98ad0401-1024x682.jpg\" class=\"attachment-large size-large wp-image-12490\" alt=\"\" srcset=\"https:\/\/artesi.it\/wp-content\/uploads\/2025\/07\/ebeebc8a-3b75-e3de-8579-600c98ad0401-1024x682.jpg 1024w, https:\/\/artesi.it\/wp-content\/uploads\/2025\/07\/ebeebc8a-3b75-e3de-8579-600c98ad0401-300x200.jpg 300w, https:\/\/artesi.it\/wp-content\/uploads\/2025\/07\/ebeebc8a-3b75-e3de-8579-600c98ad0401-768x512.jpg 768w, https:\/\/artesi.it\/wp-content\/uploads\/2025\/07\/ebeebc8a-3b75-e3de-8579-600c98ad0401-1536x1024.jpg 1536w, https:\/\/artesi.it\/wp-content\/uploads\/2025\/07\/ebeebc8a-3b75-e3de-8579-600c98ad0401.jpg 2000w\" sizes=\"(max-width: 800px) 100vw, 800px\" \/>\t\t\t\t\t\t\t\t\t\t\t\t\t\t\t<\/div>\n\t\t\t\t<\/div>\n\t\t\t\t\t<\/div>\n\t\t\t\t<\/div>\n\t\t<div class=\"elementor-element elementor-element-3775085 e-flex e-con-boxed e-con e-parent\" data-id=\"3775085\" data-element_type=\"container\" data-e-type=\"container\">\n\t\t\t\t\t<div class=\"e-con-inner\">\n\t\t<div class=\"elementor-element elementor-element-ca6c079 e-con-full e-flex e-con e-child\" data-id=\"ca6c079\" data-element_type=\"container\" data-e-type=\"container\">\n\t\t\t\t<div class=\"elementor-element elementor-element-dfe6604 elementor-widget__width-initial elementor-widget-divider--view-line elementor-widget elementor-widget-divider\" data-id=\"dfe6604\" data-element_type=\"widget\" data-e-type=\"widget\" data-widget_type=\"divider.default\">\n\t\t\t\t\t\t\t<div class=\"elementor-divider\">\n\t\t\t<span class=\"elementor-divider-separator\">\n\t\t\t\t\t\t<\/span>\n\t\t<\/div>\n\t\t\t\t\t\t<\/div>\n\t\t\t\t<div class=\"elementor-element elementor-element-ec5025f elementor-widget__width-initial elementor-widget elementor-widget-heading\" data-id=\"ec5025f\" data-element_type=\"widget\" data-e-type=\"widget\" data-widget_type=\"heading.default\">\n\t\t\t\t\t<h2 class=\"elementor-heading-title elementor-size-default\">Artesi remporte l\u2019ADI Ceramics &amp; Bathroom Design Award 2024 avec Shaker<\/h2>\t\t\t\t<\/div>\n\t\t\t\t<\/div>\n\t\t\t\t\t<\/div>\n\t\t\t\t<\/div>\n\t\t<div class=\"elementor-element elementor-element-d4f274b e-flex e-con-boxed e-con e-parent\" data-id=\"d4f274b\" data-element_type=\"container\" data-e-type=\"container\">\n\t\t\t\t\t<div class=\"e-con-inner\">\n\t\t<div class=\"elementor-element elementor-element-ae81a0e e-con-full e-flex e-con e-child\" data-id=\"ae81a0e\" data-element_type=\"container\" data-e-type=\"container\">\n\t\t\t\t<div class=\"elementor-element elementor-element-fb78a90 elementor-widget__width-initial elementor-widget elementor-widget-text-editor\" data-id=\"fb78a90\" data-element_type=\"widget\" data-e-type=\"widget\" data-widget_type=\"text-editor.default\">\n\t\t\t\t\t\t\t\t\t<p><strong>Shaker<\/strong>, con\u00e7u par <strong>Odo Fioravanti<\/strong> pour Artesi, a \u00e9t\u00e9 r\u00e9compens\u00e9 lors de l\u2019\u00e9dition 2024 de l\u2019<strong>ADI Ceramics &amp; Bathroom Design Award<\/strong>, une distinction qui met en valeur l\u2019excellence du design dans les secteurs de la c\u00e9ramique et de l\u2019am\u00e9nagement de salle de bain.<br \/>Le projet interpr\u00e8te de mani\u00e8re innovante la simplicit\u00e9 fonctionnelle en s\u2019inspirant des principes Shaker. Gr\u00e2ce \u00e0 deux profils \u00e0 T pli\u00e9s, la base modulaire et minimaliste permet de suspendre tous les composants au mur. L\u2019approche sobre et rationnelle donne vie \u00e0 une solution d\u2019ameublement polyvalente et contemporaine, o\u00f9 fonctionnalit\u00e9 et esth\u00e9tique constructive se fondent parfaitement.<\/p>\n\t\t\t\t\t\t\t\t<\/div>\n\t\t\t\t<\/div>\n\t\t<div class=\"elementor-element elementor-element-e355b76 e-con-full e-flex e-con e-child\" data-id=\"e355b76\" data-element_type=\"container\" data-e-type=\"container\">\n\t\t\t\t<div class=\"elementor-element elementor-element-6c9aa0e elementor-widget elementor-widget-image\" data-id=\"6c9aa0e\" data-element_type=\"widget\" data-e-type=\"widget\" data-widget_type=\"image.default\">\n\t\t\t\t\t\t\t\t\t\t\t\t\t\t\t<img loading=\"lazy\" decoding=\"async\" width=\"700\" height=\"247\" src=\"https:\/\/artesi.it\/wp-content\/uploads\/2025\/07\/5208.jpg\" class=\"attachment-large size-large wp-image-12483\" alt=\"\" srcset=\"https:\/\/artesi.it\/wp-content\/uploads\/2025\/07\/5208.jpg 700w, https:\/\/artesi.it\/wp-content\/uploads\/2025\/07\/5208-300x106.jpg 300w\" sizes=\"(max-width: 700px) 100vw, 700px\" \/>\t\t\t\t\t\t\t\t\t\t\t\t\t\t\t<\/div>\n\t\t\t\t<\/div>\n\t\t\t\t\t<\/div>\n\t\t\t\t<\/div>\n\t\t\t\t<\/div>\n\t\t","protected":false},"excerpt":{"rendered":"<p>Artesi remporte l\u2019ADI Design Award 2025 avec la collection Loop d\u2019Enrico Cesana pour Ardeco \u00c0 l\u2019occasion de Cersaie 2025, le Groupe Artesi a remport\u00e9 l\u2019ADI Ceramics &amp; Bathroom Design Award gr\u00e2ce \u00e0 la collection Loop, con\u00e7ue par Enrico Cesana pour Ardeco. Ce projet constitue un exemple remarquable de design circulaire, alliant durabilit\u00e9 et innovation : [&hellip;]<\/p>\n","protected":false},"author":1,"featured_media":0,"parent":0,"menu_order":0,"comment_status":"closed","ping_status":"closed","template":"elementor_header_footer","meta":{"footnotes":""},"class_list":["post-13113","page","type-page","status-publish","hentry"],"yoast_head":"<!-- This site is optimized with the Yoast SEO plugin v27.5 - https:\/\/yoast.com\/product\/yoast-seo-wordpress\/ -->\n<title>Distinctions &amp; Awards - Artesi<\/title>\n<meta name=\"description\" content=\"Du Red Dot au Good Design\u00a0: tous les prix internationaux remport\u00e9s par les collections Artesi, Ardeco et Agha. En savoir plus.\" \/>\n<meta name=\"robots\" content=\"index, follow, max-snippet:-1, max-image-preview:large, max-video-preview:-1\" \/>\n<link rel=\"canonical\" href=\"https:\/\/artesi.it\/fr\/distinctions\/\" \/>\n<meta property=\"og:locale\" content=\"fr_FR\" \/>\n<meta property=\"og:type\" content=\"article\" \/>\n<meta property=\"og:title\" content=\"Distinctions &amp; Awards - Artesi\" \/>\n<meta property=\"og:description\" content=\"Du Red Dot au Good Design\u00a0: tous les prix internationaux remport\u00e9s par les collections Artesi, Ardeco et Agha. En savoir plus.\" \/>\n<meta property=\"og:url\" content=\"https:\/\/artesi.it\/fr\/distinctions\/\" \/>\n<meta property=\"og:site_name\" content=\"Artesi\" \/>\n<meta property=\"article:modified_time\" content=\"2026-01-20T09:28:54+00:00\" \/>\n<meta property=\"og:image\" content=\"https:\/\/artesi.it\/wp-content\/uploads\/2025\/10\/premio.jpg\" \/>\n\t<meta property=\"og:image:width\" content=\"1000\" \/>\n\t<meta property=\"og:image:height\" content=\"1483\" \/>\n\t<meta property=\"og:image:type\" content=\"image\/jpeg\" \/>\n<meta name=\"twitter:card\" content=\"summary_large_image\" \/>\n<meta name=\"twitter:label1\" content=\"Dur\u00e9e de lecture estim\u00e9e\" \/>\n\t<meta name=\"twitter:data1\" content=\"2 minutes\" \/>\n<script type=\"application\/ld+json\" class=\"yoast-schema-graph\">{\"@context\":\"https:\\\/\\\/schema.org\",\"@graph\":[{\"@type\":\"WebPage\",\"@id\":\"https:\\\/\\\/artesi.it\\\/fr\\\/distinctions\\\/\",\"url\":\"https:\\\/\\\/artesi.it\\\/fr\\\/distinctions\\\/\",\"name\":\"Distinctions & Awards - Artesi\",\"isPartOf\":{\"@id\":\"https:\\\/\\\/artesi.it\\\/fr\\\/#website\"},\"primaryImageOfPage\":{\"@id\":\"https:\\\/\\\/artesi.it\\\/fr\\\/distinctions\\\/#primaryimage\"},\"image\":{\"@id\":\"https:\\\/\\\/artesi.it\\\/fr\\\/distinctions\\\/#primaryimage\"},\"thumbnailUrl\":\"https:\\\/\\\/artesi.it\\\/wp-content\\\/uploads\\\/2025\\\/10\\\/premio-690x1024.jpg\",\"datePublished\":\"2025-07-16T09:15:26+00:00\",\"dateModified\":\"2026-01-20T09:28:54+00:00\",\"description\":\"Du Red Dot au Good Design\u00a0: tous les prix internationaux remport\u00e9s par les collections Artesi, Ardeco et Agha. En savoir plus.\",\"breadcrumb\":{\"@id\":\"https:\\\/\\\/artesi.it\\\/fr\\\/distinctions\\\/#breadcrumb\"},\"inLanguage\":\"fr-FR\",\"potentialAction\":[{\"@type\":\"ReadAction\",\"target\":[\"https:\\\/\\\/artesi.it\\\/fr\\\/distinctions\\\/\"]}]},{\"@type\":\"ImageObject\",\"inLanguage\":\"fr-FR\",\"@id\":\"https:\\\/\\\/artesi.it\\\/fr\\\/distinctions\\\/#primaryimage\",\"url\":\"https:\\\/\\\/artesi.it\\\/wp-content\\\/uploads\\\/2025\\\/10\\\/premio-690x1024.jpg\",\"contentUrl\":\"https:\\\/\\\/artesi.it\\\/wp-content\\\/uploads\\\/2025\\\/10\\\/premio-690x1024.jpg\"},{\"@type\":\"BreadcrumbList\",\"@id\":\"https:\\\/\\\/artesi.it\\\/fr\\\/distinctions\\\/#breadcrumb\",\"itemListElement\":[{\"@type\":\"ListItem\",\"position\":1,\"name\":\"Home\",\"item\":\"https:\\\/\\\/artesi.it\\\/fr\\\/\"},{\"@type\":\"ListItem\",\"position\":2,\"name\":\"Distinctions\"}]},{\"@type\":\"WebSite\",\"@id\":\"https:\\\/\\\/artesi.it\\\/fr\\\/#website\",\"url\":\"https:\\\/\\\/artesi.it\\\/fr\\\/\",\"name\":\"Artesi\",\"description\":\"\",\"publisher\":{\"@id\":\"https:\\\/\\\/artesi.it\\\/fr\\\/#organization\"},\"potentialAction\":[{\"@type\":\"SearchAction\",\"target\":{\"@type\":\"EntryPoint\",\"urlTemplate\":\"https:\\\/\\\/artesi.it\\\/fr\\\/?s={search_term_string}\"},\"query-input\":{\"@type\":\"PropertyValueSpecification\",\"valueRequired\":true,\"valueName\":\"search_term_string\"}}],\"inLanguage\":\"fr-FR\"},{\"@type\":\"Organization\",\"@id\":\"https:\\\/\\\/artesi.it\\\/fr\\\/#organization\",\"name\":\"Artesi\",\"url\":\"https:\\\/\\\/artesi.it\\\/fr\\\/\",\"logo\":{\"@type\":\"ImageObject\",\"inLanguage\":\"fr-FR\",\"@id\":\"https:\\\/\\\/artesi.it\\\/fr\\\/#\\\/schema\\\/logo\\\/image\\\/\",\"url\":\"https:\\\/\\\/artesi.it\\\/wp-content\\\/uploads\\\/2025\\\/04\\\/LOGHI_ridimensionati-Artesigroup.png\",\"contentUrl\":\"https:\\\/\\\/artesi.it\\\/wp-content\\\/uploads\\\/2025\\\/04\\\/LOGHI_ridimensionati-Artesigroup.png\",\"width\":1200,\"height\":138,\"caption\":\"Artesi\"},\"image\":{\"@id\":\"https:\\\/\\\/artesi.it\\\/fr\\\/#\\\/schema\\\/logo\\\/image\\\/\"}}]}<\/script>\n<!-- \/ Yoast SEO plugin. -->","yoast_head_json":{"title":"Distinctions & Awards - Artesi","description":"Du Red Dot au Good Design\u00a0: tous les prix internationaux remport\u00e9s par les collections Artesi, Ardeco et Agha. En savoir plus.","robots":{"index":"index","follow":"follow","max-snippet":"max-snippet:-1","max-image-preview":"max-image-preview:large","max-video-preview":"max-video-preview:-1"},"canonical":"https:\/\/artesi.it\/fr\/distinctions\/","og_locale":"fr_FR","og_type":"article","og_title":"Distinctions & Awards - Artesi","og_description":"Du Red Dot au Good Design\u00a0: tous les prix internationaux remport\u00e9s par les collections Artesi, Ardeco et Agha. En savoir plus.","og_url":"https:\/\/artesi.it\/fr\/distinctions\/","og_site_name":"Artesi","article_modified_time":"2026-01-20T09:28:54+00:00","og_image":[{"width":1000,"height":1483,"url":"https:\/\/artesi.it\/wp-content\/uploads\/2025\/10\/premio.jpg","type":"image\/jpeg"}],"twitter_card":"summary_large_image","twitter_misc":{"Dur\u00e9e de lecture estim\u00e9e":"2 minutes"},"schema":{"@context":"https:\/\/schema.org","@graph":[{"@type":"WebPage","@id":"https:\/\/artesi.it\/fr\/distinctions\/","url":"https:\/\/artesi.it\/fr\/distinctions\/","name":"Distinctions & Awards - Artesi","isPartOf":{"@id":"https:\/\/artesi.it\/fr\/#website"},"primaryImageOfPage":{"@id":"https:\/\/artesi.it\/fr\/distinctions\/#primaryimage"},"image":{"@id":"https:\/\/artesi.it\/fr\/distinctions\/#primaryimage"},"thumbnailUrl":"https:\/\/artesi.it\/wp-content\/uploads\/2025\/10\/premio-690x1024.jpg","datePublished":"2025-07-16T09:15:26+00:00","dateModified":"2026-01-20T09:28:54+00:00","description":"Du Red Dot au Good Design\u00a0: tous les prix internationaux remport\u00e9s par les collections Artesi, Ardeco et Agha. En savoir plus.","breadcrumb":{"@id":"https:\/\/artesi.it\/fr\/distinctions\/#breadcrumb"},"inLanguage":"fr-FR","potentialAction":[{"@type":"ReadAction","target":["https:\/\/artesi.it\/fr\/distinctions\/"]}]},{"@type":"ImageObject","inLanguage":"fr-FR","@id":"https:\/\/artesi.it\/fr\/distinctions\/#primaryimage","url":"https:\/\/artesi.it\/wp-content\/uploads\/2025\/10\/premio-690x1024.jpg","contentUrl":"https:\/\/artesi.it\/wp-content\/uploads\/2025\/10\/premio-690x1024.jpg"},{"@type":"BreadcrumbList","@id":"https:\/\/artesi.it\/fr\/distinctions\/#breadcrumb","itemListElement":[{"@type":"ListItem","position":1,"name":"Home","item":"https:\/\/artesi.it\/fr\/"},{"@type":"ListItem","position":2,"name":"Distinctions"}]},{"@type":"WebSite","@id":"https:\/\/artesi.it\/fr\/#website","url":"https:\/\/artesi.it\/fr\/","name":"Artesi","description":"","publisher":{"@id":"https:\/\/artesi.it\/fr\/#organization"},"potentialAction":[{"@type":"SearchAction","target":{"@type":"EntryPoint","urlTemplate":"https:\/\/artesi.it\/fr\/?s={search_term_string}"},"query-input":{"@type":"PropertyValueSpecification","valueRequired":true,"valueName":"search_term_string"}}],"inLanguage":"fr-FR"},{"@type":"Organization","@id":"https:\/\/artesi.it\/fr\/#organization","name":"Artesi","url":"https:\/\/artesi.it\/fr\/","logo":{"@type":"ImageObject","inLanguage":"fr-FR","@id":"https:\/\/artesi.it\/fr\/#\/schema\/logo\/image\/","url":"https:\/\/artesi.it\/wp-content\/uploads\/2025\/04\/LOGHI_ridimensionati-Artesigroup.png","contentUrl":"https:\/\/artesi.it\/wp-content\/uploads\/2025\/04\/LOGHI_ridimensionati-Artesigroup.png","width":1200,"height":138,"caption":"Artesi"},"image":{"@id":"https:\/\/artesi.it\/fr\/#\/schema\/logo\/image\/"}}]}},"_links":{"self":[{"href":"https:\/\/artesi.it\/fr\/wp-json\/wp\/v2\/pages\/13113","targetHints":{"allow":["GET"]}}],"collection":[{"href":"https:\/\/artesi.it\/fr\/wp-json\/wp\/v2\/pages"}],"about":[{"href":"https:\/\/artesi.it\/fr\/wp-json\/wp\/v2\/types\/page"}],"author":[{"embeddable":true,"href":"https:\/\/artesi.it\/fr\/wp-json\/wp\/v2\/users\/1"}],"replies":[{"embeddable":true,"href":"https:\/\/artesi.it\/fr\/wp-json\/wp\/v2\/comments?post=13113"}],"version-history":[{"count":2,"href":"https:\/\/artesi.it\/fr\/wp-json\/wp\/v2\/pages\/13113\/revisions"}],"predecessor-version":[{"id":15538,"href":"https:\/\/artesi.it\/fr\/wp-json\/wp\/v2\/pages\/13113\/revisions\/15538"}],"wp:attachment":[{"href":"https:\/\/artesi.it\/fr\/wp-json\/wp\/v2\/media?parent=13113"}],"curies":[{"name":"wp","href":"https:\/\/api.w.org\/{rel}","templated":true}]}}