{"id":13310,"date":"2025-07-17T11:25:26","date_gmt":"2025-07-17T09:25:26","guid":{"rendered":"https:\/\/artesi.it\/newsletter\/"},"modified":"2025-11-28T15:17:04","modified_gmt":"2025-11-28T14:17:04","slug":"newsletter","status":"publish","type":"page","link":"https:\/\/artesi.it\/fr\/newsletter\/","title":{"rendered":"Newsletter"},"content":{"rendered":"\t\t<div data-elementor-type=\"wp-page\" data-elementor-id=\"13310\" class=\"elementor elementor-13310 elementor-10444\" data-elementor-post-type=\"page\">\n\t\t\t\t<div class=\"elementor-element elementor-element-547e082 e-flex e-con-boxed e-con e-parent\" data-id=\"547e082\" data-element_type=\"container\" data-e-type=\"container\">\n\t\t\t\t\t<div class=\"e-con-inner\">\n\t\t<div class=\"elementor-element elementor-element-e1a6560 e-con-full e-flex e-con e-child\" data-id=\"e1a6560\" data-element_type=\"container\" data-e-type=\"container\">\n\t\t\t\t<div class=\"elementor-element elementor-element-be25bbf elementor-widget__width-initial elementor-widget-divider--view-line elementor-widget elementor-widget-divider\" data-id=\"be25bbf\" data-element_type=\"widget\" data-e-type=\"widget\" data-widget_type=\"divider.default\">\n\t\t\t\t\t\t\t<div class=\"elementor-divider\">\n\t\t\t<span class=\"elementor-divider-separator\">\n\t\t\t\t\t\t<\/span>\n\t\t<\/div>\n\t\t\t\t\t\t<\/div>\n\t\t\t\t<\/div>\n\t\t\t\t\t<\/div>\n\t\t\t\t<\/div>\n\t\t<div class=\"elementor-element elementor-element-6210b06 e-flex e-con-boxed e-con e-parent\" data-id=\"6210b06\" data-element_type=\"container\" data-e-type=\"container\">\n\t\t\t\t\t<div class=\"e-con-inner\">\n\t\t<div class=\"elementor-element elementor-element-d0c6c23 e-con-full e-flex e-con e-child\" data-id=\"d0c6c23\" data-element_type=\"container\" data-e-type=\"container\">\n\t\t\t\t<div class=\"elementor-element elementor-element-586e566 elementor-widget__width-initial elementor-widget elementor-widget-text-editor\" data-id=\"586e566\" data-element_type=\"widget\" data-e-type=\"widget\" data-widget_type=\"text-editor.default\">\n\t\t\t\t\t\t\t\t\t<p>La pr\u00e9sente note d\u2019information est fournie en application de l\u2019article 13 du d\u00e9cret l\u00e9gislatif n\u00b0 196\/2003 \u2013 Code en mati\u00e8re de protection des donn\u00e9es personnelles, ainsi que des articles 13-14 du R\u00e8glement (UE) 2016\/679.<\/p>\n<p>La newsletter d\u2019Artesi srl est envoy\u00e9e par courrier \u00e9lectronique uniquement aux personnes qui en font la demande explicite en remplissant le formulaire pr\u00e9sent sur cette page et en autorisant Artesi srl \u00e0 traiter leurs donn\u00e9es personnelles.<\/p>\n<p>La fourniture des donn\u00e9es est facultative. Le refus de communiquer les donn\u00e9es entra\u00eene l\u2019impossibilit\u00e9 d\u2019obtenir le service de newsletter.<\/p>\n<p><strong>Finalit\u00e9 du traitement<\/strong><\/p>\n<p>Les donn\u00e9es personnelles fournies par les utilisateurs sont utilis\u00e9es uniquement pour l\u2019envoi de la newsletter et ne seront pas communiqu\u00e9es \u00e0 des tiers.<\/p>\n<p><strong>Modalit\u00e9s de traitement des donn\u00e9es<\/strong><\/p>\n<p>Les donn\u00e9es collect\u00e9es sont trait\u00e9es au moyen d\u2019outils informatiques.<\/p>\n<p>Des mesures de s\u00e9curit\u00e9 appropri\u00e9es sont adopt\u00e9es afin de pr\u00e9venir la perte des donn\u00e9es, les usages illicites ou incorrects ainsi que les acc\u00e8s non autoris\u00e9s.<\/p>\n<p><strong>Responsable du traitement<\/strong><\/p>\n<p>Le responsable du traitement des donn\u00e9es collect\u00e9es est Artesi srl, dont le si\u00e8ge social est situ\u00e9 Via A. Carpen\u00e8, 4 \u2013 33070 Maron di Brugnera (PN).<\/p>\n<p>Les op\u00e9rations de traitement li\u00e9es au service newsletter ont lieu au si\u00e8ge susmentionn\u00e9 et sont effectu\u00e9es par le personnel de l\u2019entreprise.<\/p>\n<p><strong>Sous-traitant du traitement<\/strong><\/p>\n<p>En cas de n\u00e9cessit\u00e9, pour les activit\u00e9s li\u00e9es \u00e0 la maintenance de la partie technologique du site, les donn\u00e9es relatives au service newsletter peuvent \u00eatre trait\u00e9es par des personnes d\u00e9sign\u00e9es par la soci\u00e9t\u00e9, en qualit\u00e9 de sous-traitant du traitement conform\u00e9ment \u00e0 l\u2019article 29 du Code en mati\u00e8re de protection des donn\u00e9es personnelles et aux articles 28 du R\u00e8glement (UE) 2016\/679.<\/p>\n<p><strong>Droits des personnes concern\u00e9es<\/strong><\/p>\n<p>Les personnes auxquelles se r\u00e9f\u00e8rent les donn\u00e9es personnelles ont le droit, \u00e0 tout moment, d\u2019obtenir la confirmation de l\u2019existence ou non de ces donn\u00e9es et d\u2019en conna\u00eetre le contenu et l\u2019origine, d\u2019en v\u00e9rifier l\u2019exactitude ou d\u2019en demander l\u2019int\u00e9gration, la mise \u00e0 jour ou la rectification (article 7 du Code en mati\u00e8re de protection des donn\u00e9es personnelles et articles 15-22 du R\u00e8glement (UE) 2016\/679).<\/p>\n<p>Conform\u00e9ment au m\u00eame article, elles ont \u00e9galement le droit de demander l\u2019effacement, la transformation en forme anonyme ou le blocage des donn\u00e9es trait\u00e9es en violation de la loi, ainsi que de s\u2019opposer, pour des motifs l\u00e9gitimes, \u00e0 leur traitement.<\/p>\n<p>Les demandes doivent \u00eatre adress\u00e9es \u00e0 :<\/p>\n<p><strong>Artesi srl<\/strong><\/p>\n<p>Adresse : Via A. Carpen\u00e8, 4 \u2013 33070 Maron di Brugnera (PN)<\/p>\n<p>T\u00e9l. : +39 0434 735353 \u2013 Fax : &#8211;<\/p>\n<p>\u2013 ou par courrier \u00e9lectronique \u00e0 l\u2019adresse : info@artesigroup.it<\/p>\n<p>Pour de plus amples informations, veuillez consulter \u00e9galement la politique de confidentialit\u00e9 du site (<a href=\"https:\/\/privacypolicygenerator.it\/artesi.it\/privacy-policy\/\">artesi.it\/privacy-policy\/<\/a>) d\u2019Artesi srl.<\/p>\n<p>En cas de probl\u00e8me, veuillez envoyer un e-mail \u00e0 : info@artesigroup.it<\/p>\n<p><strong>SUPPRESSION DU SERVICE<\/strong><\/p>\n<p>Pour ne plus recevoir la newsletter, veuillez saisir votre adresse e-mail dans le formulaire pr\u00e9sent sur cette page et cliquer sur le bouton \u00ab Annuler l\u2019inscription \u00bb.<\/p>\n<p>En cas de probl\u00e8me, veuillez envoyer un e-mail \u00e0 : info@artesigroup.it<\/p>\n\t\t\t\t\t\t\t\t<\/div>\n\t\t\t\t<\/div>\n\t\t\t\t\t<\/div>\n\t\t\t\t<\/div>\n\t\t\t\t<\/div>\n\t\t","protected":false},"excerpt":{"rendered":"<p>La pr\u00e9sente note d\u2019information est fournie en application de l\u2019article 13 du d\u00e9cret l\u00e9gislatif n\u00b0 196\/2003 \u2013 Code en mati\u00e8re de protection des donn\u00e9es personnelles, ainsi que des articles 13-14 du R\u00e8glement (UE) 2016\/679. La newsletter d\u2019Artesi srl est envoy\u00e9e par courrier \u00e9lectronique uniquement aux personnes qui en font la demande explicite en remplissant le [&hellip;]<\/p>\n","protected":false},"author":1,"featured_media":0,"parent":0,"menu_order":0,"comment_status":"closed","ping_status":"closed","template":"elementor_header_footer","meta":{"footnotes":""},"class_list":["post-13310","page","type-page","status-publish","hentry"],"yoast_head":"<!-- This site is optimized with the Yoast SEO plugin v27.5 - https:\/\/yoast.com\/product\/yoast-seo-wordpress\/ -->\n<title>Newsletter - Artesi<\/title>\n<meta name=\"robots\" content=\"index, follow, max-snippet:-1, max-image-preview:large, max-video-preview:-1\" \/>\n<link rel=\"canonical\" href=\"https:\/\/artesi.it\/fr\/newsletter\/\" \/>\n<meta property=\"og:locale\" content=\"fr_FR\" \/>\n<meta property=\"og:type\" content=\"article\" \/>\n<meta property=\"og:title\" content=\"Newsletter - Artesi\" \/>\n<meta property=\"og:description\" content=\"La pr\u00e9sente note d\u2019information est fournie en application de l\u2019article 13 du d\u00e9cret l\u00e9gislatif n\u00b0 196\/2003 \u2013 Code en mati\u00e8re de protection des donn\u00e9es personnelles, ainsi que des articles 13-14 du R\u00e8glement (UE) 2016\/679. La newsletter d\u2019Artesi srl est envoy\u00e9e par courrier \u00e9lectronique uniquement aux personnes qui en font la demande explicite en remplissant le [&hellip;]\" \/>\n<meta property=\"og:url\" content=\"https:\/\/artesi.it\/fr\/newsletter\/\" \/>\n<meta property=\"og:site_name\" content=\"Artesi\" \/>\n<meta property=\"article:modified_time\" content=\"2025-11-28T14:17:04+00:00\" \/>\n<meta name=\"twitter:card\" content=\"summary_large_image\" \/>\n<meta name=\"twitter:label1\" content=\"Dur\u00e9e de lecture estim\u00e9e\" \/>\n\t<meta name=\"twitter:data1\" content=\"3 minutes\" \/>\n<script type=\"application\/ld+json\" class=\"yoast-schema-graph\">{\"@context\":\"https:\\\/\\\/schema.org\",\"@graph\":[{\"@type\":\"WebPage\",\"@id\":\"https:\\\/\\\/artesi.it\\\/fr\\\/newsletter\\\/\",\"url\":\"https:\\\/\\\/artesi.it\\\/fr\\\/newsletter\\\/\",\"name\":\"Newsletter - Artesi\",\"isPartOf\":{\"@id\":\"https:\\\/\\\/artesi.it\\\/fr\\\/#website\"},\"datePublished\":\"2025-07-17T09:25:26+00:00\",\"dateModified\":\"2025-11-28T14:17:04+00:00\",\"breadcrumb\":{\"@id\":\"https:\\\/\\\/artesi.it\\\/fr\\\/newsletter\\\/#breadcrumb\"},\"inLanguage\":\"fr-FR\",\"potentialAction\":[{\"@type\":\"ReadAction\",\"target\":[\"https:\\\/\\\/artesi.it\\\/fr\\\/newsletter\\\/\"]}]},{\"@type\":\"BreadcrumbList\",\"@id\":\"https:\\\/\\\/artesi.it\\\/fr\\\/newsletter\\\/#breadcrumb\",\"itemListElement\":[{\"@type\":\"ListItem\",\"position\":1,\"name\":\"Home\",\"item\":\"https:\\\/\\\/artesi.it\\\/fr\\\/\"},{\"@type\":\"ListItem\",\"position\":2,\"name\":\"Newsletter\"}]},{\"@type\":\"WebSite\",\"@id\":\"https:\\\/\\\/artesi.it\\\/fr\\\/#website\",\"url\":\"https:\\\/\\\/artesi.it\\\/fr\\\/\",\"name\":\"Artesi\",\"description\":\"\",\"publisher\":{\"@id\":\"https:\\\/\\\/artesi.it\\\/fr\\\/#organization\"},\"potentialAction\":[{\"@type\":\"SearchAction\",\"target\":{\"@type\":\"EntryPoint\",\"urlTemplate\":\"https:\\\/\\\/artesi.it\\\/fr\\\/?s={search_term_string}\"},\"query-input\":{\"@type\":\"PropertyValueSpecification\",\"valueRequired\":true,\"valueName\":\"search_term_string\"}}],\"inLanguage\":\"fr-FR\"},{\"@type\":\"Organization\",\"@id\":\"https:\\\/\\\/artesi.it\\\/fr\\\/#organization\",\"name\":\"Artesi\",\"url\":\"https:\\\/\\\/artesi.it\\\/fr\\\/\",\"logo\":{\"@type\":\"ImageObject\",\"inLanguage\":\"fr-FR\",\"@id\":\"https:\\\/\\\/artesi.it\\\/fr\\\/#\\\/schema\\\/logo\\\/image\\\/\",\"url\":\"https:\\\/\\\/artesi.it\\\/wp-content\\\/uploads\\\/2025\\\/04\\\/LOGHI_ridimensionati-Artesigroup.png\",\"contentUrl\":\"https:\\\/\\\/artesi.it\\\/wp-content\\\/uploads\\\/2025\\\/04\\\/LOGHI_ridimensionati-Artesigroup.png\",\"width\":1200,\"height\":138,\"caption\":\"Artesi\"},\"image\":{\"@id\":\"https:\\\/\\\/artesi.it\\\/fr\\\/#\\\/schema\\\/logo\\\/image\\\/\"}}]}<\/script>\n<!-- \/ Yoast SEO plugin. -->","yoast_head_json":{"title":"Newsletter - Artesi","robots":{"index":"index","follow":"follow","max-snippet":"max-snippet:-1","max-image-preview":"max-image-preview:large","max-video-preview":"max-video-preview:-1"},"canonical":"https:\/\/artesi.it\/fr\/newsletter\/","og_locale":"fr_FR","og_type":"article","og_title":"Newsletter - Artesi","og_description":"La pr\u00e9sente note d\u2019information est fournie en application de l\u2019article 13 du d\u00e9cret l\u00e9gislatif n\u00b0 196\/2003 \u2013 Code en mati\u00e8re de protection des donn\u00e9es personnelles, ainsi que des articles 13-14 du R\u00e8glement (UE) 2016\/679. La newsletter d\u2019Artesi srl est envoy\u00e9e par courrier \u00e9lectronique uniquement aux personnes qui en font la demande explicite en remplissant le [&hellip;]","og_url":"https:\/\/artesi.it\/fr\/newsletter\/","og_site_name":"Artesi","article_modified_time":"2025-11-28T14:17:04+00:00","twitter_card":"summary_large_image","twitter_misc":{"Dur\u00e9e de lecture estim\u00e9e":"3 minutes"},"schema":{"@context":"https:\/\/schema.org","@graph":[{"@type":"WebPage","@id":"https:\/\/artesi.it\/fr\/newsletter\/","url":"https:\/\/artesi.it\/fr\/newsletter\/","name":"Newsletter - Artesi","isPartOf":{"@id":"https:\/\/artesi.it\/fr\/#website"},"datePublished":"2025-07-17T09:25:26+00:00","dateModified":"2025-11-28T14:17:04+00:00","breadcrumb":{"@id":"https:\/\/artesi.it\/fr\/newsletter\/#breadcrumb"},"inLanguage":"fr-FR","potentialAction":[{"@type":"ReadAction","target":["https:\/\/artesi.it\/fr\/newsletter\/"]}]},{"@type":"BreadcrumbList","@id":"https:\/\/artesi.it\/fr\/newsletter\/#breadcrumb","itemListElement":[{"@type":"ListItem","position":1,"name":"Home","item":"https:\/\/artesi.it\/fr\/"},{"@type":"ListItem","position":2,"name":"Newsletter"}]},{"@type":"WebSite","@id":"https:\/\/artesi.it\/fr\/#website","url":"https:\/\/artesi.it\/fr\/","name":"Artesi","description":"","publisher":{"@id":"https:\/\/artesi.it\/fr\/#organization"},"potentialAction":[{"@type":"SearchAction","target":{"@type":"EntryPoint","urlTemplate":"https:\/\/artesi.it\/fr\/?s={search_term_string}"},"query-input":{"@type":"PropertyValueSpecification","valueRequired":true,"valueName":"search_term_string"}}],"inLanguage":"fr-FR"},{"@type":"Organization","@id":"https:\/\/artesi.it\/fr\/#organization","name":"Artesi","url":"https:\/\/artesi.it\/fr\/","logo":{"@type":"ImageObject","inLanguage":"fr-FR","@id":"https:\/\/artesi.it\/fr\/#\/schema\/logo\/image\/","url":"https:\/\/artesi.it\/wp-content\/uploads\/2025\/04\/LOGHI_ridimensionati-Artesigroup.png","contentUrl":"https:\/\/artesi.it\/wp-content\/uploads\/2025\/04\/LOGHI_ridimensionati-Artesigroup.png","width":1200,"height":138,"caption":"Artesi"},"image":{"@id":"https:\/\/artesi.it\/fr\/#\/schema\/logo\/image\/"}}]}},"_links":{"self":[{"href":"https:\/\/artesi.it\/fr\/wp-json\/wp\/v2\/pages\/13310","targetHints":{"allow":["GET"]}}],"collection":[{"href":"https:\/\/artesi.it\/fr\/wp-json\/wp\/v2\/pages"}],"about":[{"href":"https:\/\/artesi.it\/fr\/wp-json\/wp\/v2\/types\/page"}],"author":[{"embeddable":true,"href":"https:\/\/artesi.it\/fr\/wp-json\/wp\/v2\/users\/1"}],"replies":[{"embeddable":true,"href":"https:\/\/artesi.it\/fr\/wp-json\/wp\/v2\/comments?post=13310"}],"version-history":[{"count":1,"href":"https:\/\/artesi.it\/fr\/wp-json\/wp\/v2\/pages\/13310\/revisions"}],"predecessor-version":[{"id":13311,"href":"https:\/\/artesi.it\/fr\/wp-json\/wp\/v2\/pages\/13310\/revisions\/13311"}],"wp:attachment":[{"href":"https:\/\/artesi.it\/fr\/wp-json\/wp\/v2\/media?parent=13310"}],"curies":[{"name":"wp","href":"https:\/\/api.w.org\/{rel}","templated":true}]}}